{"id":966,"date":"2022-05-18T10:49:52","date_gmt":"2022-05-18T15:49:52","guid":{"rendered":"https:\/\/www.limadiscover.com\/tour\/lineas-de-nasca\/"},"modified":"2024-10-09T10:41:59","modified_gmt":"2024-10-09T15:41:59","slug":"lineas-de-nasca","status":"publish","type":"product","link":"https:\/\/www.limadiscover.com\/es\/tour\/lineas-de-nasca\/","title":{"rendered":"Lineas de Nasca Volando desde Pisco"},"content":{"rendered":"<h3>L\u00cdNEAS DE NAZCA DESDE PISCO F\u00c1CIL<\/h3>\n<h4>Volamos desde el Aeropuerto de Pisco\u00a0 a Solo tres Horas de Lima<\/h4>\n<p>&nbsp;<\/p>\n<p>Las L\u00edneas de Nazca es un lugar donde el misterio sigue presente, por eso hemos dise\u00f1ado un viaje especial, c\u00f3modo y r\u00e1pido para evitar un viaje agotador y tedioso. Organizamos el vuelo desde el Aeropuerto de Pisco a solo 3 horas de Lima y as\u00ed evitar un largo viaje de 7 horas de regreso a la ciudad de Nazca. Otra de las ventajas de volar desde Pisco, es que el vuelo durar\u00e1 m\u00e1s por lo que podremos ver m\u00e1s filas y evitar salir de madrugada desde Lima.<br \/>\nDurante el sobrevuelo a las L\u00edneas de Nazca, podr\u00e1s observar 19 de las figuras m\u00e1s enigm\u00e1ticas del mundo, entre las que se encuentran: la ballena, el mono, el loro, el perro; as\u00ed como el Astronauta, un \u00e1rbol, una flor, Fertilidad y Familia Real.<\/p>\n<p>L\u00edneas de Nazca F\u00e1cil Desde Ica Mas Islas Ballestas en Paracas A esta hermosa caminata a las L\u00edneas de Nazca se le puede agregar un lindo paseo a las Islas Ballestas en la reserva de Paracas, esta hermosa reserva natural est\u00e1 llena de vida y podemos observar una gran variedad de aves marinas, lobos marinos y ping\u00fcinos, si sales desde Ica tienes la oportunidad de hacer este tour ya que se encuentra muy cerca de las dunas de Huacachina y Paracas.<\/p>\n<p><strong>Nota importante:<\/strong> Para reservar este tour se requiere m\u00ednimo de 48 horas de anticipaci\u00f3n, pago anticipado y pasaporte en algunos casos causa mareos de vuelo, volar desde Pisco tiene muchas ventajas, es un poco m\u00e1s caro, pero mucho m\u00e1s c\u00f3modo y lo mejor de todo es que A solo 3 horas de Lima no tiene que madrugar y el regreso a su hotel ser\u00e1 a eso de las 5. Los vuelos est\u00e1n sujetos a cancelaci\u00f3n debido al mal clima y la variaci\u00f3n en el horario de vuelo.<\/p>\n","protected":false},"excerpt":{"rendered":"<p>L\u00cdNEAS DE NAZCA DESDE PISCO F\u00c1CIL Volamos desde el Aeropuerto de Pisco\u00a0 a Solo tres Horas de Lima &nbsp; Las [&hellip;]<\/p>\n","protected":false},"featured_media":3600,"template":"","meta":{"site-sidebar-layout":"default","site-content-layout":"default","ast-site-content-layout":"default","site-content-style":"default","site-sidebar-style":"default","ast-global-header-display":"","ast-banner-title-visibility":"","ast-main-header-display":"","ast-hfb-above-header-display":"","ast-hfb-below-header-display":"","ast-hfb-mobile-header-display":"","site-post-title":"","ast-breadcrumbs-content":"","ast-featured-img":"","footer-sml-layout":"","ast-disable-related-posts":"","theme-transparent-header-meta":"default","adv-header-id-meta":"","stick-header-meta":"default","header-above-stick-meta":"","header-main-stick-meta":"","header-below-stick-meta":"","astra-migrate-meta-layouts":"set","ast-page-background-enabled":"default","ast-page-background-meta":{"desktop":{"background-color":"var(--ast-global-color-5)","background-image":"","background-repeat":"repeat","background-position":"center center","background-size":"auto","background-attachment":"scroll","background-type":"","background-media":"","overlay-type":"","overlay-color":"","overlay-opacity":"","overlay-gradient":""},"tablet":{"background-color":"","background-image":"","background-repeat":"repeat","background-position":"center center","background-size":"auto","background-attachment":"scroll","background-type":"","background-media":"","overlay-type":"","overlay-color":"","overlay-opacity":"","overlay-gradient":""},"mobile":{"background-color":"","background-image":"","background-repeat":"repeat","background-position":"center center","background-size":"auto","background-attachment":"scroll","background-type":"","background-media":"","overlay-type":"","overlay-color":"","overlay-opacity":"","overlay-gradient":""}},"ast-content-background-meta":{"desktop":{"background-color":"var(--ast-global-color-4)","background-image":"","background-repeat":"repeat","background-position":"center center","background-size":"auto","background-attachment":"scroll","background-type":"","background-media":"","overlay-type":"","overlay-color":"","overlay-opacity":"","overlay-gradient":""},"tablet":{"background-color":"var(--ast-global-color-4)","background-image":"","background-repeat":"repeat","background-position":"center center","background-size":"auto","background-attachment":"scroll","background-type":"","background-media":"","overlay-type":"","overlay-color":"","overlay-opacity":"","overlay-gradient":""},"mobile":{"background-color":"var(--ast-global-color-4)","background-image":"","background-repeat":"repeat","background-position":"center center","background-size":"auto","background-attachment":"scroll","background-type":"","background-media":"","overlay-type":"","overlay-color":"","overlay-opacity":"","overlay-gradient":""}},"_joinchat":[]},"product_brand":[],"product_cat":[57,52],"product_tag":[],"class_list":{"0":"post-966","1":"product","2":"type-product","3":"status-publish","4":"has-post-thumbnail","6":"product_cat-nazca-es","7":"product_cat-paracas-es","8":"desktop-align-left","9":"tablet-align-left","10":"mobile-align-left","12":"first","13":"instock","14":"shipping-taxable","15":"purchasable","16":"product-type-simple"},"yoast_head":"<!-- This site is optimized with the Yoast SEO plugin v27.1.1 - https:\/\/yoast.com\/product\/yoast-seo-wordpress\/ -->\n<title>Lineas de Nasca Volando desde Pisco - LIMA DISCOVER - Tours en Lima - Huacachina - Tours Aeropuerto - City Tour<\/title>\n<meta name=\"description\" content=\"vuelo sobre las l\u00edneas de Nasca , descubre las l\u00edneas de Nasca y descubre sus misterios tour con vuelo y gu\u00eda incluidos , l\u00edneas de nazca desde Ica\" \/>\n<meta name=\"robots\" content=\"index, follow, max-snippet:-1, max-image-preview:large, max-video-preview:-1\" \/>\n<link rel=\"canonical\" href=\"https:\/\/www.limadiscover.com\/es\/tour\/lineas-de-nasca\/\" \/>\n<meta property=\"og:locale\" content=\"es_ES\" \/>\n<meta property=\"og:type\" content=\"article\" \/>\n<meta property=\"og:title\" content=\"Lineas de Nasca Volando desde Pisco - LIMA DISCOVER - Tours en Lima - Huacachina - Tours Aeropuerto - City Tour\" \/>\n<meta property=\"og:description\" content=\"vuelo sobre las l\u00edneas de Nasca , descubre las l\u00edneas de Nasca y descubre sus misterios tour con vuelo y gu\u00eda incluidos , l\u00edneas de nazca desde Ica\" \/>\n<meta property=\"og:url\" content=\"https:\/\/www.limadiscover.com\/es\/tour\/lineas-de-nasca\/\" \/>\n<meta property=\"og:site_name\" content=\"LIMA DISCOVER - Tours en Lima - Huacachina - Tours Aeropuerto - City Tour\" \/>\n<meta property=\"article:modified_time\" content=\"2024-10-09T15:41:59+00:00\" \/>\n<meta property=\"og:image\" content=\"https:\/\/www.limadiscover.com\/wp-content\/uploads\/2022\/05\/360_F_453936876_drvJw37greccONxwLTIvdRlpyHuXQ7s3.jpg\" \/>\n\t<meta property=\"og:image:width\" content=\"900\" \/>\n\t<meta property=\"og:image:height\" content=\"360\" \/>\n\t<meta property=\"og:image:type\" content=\"image\/jpeg\" \/>\n<meta name=\"twitter:card\" content=\"summary_large_image\" \/>\n<meta name=\"twitter:label1\" content=\"Tiempo de lectura\" \/>\n\t<meta name=\"twitter:data1\" content=\"2 minutos\" \/>\n<script type=\"application\/ld+json\" class=\"yoast-schema-graph\">{\"@context\":\"https:\/\/schema.org\",\"@graph\":[{\"@type\":\"WebPage\",\"@id\":\"https:\/\/www.limadiscover.com\/es\/tour\/lineas-de-nasca\/\",\"url\":\"https:\/\/www.limadiscover.com\/es\/tour\/lineas-de-nasca\/\",\"name\":\"Lineas de Nasca Volando desde Pisco - LIMA DISCOVER - Tours en Lima - Huacachina - Tours Aeropuerto - City Tour\",\"isPartOf\":{\"@id\":\"https:\/\/www.limadiscover.com\/#website\"},\"primaryImageOfPage\":{\"@id\":\"https:\/\/www.limadiscover.com\/es\/tour\/lineas-de-nasca\/#primaryimage\"},\"image\":{\"@id\":\"https:\/\/www.limadiscover.com\/es\/tour\/lineas-de-nasca\/#primaryimage\"},\"thumbnailUrl\":\"https:\/\/www.limadiscover.com\/wp-content\/uploads\/2022\/05\/360_F_453936876_drvJw37greccONxwLTIvdRlpyHuXQ7s3.jpg\",\"datePublished\":\"2022-05-18T15:49:52+00:00\",\"dateModified\":\"2024-10-09T15:41:59+00:00\",\"description\":\"vuelo sobre las l\u00edneas de Nasca , descubre las l\u00edneas de Nasca y descubre sus misterios tour con vuelo y gu\u00eda incluidos , l\u00edneas de nazca desde Ica\",\"breadcrumb\":{\"@id\":\"https:\/\/www.limadiscover.com\/es\/tour\/lineas-de-nasca\/#breadcrumb\"},\"inLanguage\":\"es\",\"potentialAction\":[{\"@type\":\"ReadAction\",\"target\":[\"https:\/\/www.limadiscover.com\/es\/tour\/lineas-de-nasca\/\"]}]},{\"@type\":\"ImageObject\",\"inLanguage\":\"es\",\"@id\":\"https:\/\/www.limadiscover.com\/es\/tour\/lineas-de-nasca\/#primaryimage\",\"url\":\"https:\/\/www.limadiscover.com\/wp-content\/uploads\/2022\/05\/360_F_453936876_drvJw37greccONxwLTIvdRlpyHuXQ7s3.jpg\",\"contentUrl\":\"https:\/\/www.limadiscover.com\/wp-content\/uploads\/2022\/05\/360_F_453936876_drvJw37greccONxwLTIvdRlpyHuXQ7s3.jpg\",\"width\":900,\"height\":360,\"caption\":\"Paracas culture\"},{\"@type\":\"BreadcrumbList\",\"@id\":\"https:\/\/www.limadiscover.com\/es\/tour\/lineas-de-nasca\/#breadcrumb\",\"itemListElement\":[{\"@type\":\"ListItem\",\"position\":1,\"name\":\"Home\",\"item\":\"https:\/\/www.limadiscover.com\/\"},{\"@type\":\"ListItem\",\"position\":2,\"name\":\"Tours\",\"item\":\"https:\/\/www.limadiscover.com\/tours\/\"},{\"@type\":\"ListItem\",\"position\":3,\"name\":\"Lineas de Nasca Volando desde Pisco\"}]},{\"@type\":\"WebSite\",\"@id\":\"https:\/\/www.limadiscover.com\/#website\",\"url\":\"https:\/\/www.limadiscover.com\/\",\"name\":\"LIMA DISCOVER - Tours en Lima - Huacachina - Tours Aeropuerto - City Tour\",\"description\":\"\",\"publisher\":{\"@id\":\"https:\/\/www.limadiscover.com\/#organization\"},\"potentialAction\":[{\"@type\":\"SearchAction\",\"target\":{\"@type\":\"EntryPoint\",\"urlTemplate\":\"https:\/\/www.limadiscover.com\/?s={search_term_string}\"},\"query-input\":{\"@type\":\"PropertyValueSpecification\",\"valueRequired\":true,\"valueName\":\"search_term_string\"}}],\"inLanguage\":\"es\"},{\"@type\":\"Organization\",\"@id\":\"https:\/\/www.limadiscover.com\/#organization\",\"name\":\"LIMA DISCOVER - Tours en Lima - Huacachina - Tours Aeropuerto - City Tour\",\"url\":\"https:\/\/www.limadiscover.com\/\",\"logo\":{\"@type\":\"ImageObject\",\"inLanguage\":\"es\",\"@id\":\"https:\/\/www.limadiscover.com\/#\/schema\/logo\/image\/\",\"url\":\"https:\/\/www.limadiscover.com\/wp-content\/uploads\/2022\/05\/Logo-moderno-de-Tours-Lima-Discover.png\",\"contentUrl\":\"https:\/\/www.limadiscover.com\/wp-content\/uploads\/2022\/05\/Logo-moderno-de-Tours-Lima-Discover.png\",\"width\":1536,\"height\":1024,\"caption\":\"LIMA DISCOVER - Tours en Lima - Huacachina - Tours Aeropuerto - City Tour\"},\"image\":{\"@id\":\"https:\/\/www.limadiscover.com\/#\/schema\/logo\/image\/\"}}]}<\/script>\n<!-- \/ Yoast SEO plugin. -->","yoast_head_json":{"title":"Lineas de Nasca Volando desde Pisco - LIMA DISCOVER - Tours en Lima - Huacachina - Tours Aeropuerto - City Tour","description":"vuelo sobre las l\u00edneas de Nasca , descubre las l\u00edneas de Nasca y descubre sus misterios tour con vuelo y gu\u00eda incluidos , l\u00edneas de nazca desde Ica","robots":{"index":"index","follow":"follow","max-snippet":"max-snippet:-1","max-image-preview":"max-image-preview:large","max-video-preview":"max-video-preview:-1"},"canonical":"https:\/\/www.limadiscover.com\/es\/tour\/lineas-de-nasca\/","og_locale":"es_ES","og_type":"article","og_title":"Lineas de Nasca Volando desde Pisco - LIMA DISCOVER - Tours en Lima - Huacachina - Tours Aeropuerto - City Tour","og_description":"vuelo sobre las l\u00edneas de Nasca , descubre las l\u00edneas de Nasca y descubre sus misterios tour con vuelo y gu\u00eda incluidos , l\u00edneas de nazca desde Ica","og_url":"https:\/\/www.limadiscover.com\/es\/tour\/lineas-de-nasca\/","og_site_name":"LIMA DISCOVER - Tours en Lima - Huacachina - Tours Aeropuerto - City Tour","article_modified_time":"2024-10-09T15:41:59+00:00","og_image":[{"width":900,"height":360,"url":"https:\/\/www.limadiscover.com\/wp-content\/uploads\/2022\/05\/360_F_453936876_drvJw37greccONxwLTIvdRlpyHuXQ7s3.jpg","type":"image\/jpeg"}],"twitter_card":"summary_large_image","twitter_misc":{"Tiempo de lectura":"2 minutos"},"schema":{"@context":"https:\/\/schema.org","@graph":[{"@type":"WebPage","@id":"https:\/\/www.limadiscover.com\/es\/tour\/lineas-de-nasca\/","url":"https:\/\/www.limadiscover.com\/es\/tour\/lineas-de-nasca\/","name":"Lineas de Nasca Volando desde Pisco - LIMA DISCOVER - Tours en Lima - Huacachina - Tours Aeropuerto - City Tour","isPartOf":{"@id":"https:\/\/www.limadiscover.com\/#website"},"primaryImageOfPage":{"@id":"https:\/\/www.limadiscover.com\/es\/tour\/lineas-de-nasca\/#primaryimage"},"image":{"@id":"https:\/\/www.limadiscover.com\/es\/tour\/lineas-de-nasca\/#primaryimage"},"thumbnailUrl":"https:\/\/www.limadiscover.com\/wp-content\/uploads\/2022\/05\/360_F_453936876_drvJw37greccONxwLTIvdRlpyHuXQ7s3.jpg","datePublished":"2022-05-18T15:49:52+00:00","dateModified":"2024-10-09T15:41:59+00:00","description":"vuelo sobre las l\u00edneas de Nasca , descubre las l\u00edneas de Nasca y descubre sus misterios tour con vuelo y gu\u00eda incluidos , l\u00edneas de nazca desde Ica","breadcrumb":{"@id":"https:\/\/www.limadiscover.com\/es\/tour\/lineas-de-nasca\/#breadcrumb"},"inLanguage":"es","potentialAction":[{"@type":"ReadAction","target":["https:\/\/www.limadiscover.com\/es\/tour\/lineas-de-nasca\/"]}]},{"@type":"ImageObject","inLanguage":"es","@id":"https:\/\/www.limadiscover.com\/es\/tour\/lineas-de-nasca\/#primaryimage","url":"https:\/\/www.limadiscover.com\/wp-content\/uploads\/2022\/05\/360_F_453936876_drvJw37greccONxwLTIvdRlpyHuXQ7s3.jpg","contentUrl":"https:\/\/www.limadiscover.com\/wp-content\/uploads\/2022\/05\/360_F_453936876_drvJw37greccONxwLTIvdRlpyHuXQ7s3.jpg","width":900,"height":360,"caption":"Paracas culture"},{"@type":"BreadcrumbList","@id":"https:\/\/www.limadiscover.com\/es\/tour\/lineas-de-nasca\/#breadcrumb","itemListElement":[{"@type":"ListItem","position":1,"name":"Home","item":"https:\/\/www.limadiscover.com\/"},{"@type":"ListItem","position":2,"name":"Tours","item":"https:\/\/www.limadiscover.com\/tours\/"},{"@type":"ListItem","position":3,"name":"Lineas de Nasca Volando desde Pisco"}]},{"@type":"WebSite","@id":"https:\/\/www.limadiscover.com\/#website","url":"https:\/\/www.limadiscover.com\/","name":"LIMA DISCOVER - Tours en Lima - Huacachina - Tours Aeropuerto - City Tour","description":"","publisher":{"@id":"https:\/\/www.limadiscover.com\/#organization"},"potentialAction":[{"@type":"SearchAction","target":{"@type":"EntryPoint","urlTemplate":"https:\/\/www.limadiscover.com\/?s={search_term_string}"},"query-input":{"@type":"PropertyValueSpecification","valueRequired":true,"valueName":"search_term_string"}}],"inLanguage":"es"},{"@type":"Organization","@id":"https:\/\/www.limadiscover.com\/#organization","name":"LIMA DISCOVER - Tours en Lima - Huacachina - Tours Aeropuerto - City Tour","url":"https:\/\/www.limadiscover.com\/","logo":{"@type":"ImageObject","inLanguage":"es","@id":"https:\/\/www.limadiscover.com\/#\/schema\/logo\/image\/","url":"https:\/\/www.limadiscover.com\/wp-content\/uploads\/2022\/05\/Logo-moderno-de-Tours-Lima-Discover.png","contentUrl":"https:\/\/www.limadiscover.com\/wp-content\/uploads\/2022\/05\/Logo-moderno-de-Tours-Lima-Discover.png","width":1536,"height":1024,"caption":"LIMA DISCOVER - Tours en Lima - Huacachina - Tours Aeropuerto - City Tour"},"image":{"@id":"https:\/\/www.limadiscover.com\/#\/schema\/logo\/image\/"}}]}},"tiered_pricing_type":"fixed","tiered_pricing_fixed_rules":{"2":430,"5":350,"8":320},"tiered_pricing_product_settings":{"layout":"default","base_unit_name":{"singular":null,"plural":null},"default_variation":null},"tiered_pricing_minimum_quantity":null,"tiered_pricing_roles_data":[],"tiered_pricing_percentage_rules":[],"_links":{"self":[{"href":"https:\/\/www.limadiscover.com\/es\/wp-json\/wp\/v2\/product\/966","targetHints":{"allow":["GET"]}}],"collection":[{"href":"https:\/\/www.limadiscover.com\/es\/wp-json\/wp\/v2\/product"}],"about":[{"href":"https:\/\/www.limadiscover.com\/es\/wp-json\/wp\/v2\/types\/product"}],"version-history":[{"count":7,"href":"https:\/\/www.limadiscover.com\/es\/wp-json\/wp\/v2\/product\/966\/revisions"}],"predecessor-version":[{"id":3604,"href":"https:\/\/www.limadiscover.com\/es\/wp-json\/wp\/v2\/product\/966\/revisions\/3604"}],"wp:featuredmedia":[{"embeddable":true,"href":"https:\/\/www.limadiscover.com\/es\/wp-json\/wp\/v2\/media\/3600"}],"wp:attachment":[{"href":"https:\/\/www.limadiscover.com\/es\/wp-json\/wp\/v2\/media?parent=966"}],"wp:term":[{"taxonomy":"product_brand","embeddable":true,"href":"https:\/\/www.limadiscover.com\/es\/wp-json\/wp\/v2\/product_brand?post=966"},{"taxonomy":"product_cat","embeddable":true,"href":"https:\/\/www.limadiscover.com\/es\/wp-json\/wp\/v2\/product_cat?post=966"},{"taxonomy":"product_tag","embeddable":true,"href":"https:\/\/www.limadiscover.com\/es\/wp-json\/wp\/v2\/product_tag?post=966"}],"curies":[{"name":"wp","href":"https:\/\/api.w.org\/{rel}","templated":true}]}}