{"id":4264,"date":"2025-12-02T20:51:29","date_gmt":"2025-12-03T01:51:29","guid":{"rendered":"https:\/\/www.limadiscover.com\/tour\/tour-huaca-pucllana-y-barrio-bohemio-de-barranco\/"},"modified":"2025-12-03T21:42:54","modified_gmt":"2025-12-04T02:42:54","slug":"tour-huaca-pucllana-y-barrio-bohemio-de-barranco","status":"publish","type":"product","link":"https:\/\/www.limadiscover.com\/es\/tour\/tour-huaca-pucllana-y-barrio-bohemio-de-barranco\/","title":{"rendered":"Tour Huaca Pucllana y Barrio Bohemio de Barranco"},"content":{"rendered":"<p><strong>Huaca Pucllana (Miraflores) Barranco Bohemian District<\/strong><\/p>\n<p>La\u00a0<strong class=\"Yjhzub\">Huaca Pucllana<\/strong>\u00a0<mark class=\"HxTRcb\" data-sae=\"\">es un impresionante sitio arqueol\u00f3gico y una pir\u00e1mide ceremonial de adobe ubicada en el coraz\u00f3n del distrito de Miraflores en Lima, Per\u00fa<\/mark>. Fue un centro administrativo y ceremonial vital para la\u00a0<strong class=\"Yjhzub\">cultura Lima<\/strong>, que floreci\u00f3 entre los a\u00f1os 200 y 700 d.C., y posteriormente fue utilizada por las culturas Wari e Ychsma.<\/p>\n<div class=\"Y3BBE\" data-sfc-cp=\"\" data-hveid=\"CAIQAA\" data-processed=\"true\" data-complete=\"true\"><strong class=\"Yjhzub\" data-complete=\"true\" data-processed=\"true\">Barranco<\/strong>\u00a0es el\u00a0<mark class=\"HxTRcb\" data-complete=\"true\" data-sae=\"\">distrito\u00a0<strong class=\"Yjhzub\" data-complete=\"true\">bohemio, art\u00edstico y cultural<\/strong>\u00a0de Lima<\/mark>, conocido por su arquitectura republicana, vibrante vida nocturna y vistas espectaculares al Oc\u00e9ano Pac\u00edfico.<\/div>\n<div data-sfc-cp=\"\" data-hveid=\"CAIQAA\" data-processed=\"true\" data-complete=\"true\"><\/div>\n<div class=\"Fsg96\" data-sfc-cp=\"\" data-complete=\"true\" data-processed=\"true\"><\/div>\n<div class=\"otQkpb\" role=\"heading\" aria-level=\"3\" data-animation-nesting=\"\" data-sfc-cp=\"\" data-processed=\"true\" data-sae=\"\" data-complete=\"true\"><strong>Principales Atracciones y Actividades<\/strong><\/div>\n<ul class=\"KsbFXc U6u95\" data-complete=\"true\" data-processed=\"true\">\n<li style=\"list-style-type: none;\">\n<ul class=\"KsbFXc U6u95\" data-complete=\"true\" data-processed=\"true\">\n<li data-hveid=\"CAUQAA\" data-complete=\"true\" data-sae=\"\"><span class=\"T286Pc\" data-sfc-cp=\"\" data-complete=\"true\"><strong class=\"Yjhzub\" data-complete=\"true\">Puente de los Suspiros<\/strong>: Un ic\u00f3nico puente de madera que, seg\u00fan la leyenda, si lo cruzas aguantando la respiraci\u00f3n, se te cumple un deseo.<\/span><\/li>\n<li data-hveid=\"CAUQAQ\" data-complete=\"true\" data-sae=\"\"><span class=\"T286Pc\" data-sfc-cp=\"\" data-complete=\"true\"><strong class=\"Yjhzub\" data-complete=\"true\">Bajada de Ba\u00f1os<\/strong>: Un pintoresco camino empedrado y lleno de vegetaci\u00f3n que conecta el puente con la playa, famoso por su arte callejero y su historia como ruta de pescadores.<\/span><\/li>\n<li data-hveid=\"CAUQAw\" data-complete=\"true\" data-sae=\"\"><span class=\"T286Pc\" data-sfc-cp=\"\" data-complete=\"true\"><strong class=\"Yjhzub\" data-complete=\"true\">Arte y Cultura<\/strong>: El distrito es un centro de creatividad con numerosos murales de arte urbano, galer\u00edas de arte y museos, como el Museo de Arte Contempor\u00e1neo (MAC) o el Museo Pedro de Osma.<\/span><\/li>\n<\/ul>\n<\/li>\n<\/ul>\n","protected":false},"excerpt":{"rendered":"<p>Huaca Pucllana (Miraflores) Barranco Bohemian District La\u00a0Huaca Pucllana\u00a0es un impresionante sitio arqueol\u00f3gico y una pir\u00e1mide ceremonial de adobe ubicada en [&hellip;]<\/p>\n","protected":false},"featured_media":4260,"template":"","meta":{"site-sidebar-layout":"default","site-content-layout":"","ast-site-content-layout":"default","site-content-style":"default","site-sidebar-style":"default","ast-global-header-display":"","ast-banner-title-visibility":"","ast-main-header-display":"","ast-hfb-above-header-display":"","ast-hfb-below-header-display":"","ast-hfb-mobile-header-display":"","site-post-title":"","ast-breadcrumbs-content":"","ast-featured-img":"","footer-sml-layout":"","ast-disable-related-posts":"","theme-transparent-header-meta":"default","adv-header-id-meta":"","stick-header-meta":"default","header-above-stick-meta":"","header-main-stick-meta":"","header-below-stick-meta":"","astra-migrate-meta-layouts":"set","ast-page-background-enabled":"default","ast-page-background-meta":{"desktop":{"background-color":"var(--ast-global-color-5)","background-image":"","background-repeat":"repeat","background-position":"center center","background-size":"auto","background-attachment":"scroll","background-type":"","background-media":"","overlay-type":"","overlay-color":"","overlay-opacity":"","overlay-gradient":""},"tablet":{"background-color":"","background-image":"","background-repeat":"repeat","background-position":"center center","background-size":"auto","background-attachment":"scroll","background-type":"","background-media":"","overlay-type":"","overlay-color":"","overlay-opacity":"","overlay-gradient":""},"mobile":{"background-color":"","background-image":"","background-repeat":"repeat","background-position":"center center","background-size":"auto","background-attachment":"scroll","background-type":"","background-media":"","overlay-type":"","overlay-color":"","overlay-opacity":"","overlay-gradient":""}},"ast-content-background-meta":{"desktop":{"background-color":"var(--ast-global-color-4)","background-image":"","background-repeat":"repeat","background-position":"center center","background-size":"auto","background-attachment":"scroll","background-type":"","background-media":"","overlay-type":"","overlay-color":"","overlay-opacity":"","overlay-gradient":""},"tablet":{"background-color":"var(--ast-global-color-4)","background-image":"","background-repeat":"repeat","background-position":"center center","background-size":"auto","background-attachment":"scroll","background-type":"","background-media":"","overlay-type":"","overlay-color":"","overlay-opacity":"","overlay-gradient":""},"mobile":{"background-color":"var(--ast-global-color-4)","background-image":"","background-repeat":"repeat","background-position":"center center","background-size":"auto","background-attachment":"scroll","background-type":"","background-media":"","overlay-type":"","overlay-color":"","overlay-opacity":"","overlay-gradient":""}},"_joinchat":[]},"product_brand":[],"product_cat":[59],"product_tag":[],"class_list":{"0":"post-4264","1":"product","2":"type-product","3":"status-publish","4":"has-post-thumbnail","6":"product_cat-lima-2","7":"desktop-align-left","8":"tablet-align-left","9":"mobile-align-left","11":"first","12":"instock","13":"shipping-taxable","14":"purchasable","15":"product-type-simple"},"yoast_head":"<!-- This site is optimized with the Yoast SEO plugin v27.1.1 - https:\/\/yoast.com\/product\/yoast-seo-wordpress\/ -->\n<title>Tour Huaca Pucllana y Barrio Bohemio de Barranco - LIMA DISCOVER - Tours en Lima - Huacachina - Tours Aeropuerto - City Tour<\/title>\n<meta name=\"robots\" content=\"index, follow, max-snippet:-1, max-image-preview:large, max-video-preview:-1\" \/>\n<link rel=\"canonical\" href=\"https:\/\/www.limadiscover.com\/es\/tour\/tour-huaca-pucllana-y-barrio-bohemio-de-barranco\/\" \/>\n<meta property=\"og:locale\" content=\"es_ES\" \/>\n<meta property=\"og:type\" content=\"article\" \/>\n<meta property=\"og:title\" content=\"Tour Huaca Pucllana y Barrio Bohemio de Barranco - LIMA DISCOVER - Tours en Lima - Huacachina - Tours Aeropuerto - City Tour\" \/>\n<meta property=\"og:description\" content=\"Huaca Pucllana (Miraflores) Barranco Bohemian District La\u00a0Huaca Pucllana\u00a0es un impresionante sitio arqueol\u00f3gico y una pir\u00e1mide ceremonial de adobe ubicada en [&hellip;]\" \/>\n<meta property=\"og:url\" content=\"https:\/\/www.limadiscover.com\/es\/tour\/tour-huaca-pucllana-y-barrio-bohemio-de-barranco\/\" \/>\n<meta property=\"og:site_name\" content=\"LIMA DISCOVER - Tours en Lima - Huacachina - Tours Aeropuerto - City Tour\" \/>\n<meta property=\"article:modified_time\" content=\"2025-12-04T02:42:54+00:00\" \/>\n<meta property=\"og:image\" content=\"https:\/\/www.limadiscover.com\/wp-content\/uploads\/2025\/12\/H1.jpg\" \/>\n\t<meta property=\"og:image:width\" content=\"1600\" \/>\n\t<meta property=\"og:image:height\" content=\"550\" \/>\n\t<meta property=\"og:image:type\" content=\"image\/jpeg\" \/>\n<meta name=\"twitter:card\" content=\"summary_large_image\" \/>\n<meta name=\"twitter:label1\" content=\"Tiempo de lectura\" \/>\n\t<meta name=\"twitter:data1\" content=\"1 minuto\" \/>\n<script type=\"application\/ld+json\" class=\"yoast-schema-graph\">{\"@context\":\"https:\/\/schema.org\",\"@graph\":[{\"@type\":\"WebPage\",\"@id\":\"https:\/\/www.limadiscover.com\/es\/tour\/tour-huaca-pucllana-y-barrio-bohemio-de-barranco\/\",\"url\":\"https:\/\/www.limadiscover.com\/es\/tour\/tour-huaca-pucllana-y-barrio-bohemio-de-barranco\/\",\"name\":\"Tour Huaca Pucllana y Barrio Bohemio de Barranco - LIMA DISCOVER - Tours en Lima - Huacachina - Tours Aeropuerto - City Tour\",\"isPartOf\":{\"@id\":\"https:\/\/www.limadiscover.com\/#website\"},\"primaryImageOfPage\":{\"@id\":\"https:\/\/www.limadiscover.com\/es\/tour\/tour-huaca-pucllana-y-barrio-bohemio-de-barranco\/#primaryimage\"},\"image\":{\"@id\":\"https:\/\/www.limadiscover.com\/es\/tour\/tour-huaca-pucllana-y-barrio-bohemio-de-barranco\/#primaryimage\"},\"thumbnailUrl\":\"https:\/\/www.limadiscover.com\/wp-content\/uploads\/2025\/12\/H1.jpg\",\"datePublished\":\"2025-12-03T01:51:29+00:00\",\"dateModified\":\"2025-12-04T02:42:54+00:00\",\"breadcrumb\":{\"@id\":\"https:\/\/www.limadiscover.com\/es\/tour\/tour-huaca-pucllana-y-barrio-bohemio-de-barranco\/#breadcrumb\"},\"inLanguage\":\"es\",\"potentialAction\":[{\"@type\":\"ReadAction\",\"target\":[\"https:\/\/www.limadiscover.com\/es\/tour\/tour-huaca-pucllana-y-barrio-bohemio-de-barranco\/\"]}]},{\"@type\":\"ImageObject\",\"inLanguage\":\"es\",\"@id\":\"https:\/\/www.limadiscover.com\/es\/tour\/tour-huaca-pucllana-y-barrio-bohemio-de-barranco\/#primaryimage\",\"url\":\"https:\/\/www.limadiscover.com\/wp-content\/uploads\/2025\/12\/H1.jpg\",\"contentUrl\":\"https:\/\/www.limadiscover.com\/wp-content\/uploads\/2025\/12\/H1.jpg\",\"width\":1600,\"height\":550,\"caption\":\"Cruise tours from the port of Callao\"},{\"@type\":\"BreadcrumbList\",\"@id\":\"https:\/\/www.limadiscover.com\/es\/tour\/tour-huaca-pucllana-y-barrio-bohemio-de-barranco\/#breadcrumb\",\"itemListElement\":[{\"@type\":\"ListItem\",\"position\":1,\"name\":\"Home\",\"item\":\"https:\/\/www.limadiscover.com\/\"},{\"@type\":\"ListItem\",\"position\":2,\"name\":\"Tours\",\"item\":\"https:\/\/www.limadiscover.com\/tours\/\"},{\"@type\":\"ListItem\",\"position\":3,\"name\":\"Tour Huaca Pucllana y Barrio Bohemio de Barranco\"}]},{\"@type\":\"WebSite\",\"@id\":\"https:\/\/www.limadiscover.com\/#website\",\"url\":\"https:\/\/www.limadiscover.com\/\",\"name\":\"LIMA DISCOVER - Tours en Lima - Huacachina - Tours Aeropuerto - City Tour\",\"description\":\"\",\"publisher\":{\"@id\":\"https:\/\/www.limadiscover.com\/#organization\"},\"potentialAction\":[{\"@type\":\"SearchAction\",\"target\":{\"@type\":\"EntryPoint\",\"urlTemplate\":\"https:\/\/www.limadiscover.com\/?s={search_term_string}\"},\"query-input\":{\"@type\":\"PropertyValueSpecification\",\"valueRequired\":true,\"valueName\":\"search_term_string\"}}],\"inLanguage\":\"es\"},{\"@type\":\"Organization\",\"@id\":\"https:\/\/www.limadiscover.com\/#organization\",\"name\":\"LIMA DISCOVER - Tours en Lima - Huacachina - Tours Aeropuerto - City Tour\",\"url\":\"https:\/\/www.limadiscover.com\/\",\"logo\":{\"@type\":\"ImageObject\",\"inLanguage\":\"es\",\"@id\":\"https:\/\/www.limadiscover.com\/#\/schema\/logo\/image\/\",\"url\":\"https:\/\/www.limadiscover.com\/wp-content\/uploads\/2022\/05\/Logo-moderno-de-Tours-Lima-Discover.png\",\"contentUrl\":\"https:\/\/www.limadiscover.com\/wp-content\/uploads\/2022\/05\/Logo-moderno-de-Tours-Lima-Discover.png\",\"width\":1536,\"height\":1024,\"caption\":\"LIMA DISCOVER - Tours en Lima - Huacachina - Tours Aeropuerto - City Tour\"},\"image\":{\"@id\":\"https:\/\/www.limadiscover.com\/#\/schema\/logo\/image\/\"}}]}<\/script>\n<!-- \/ Yoast SEO plugin. -->","yoast_head_json":{"title":"Tour Huaca Pucllana y Barrio Bohemio de Barranco - LIMA DISCOVER - Tours en Lima - Huacachina - Tours Aeropuerto - City Tour","robots":{"index":"index","follow":"follow","max-snippet":"max-snippet:-1","max-image-preview":"max-image-preview:large","max-video-preview":"max-video-preview:-1"},"canonical":"https:\/\/www.limadiscover.com\/es\/tour\/tour-huaca-pucllana-y-barrio-bohemio-de-barranco\/","og_locale":"es_ES","og_type":"article","og_title":"Tour Huaca Pucllana y Barrio Bohemio de Barranco - LIMA DISCOVER - Tours en Lima - Huacachina - Tours Aeropuerto - City Tour","og_description":"Huaca Pucllana (Miraflores) Barranco Bohemian District La\u00a0Huaca Pucllana\u00a0es un impresionante sitio arqueol\u00f3gico y una pir\u00e1mide ceremonial de adobe ubicada en [&hellip;]","og_url":"https:\/\/www.limadiscover.com\/es\/tour\/tour-huaca-pucllana-y-barrio-bohemio-de-barranco\/","og_site_name":"LIMA DISCOVER - Tours en Lima - Huacachina - Tours Aeropuerto - City Tour","article_modified_time":"2025-12-04T02:42:54+00:00","og_image":[{"width":1600,"height":550,"url":"https:\/\/www.limadiscover.com\/wp-content\/uploads\/2025\/12\/H1.jpg","type":"image\/jpeg"}],"twitter_card":"summary_large_image","twitter_misc":{"Tiempo de lectura":"1 minuto"},"schema":{"@context":"https:\/\/schema.org","@graph":[{"@type":"WebPage","@id":"https:\/\/www.limadiscover.com\/es\/tour\/tour-huaca-pucllana-y-barrio-bohemio-de-barranco\/","url":"https:\/\/www.limadiscover.com\/es\/tour\/tour-huaca-pucllana-y-barrio-bohemio-de-barranco\/","name":"Tour Huaca Pucllana y Barrio Bohemio de Barranco - LIMA DISCOVER - Tours en Lima - Huacachina - Tours Aeropuerto - City Tour","isPartOf":{"@id":"https:\/\/www.limadiscover.com\/#website"},"primaryImageOfPage":{"@id":"https:\/\/www.limadiscover.com\/es\/tour\/tour-huaca-pucllana-y-barrio-bohemio-de-barranco\/#primaryimage"},"image":{"@id":"https:\/\/www.limadiscover.com\/es\/tour\/tour-huaca-pucllana-y-barrio-bohemio-de-barranco\/#primaryimage"},"thumbnailUrl":"https:\/\/www.limadiscover.com\/wp-content\/uploads\/2025\/12\/H1.jpg","datePublished":"2025-12-03T01:51:29+00:00","dateModified":"2025-12-04T02:42:54+00:00","breadcrumb":{"@id":"https:\/\/www.limadiscover.com\/es\/tour\/tour-huaca-pucllana-y-barrio-bohemio-de-barranco\/#breadcrumb"},"inLanguage":"es","potentialAction":[{"@type":"ReadAction","target":["https:\/\/www.limadiscover.com\/es\/tour\/tour-huaca-pucllana-y-barrio-bohemio-de-barranco\/"]}]},{"@type":"ImageObject","inLanguage":"es","@id":"https:\/\/www.limadiscover.com\/es\/tour\/tour-huaca-pucllana-y-barrio-bohemio-de-barranco\/#primaryimage","url":"https:\/\/www.limadiscover.com\/wp-content\/uploads\/2025\/12\/H1.jpg","contentUrl":"https:\/\/www.limadiscover.com\/wp-content\/uploads\/2025\/12\/H1.jpg","width":1600,"height":550,"caption":"Cruise tours from the port of Callao"},{"@type":"BreadcrumbList","@id":"https:\/\/www.limadiscover.com\/es\/tour\/tour-huaca-pucllana-y-barrio-bohemio-de-barranco\/#breadcrumb","itemListElement":[{"@type":"ListItem","position":1,"name":"Home","item":"https:\/\/www.limadiscover.com\/"},{"@type":"ListItem","position":2,"name":"Tours","item":"https:\/\/www.limadiscover.com\/tours\/"},{"@type":"ListItem","position":3,"name":"Tour Huaca Pucllana y Barrio Bohemio de Barranco"}]},{"@type":"WebSite","@id":"https:\/\/www.limadiscover.com\/#website","url":"https:\/\/www.limadiscover.com\/","name":"LIMA DISCOVER - Tours en Lima - Huacachina - Tours Aeropuerto - City Tour","description":"","publisher":{"@id":"https:\/\/www.limadiscover.com\/#organization"},"potentialAction":[{"@type":"SearchAction","target":{"@type":"EntryPoint","urlTemplate":"https:\/\/www.limadiscover.com\/?s={search_term_string}"},"query-input":{"@type":"PropertyValueSpecification","valueRequired":true,"valueName":"search_term_string"}}],"inLanguage":"es"},{"@type":"Organization","@id":"https:\/\/www.limadiscover.com\/#organization","name":"LIMA DISCOVER - Tours en Lima - Huacachina - Tours Aeropuerto - City Tour","url":"https:\/\/www.limadiscover.com\/","logo":{"@type":"ImageObject","inLanguage":"es","@id":"https:\/\/www.limadiscover.com\/#\/schema\/logo\/image\/","url":"https:\/\/www.limadiscover.com\/wp-content\/uploads\/2022\/05\/Logo-moderno-de-Tours-Lima-Discover.png","contentUrl":"https:\/\/www.limadiscover.com\/wp-content\/uploads\/2022\/05\/Logo-moderno-de-Tours-Lima-Discover.png","width":1536,"height":1024,"caption":"LIMA DISCOVER - Tours en Lima - Huacachina - Tours Aeropuerto - City Tour"},"image":{"@id":"https:\/\/www.limadiscover.com\/#\/schema\/logo\/image\/"}}]}},"tiered_pricing_type":"fixed","tiered_pricing_fixed_rules":{"2":50,"7":45,"10":40},"tiered_pricing_product_settings":{"layout":"default","base_unit_name":{"singular":null,"plural":null},"default_variation":null},"tiered_pricing_minimum_quantity":null,"tiered_pricing_roles_data":[],"tiered_pricing_percentage_rules":[],"_links":{"self":[{"href":"https:\/\/www.limadiscover.com\/es\/wp-json\/wp\/v2\/product\/4264","targetHints":{"allow":["GET"]}}],"collection":[{"href":"https:\/\/www.limadiscover.com\/es\/wp-json\/wp\/v2\/product"}],"about":[{"href":"https:\/\/www.limadiscover.com\/es\/wp-json\/wp\/v2\/types\/product"}],"version-history":[{"count":5,"href":"https:\/\/www.limadiscover.com\/es\/wp-json\/wp\/v2\/product\/4264\/revisions"}],"predecessor-version":[{"id":4315,"href":"https:\/\/www.limadiscover.com\/es\/wp-json\/wp\/v2\/product\/4264\/revisions\/4315"}],"wp:featuredmedia":[{"embeddable":true,"href":"https:\/\/www.limadiscover.com\/es\/wp-json\/wp\/v2\/media\/4260"}],"wp:attachment":[{"href":"https:\/\/www.limadiscover.com\/es\/wp-json\/wp\/v2\/media?parent=4264"}],"wp:term":[{"taxonomy":"product_brand","embeddable":true,"href":"https:\/\/www.limadiscover.com\/es\/wp-json\/wp\/v2\/product_brand?post=4264"},{"taxonomy":"product_cat","embeddable":true,"href":"https:\/\/www.limadiscover.com\/es\/wp-json\/wp\/v2\/product_cat?post=4264"},{"taxonomy":"product_tag","embeddable":true,"href":"https:\/\/www.limadiscover.com\/es\/wp-json\/wp\/v2\/product_tag?post=4264"}],"curies":[{"name":"wp","href":"https:\/\/api.w.org\/{rel}","templated":true}]}}