{"id":4262,"date":"2025-12-02T20:43:32","date_gmt":"2025-12-03T01:43:32","guid":{"rendered":"https:\/\/www.limadiscover.com\/tour\/tour-a-caral-para-cruceros-salida-desde-el-puerto-del-callao\/"},"modified":"2025-12-03T21:30:30","modified_gmt":"2025-12-04T02:30:30","slug":"tour-a-caral-para-cruceros-salida-desde-el-puerto-del-callao","status":"publish","type":"product","link":"https:\/\/www.limadiscover.com\/es\/tour\/tour-a-caral-para-cruceros-salida-desde-el-puerto-del-callao\/","title":{"rendered":"Tour a Caral para Cruceros \u2013 Salida desde el Puerto del Callao"},"content":{"rendered":"<p><strong>Caral La civilizaci\u00f3n m\u00e1s antigua de Am\u00e9rica<\/strong><\/p>\n<p>Caral\u00a0<mark class=\"HxTRcb\" data-processed=\"true\">fue la primera civilizaci\u00f3n de Am\u00e9rica, contempor\u00e1nea a civilizaciones como la de Sumeria, Egipto, India y China, y se desarroll\u00f3 en el \u00e1rea norcentral de Per\u00fa entre aproximadamente 5000 y 1800 a.C.. La Ciudad Sagrada de Caral es un sitio arqueol\u00f3gico reconocido por su arquitectura monumental, que incluye pir\u00e1mides y plazas circulares hundidas, y es el asentamiento urbano m\u00e1s antiguo de Am\u00e9rica identificado hasta la fecha. La civilizaci\u00f3n se caracteriz\u00f3 por una econom\u00eda basada en la agricultura y la pesca, una sofisticada planificaci\u00f3n urbana y el uso de los \u00abquipus\u00bb para el registro de informaci\u00f3n<\/mark>.<span class=\"uJ19be notranslate\" data-wiz-uids=\"okg96d_c,okg96d_d,okg96d_e\" data-processed=\"true\"><span class=\"vKEkVd\" data-animation-atomic=\"\" data-processed=\"true\">\u00a0<\/span><\/span><\/p>\n","protected":false},"excerpt":{"rendered":"<p>Caral La civilizaci\u00f3n m\u00e1s antigua de Am\u00e9rica Caral\u00a0fue la primera civilizaci\u00f3n de Am\u00e9rica, contempor\u00e1nea a civilizaciones como la de Sumeria, [&hellip;]<\/p>\n","protected":false},"featured_media":4247,"template":"","meta":{"site-sidebar-layout":"default","site-content-layout":"","ast-site-content-layout":"default","site-content-style":"default","site-sidebar-style":"default","ast-global-header-display":"","ast-banner-title-visibility":"","ast-main-header-display":"","ast-hfb-above-header-display":"","ast-hfb-below-header-display":"","ast-hfb-mobile-header-display":"","site-post-title":"","ast-breadcrumbs-content":"","ast-featured-img":"","footer-sml-layout":"","ast-disable-related-posts":"","theme-transparent-header-meta":"default","adv-header-id-meta":"","stick-header-meta":"default","header-above-stick-meta":"","header-main-stick-meta":"","header-below-stick-meta":"","astra-migrate-meta-layouts":"set","ast-page-background-enabled":"default","ast-page-background-meta":{"desktop":{"background-color":"var(--ast-global-color-5)","background-image":"","background-repeat":"repeat","background-position":"center center","background-size":"auto","background-attachment":"scroll","background-type":"","background-media":"","overlay-type":"","overlay-color":"","overlay-opacity":"","overlay-gradient":""},"tablet":{"background-color":"","background-image":"","background-repeat":"repeat","background-position":"center center","background-size":"auto","background-attachment":"scroll","background-type":"","background-media":"","overlay-type":"","overlay-color":"","overlay-opacity":"","overlay-gradient":""},"mobile":{"background-color":"","background-image":"","background-repeat":"repeat","background-position":"center center","background-size":"auto","background-attachment":"scroll","background-type":"","background-media":"","overlay-type":"","overlay-color":"","overlay-opacity":"","overlay-gradient":""}},"ast-content-background-meta":{"desktop":{"background-color":"var(--ast-global-color-4)","background-image":"","background-repeat":"repeat","background-position":"center center","background-size":"auto","background-attachment":"scroll","background-type":"","background-media":"","overlay-type":"","overlay-color":"","overlay-opacity":"","overlay-gradient":""},"tablet":{"background-color":"var(--ast-global-color-4)","background-image":"","background-repeat":"repeat","background-position":"center center","background-size":"auto","background-attachment":"scroll","background-type":"","background-media":"","overlay-type":"","overlay-color":"","overlay-opacity":"","overlay-gradient":""},"mobile":{"background-color":"var(--ast-global-color-4)","background-image":"","background-repeat":"repeat","background-position":"center center","background-size":"auto","background-attachment":"scroll","background-type":"","background-media":"","overlay-type":"","overlay-color":"","overlay-opacity":"","overlay-gradient":""}},"_joinchat":[]},"product_brand":[],"product_cat":[58,59],"product_tag":[],"class_list":{"0":"post-4262","1":"product","2":"type-product","3":"status-publish","4":"has-post-thumbnail","6":"product_cat-callao-2","7":"product_cat-lima-2","8":"desktop-align-left","9":"tablet-align-left","10":"mobile-align-left","12":"first","13":"instock","14":"shipping-taxable","15":"purchasable","16":"product-type-simple"},"yoast_head":"<!-- This site is optimized with the Yoast SEO plugin v27.1.1 - https:\/\/yoast.com\/product\/yoast-seo-wordpress\/ -->\n<title>Tour a Caral para Cruceros \u2013 Salida desde el Puerto del Callao - LIMA DISCOVER - Tours en Lima - Huacachina - Tours Aeropuerto - City Tour<\/title>\n<meta name=\"robots\" content=\"index, follow, max-snippet:-1, max-image-preview:large, max-video-preview:-1\" \/>\n<link rel=\"canonical\" href=\"https:\/\/www.limadiscover.com\/es\/tour\/tour-a-caral-para-cruceros-salida-desde-el-puerto-del-callao\/\" \/>\n<meta property=\"og:locale\" content=\"es_ES\" \/>\n<meta property=\"og:type\" content=\"article\" \/>\n<meta property=\"og:title\" content=\"Tour a Caral para Cruceros \u2013 Salida desde el Puerto del Callao - LIMA DISCOVER - Tours en Lima - Huacachina - Tours Aeropuerto - City Tour\" \/>\n<meta property=\"og:description\" content=\"Caral La civilizaci\u00f3n m\u00e1s antigua de Am\u00e9rica Caral\u00a0fue la primera civilizaci\u00f3n de Am\u00e9rica, contempor\u00e1nea a civilizaciones como la de Sumeria, [&hellip;]\" \/>\n<meta property=\"og:url\" content=\"https:\/\/www.limadiscover.com\/es\/tour\/tour-a-caral-para-cruceros-salida-desde-el-puerto-del-callao\/\" \/>\n<meta property=\"og:site_name\" content=\"LIMA DISCOVER - Tours en Lima - Huacachina - Tours Aeropuerto - City Tour\" \/>\n<meta property=\"article:modified_time\" content=\"2025-12-04T02:30:30+00:00\" \/>\n<meta property=\"og:image\" content=\"https:\/\/www.limadiscover.com\/wp-content\/uploads\/2025\/12\/Caral2.jpg\" \/>\n\t<meta property=\"og:image:width\" content=\"1600\" \/>\n\t<meta property=\"og:image:height\" content=\"900\" \/>\n\t<meta property=\"og:image:type\" content=\"image\/jpeg\" \/>\n<meta name=\"twitter:card\" content=\"summary_large_image\" \/>\n<meta name=\"twitter:label1\" content=\"Tiempo de lectura\" \/>\n\t<meta name=\"twitter:data1\" content=\"1 minuto\" \/>\n<script type=\"application\/ld+json\" class=\"yoast-schema-graph\">{\"@context\":\"https:\/\/schema.org\",\"@graph\":[{\"@type\":\"WebPage\",\"@id\":\"https:\/\/www.limadiscover.com\/es\/tour\/tour-a-caral-para-cruceros-salida-desde-el-puerto-del-callao\/\",\"url\":\"https:\/\/www.limadiscover.com\/es\/tour\/tour-a-caral-para-cruceros-salida-desde-el-puerto-del-callao\/\",\"name\":\"Tour a Caral para Cruceros \u2013 Salida desde el Puerto del Callao - LIMA DISCOVER - Tours en Lima - Huacachina - Tours Aeropuerto - City Tour\",\"isPartOf\":{\"@id\":\"https:\/\/www.limadiscover.com\/#website\"},\"primaryImageOfPage\":{\"@id\":\"https:\/\/www.limadiscover.com\/es\/tour\/tour-a-caral-para-cruceros-salida-desde-el-puerto-del-callao\/#primaryimage\"},\"image\":{\"@id\":\"https:\/\/www.limadiscover.com\/es\/tour\/tour-a-caral-para-cruceros-salida-desde-el-puerto-del-callao\/#primaryimage\"},\"thumbnailUrl\":\"https:\/\/www.limadiscover.com\/wp-content\/uploads\/2025\/12\/Caral2.jpg\",\"datePublished\":\"2025-12-03T01:43:32+00:00\",\"dateModified\":\"2025-12-04T02:30:30+00:00\",\"breadcrumb\":{\"@id\":\"https:\/\/www.limadiscover.com\/es\/tour\/tour-a-caral-para-cruceros-salida-desde-el-puerto-del-callao\/#breadcrumb\"},\"inLanguage\":\"es\",\"potentialAction\":[{\"@type\":\"ReadAction\",\"target\":[\"https:\/\/www.limadiscover.com\/es\/tour\/tour-a-caral-para-cruceros-salida-desde-el-puerto-del-callao\/\"]}]},{\"@type\":\"ImageObject\",\"inLanguage\":\"es\",\"@id\":\"https:\/\/www.limadiscover.com\/es\/tour\/tour-a-caral-para-cruceros-salida-desde-el-puerto-del-callao\/#primaryimage\",\"url\":\"https:\/\/www.limadiscover.com\/wp-content\/uploads\/2025\/12\/Caral2.jpg\",\"contentUrl\":\"https:\/\/www.limadiscover.com\/wp-content\/uploads\/2025\/12\/Caral2.jpg\",\"width\":1600,\"height\":900,\"caption\":\"Caral tour from Lima Caral archaeological tour Caral Peru tour Sacred City of Caral tour Caral ruins tour Caral day trip Caral civilization tour Caral archaeological site Peru\"},{\"@type\":\"BreadcrumbList\",\"@id\":\"https:\/\/www.limadiscover.com\/es\/tour\/tour-a-caral-para-cruceros-salida-desde-el-puerto-del-callao\/#breadcrumb\",\"itemListElement\":[{\"@type\":\"ListItem\",\"position\":1,\"name\":\"Home\",\"item\":\"https:\/\/www.limadiscover.com\/\"},{\"@type\":\"ListItem\",\"position\":2,\"name\":\"Tours\",\"item\":\"https:\/\/www.limadiscover.com\/tours\/\"},{\"@type\":\"ListItem\",\"position\":3,\"name\":\"Tour a Caral para Cruceros \u2013 Salida desde el Puerto del Callao\"}]},{\"@type\":\"WebSite\",\"@id\":\"https:\/\/www.limadiscover.com\/#website\",\"url\":\"https:\/\/www.limadiscover.com\/\",\"name\":\"LIMA DISCOVER - Tours en Lima - Huacachina - Tours Aeropuerto - City Tour\",\"description\":\"\",\"publisher\":{\"@id\":\"https:\/\/www.limadiscover.com\/#organization\"},\"potentialAction\":[{\"@type\":\"SearchAction\",\"target\":{\"@type\":\"EntryPoint\",\"urlTemplate\":\"https:\/\/www.limadiscover.com\/?s={search_term_string}\"},\"query-input\":{\"@type\":\"PropertyValueSpecification\",\"valueRequired\":true,\"valueName\":\"search_term_string\"}}],\"inLanguage\":\"es\"},{\"@type\":\"Organization\",\"@id\":\"https:\/\/www.limadiscover.com\/#organization\",\"name\":\"LIMA DISCOVER - Tours en Lima - Huacachina - Tours Aeropuerto - City Tour\",\"url\":\"https:\/\/www.limadiscover.com\/\",\"logo\":{\"@type\":\"ImageObject\",\"inLanguage\":\"es\",\"@id\":\"https:\/\/www.limadiscover.com\/#\/schema\/logo\/image\/\",\"url\":\"https:\/\/www.limadiscover.com\/wp-content\/uploads\/2022\/05\/Logo-moderno-de-Tours-Lima-Discover.png\",\"contentUrl\":\"https:\/\/www.limadiscover.com\/wp-content\/uploads\/2022\/05\/Logo-moderno-de-Tours-Lima-Discover.png\",\"width\":1536,\"height\":1024,\"caption\":\"LIMA DISCOVER - Tours en Lima - Huacachina - Tours Aeropuerto - City Tour\"},\"image\":{\"@id\":\"https:\/\/www.limadiscover.com\/#\/schema\/logo\/image\/\"}}]}<\/script>\n<!-- \/ Yoast SEO plugin. -->","yoast_head_json":{"title":"Tour a Caral para Cruceros \u2013 Salida desde el Puerto del Callao - LIMA DISCOVER - Tours en Lima - Huacachina - Tours Aeropuerto - City Tour","robots":{"index":"index","follow":"follow","max-snippet":"max-snippet:-1","max-image-preview":"max-image-preview:large","max-video-preview":"max-video-preview:-1"},"canonical":"https:\/\/www.limadiscover.com\/es\/tour\/tour-a-caral-para-cruceros-salida-desde-el-puerto-del-callao\/","og_locale":"es_ES","og_type":"article","og_title":"Tour a Caral para Cruceros \u2013 Salida desde el Puerto del Callao - LIMA DISCOVER - Tours en Lima - Huacachina - Tours Aeropuerto - City Tour","og_description":"Caral La civilizaci\u00f3n m\u00e1s antigua de Am\u00e9rica Caral\u00a0fue la primera civilizaci\u00f3n de Am\u00e9rica, contempor\u00e1nea a civilizaciones como la de Sumeria, [&hellip;]","og_url":"https:\/\/www.limadiscover.com\/es\/tour\/tour-a-caral-para-cruceros-salida-desde-el-puerto-del-callao\/","og_site_name":"LIMA DISCOVER - Tours en Lima - Huacachina - Tours Aeropuerto - City Tour","article_modified_time":"2025-12-04T02:30:30+00:00","og_image":[{"width":1600,"height":900,"url":"https:\/\/www.limadiscover.com\/wp-content\/uploads\/2025\/12\/Caral2.jpg","type":"image\/jpeg"}],"twitter_card":"summary_large_image","twitter_misc":{"Tiempo de lectura":"1 minuto"},"schema":{"@context":"https:\/\/schema.org","@graph":[{"@type":"WebPage","@id":"https:\/\/www.limadiscover.com\/es\/tour\/tour-a-caral-para-cruceros-salida-desde-el-puerto-del-callao\/","url":"https:\/\/www.limadiscover.com\/es\/tour\/tour-a-caral-para-cruceros-salida-desde-el-puerto-del-callao\/","name":"Tour a Caral para Cruceros \u2013 Salida desde el Puerto del Callao - LIMA DISCOVER - Tours en Lima - Huacachina - Tours Aeropuerto - City Tour","isPartOf":{"@id":"https:\/\/www.limadiscover.com\/#website"},"primaryImageOfPage":{"@id":"https:\/\/www.limadiscover.com\/es\/tour\/tour-a-caral-para-cruceros-salida-desde-el-puerto-del-callao\/#primaryimage"},"image":{"@id":"https:\/\/www.limadiscover.com\/es\/tour\/tour-a-caral-para-cruceros-salida-desde-el-puerto-del-callao\/#primaryimage"},"thumbnailUrl":"https:\/\/www.limadiscover.com\/wp-content\/uploads\/2025\/12\/Caral2.jpg","datePublished":"2025-12-03T01:43:32+00:00","dateModified":"2025-12-04T02:30:30+00:00","breadcrumb":{"@id":"https:\/\/www.limadiscover.com\/es\/tour\/tour-a-caral-para-cruceros-salida-desde-el-puerto-del-callao\/#breadcrumb"},"inLanguage":"es","potentialAction":[{"@type":"ReadAction","target":["https:\/\/www.limadiscover.com\/es\/tour\/tour-a-caral-para-cruceros-salida-desde-el-puerto-del-callao\/"]}]},{"@type":"ImageObject","inLanguage":"es","@id":"https:\/\/www.limadiscover.com\/es\/tour\/tour-a-caral-para-cruceros-salida-desde-el-puerto-del-callao\/#primaryimage","url":"https:\/\/www.limadiscover.com\/wp-content\/uploads\/2025\/12\/Caral2.jpg","contentUrl":"https:\/\/www.limadiscover.com\/wp-content\/uploads\/2025\/12\/Caral2.jpg","width":1600,"height":900,"caption":"Caral tour from Lima Caral archaeological tour Caral Peru tour Sacred City of Caral tour Caral ruins tour Caral day trip Caral civilization tour Caral archaeological site Peru"},{"@type":"BreadcrumbList","@id":"https:\/\/www.limadiscover.com\/es\/tour\/tour-a-caral-para-cruceros-salida-desde-el-puerto-del-callao\/#breadcrumb","itemListElement":[{"@type":"ListItem","position":1,"name":"Home","item":"https:\/\/www.limadiscover.com\/"},{"@type":"ListItem","position":2,"name":"Tours","item":"https:\/\/www.limadiscover.com\/tours\/"},{"@type":"ListItem","position":3,"name":"Tour a Caral para Cruceros \u2013 Salida desde el Puerto del Callao"}]},{"@type":"WebSite","@id":"https:\/\/www.limadiscover.com\/#website","url":"https:\/\/www.limadiscover.com\/","name":"LIMA DISCOVER - Tours en Lima - Huacachina - Tours Aeropuerto - City Tour","description":"","publisher":{"@id":"https:\/\/www.limadiscover.com\/#organization"},"potentialAction":[{"@type":"SearchAction","target":{"@type":"EntryPoint","urlTemplate":"https:\/\/www.limadiscover.com\/?s={search_term_string}"},"query-input":{"@type":"PropertyValueSpecification","valueRequired":true,"valueName":"search_term_string"}}],"inLanguage":"es"},{"@type":"Organization","@id":"https:\/\/www.limadiscover.com\/#organization","name":"LIMA DISCOVER - Tours en Lima - Huacachina - Tours Aeropuerto - City Tour","url":"https:\/\/www.limadiscover.com\/","logo":{"@type":"ImageObject","inLanguage":"es","@id":"https:\/\/www.limadiscover.com\/#\/schema\/logo\/image\/","url":"https:\/\/www.limadiscover.com\/wp-content\/uploads\/2022\/05\/Logo-moderno-de-Tours-Lima-Discover.png","contentUrl":"https:\/\/www.limadiscover.com\/wp-content\/uploads\/2022\/05\/Logo-moderno-de-Tours-Lima-Discover.png","width":1536,"height":1024,"caption":"LIMA DISCOVER - Tours en Lima - Huacachina - Tours Aeropuerto - City Tour"},"image":{"@id":"https:\/\/www.limadiscover.com\/#\/schema\/logo\/image\/"}}]}},"tiered_pricing_type":"fixed","tiered_pricing_fixed_rules":{"2":160,"7":125,"12":85},"tiered_pricing_product_settings":{"layout":"default","base_unit_name":{"singular":null,"plural":null},"default_variation":null},"tiered_pricing_minimum_quantity":null,"tiered_pricing_roles_data":[],"tiered_pricing_percentage_rules":[],"_links":{"self":[{"href":"https:\/\/www.limadiscover.com\/es\/wp-json\/wp\/v2\/product\/4262","targetHints":{"allow":["GET"]}}],"collection":[{"href":"https:\/\/www.limadiscover.com\/es\/wp-json\/wp\/v2\/product"}],"about":[{"href":"https:\/\/www.limadiscover.com\/es\/wp-json\/wp\/v2\/types\/product"}],"version-history":[{"count":3,"href":"https:\/\/www.limadiscover.com\/es\/wp-json\/wp\/v2\/product\/4262\/revisions"}],"predecessor-version":[{"id":4311,"href":"https:\/\/www.limadiscover.com\/es\/wp-json\/wp\/v2\/product\/4262\/revisions\/4311"}],"wp:featuredmedia":[{"embeddable":true,"href":"https:\/\/www.limadiscover.com\/es\/wp-json\/wp\/v2\/media\/4247"}],"wp:attachment":[{"href":"https:\/\/www.limadiscover.com\/es\/wp-json\/wp\/v2\/media?parent=4262"}],"wp:term":[{"taxonomy":"product_brand","embeddable":true,"href":"https:\/\/www.limadiscover.com\/es\/wp-json\/wp\/v2\/product_brand?post=4262"},{"taxonomy":"product_cat","embeddable":true,"href":"https:\/\/www.limadiscover.com\/es\/wp-json\/wp\/v2\/product_cat?post=4262"},{"taxonomy":"product_tag","embeddable":true,"href":"https:\/\/www.limadiscover.com\/es\/wp-json\/wp\/v2\/product_tag?post=4262"}],"curies":[{"name":"wp","href":"https:\/\/api.w.org\/{rel}","templated":true}]}}