{"id":1208,"date":"2022-07-02T10:33:31","date_gmt":"2022-07-02T15:33:31","guid":{"rendered":"https:\/\/www.limadiscover.com\/?post_type=product&#038;p=1208"},"modified":"2025-12-03T21:55:11","modified_gmt":"2025-12-04T02:55:11","slug":"city-tour-privado-para-cruceros","status":"publish","type":"product","link":"https:\/\/www.limadiscover.com\/es\/tour\/city-tour-privado-para-cruceros\/","title":{"rendered":"City Tour Lima y Ruinas de Huaca Pucllana desde el Puerto del Callao"},"content":{"rendered":"<h3>Lima y Huaca Pucllana (para cruceros)<\/h3>\n<p>El mejor tour en la ciudad de Lima si tienes ganas de conocerla de una manera diferente , iniciamos el tour recogi\u00e9ndolos del puerto del callao a su llegada para despu\u00e9s visitar el centro hist\u00f3rico de Lima , nuestro gu\u00eda nos mostraran las m\u00e1s bellas casonas y nos contaran de su historia , conoceremos el museo de catacumbas y tendremos tiempo de comer algo t\u00edpico en un restaurante t\u00edpico a pocos metros de la plaza central de Lima , despu\u00e9s de este peque\u00f1o descanso nos vamos al distrito de Miraflores para visitar unas ruinas cercanas \u00a0Huaca Pucllana aqu\u00ed vamos a descubrir esta construcci\u00f3n hecha por los antiguas peruanos en el siglo 200 despu\u00e9s de cristo.<\/p>\n<p>Al termino visitaremos el parque del amor y el mercado indio para despu\u00e9s regresar al puerto.<\/p>\n","protected":false},"excerpt":{"rendered":"<p>Lima y Huaca Pucllana (para cruceros) El mejor tour en la ciudad de Lima si tienes ganas de conocerla de [&hellip;]<\/p>\n","protected":false},"featured_media":4482,"template":"","meta":{"site-sidebar-layout":"default","site-content-layout":"default","ast-site-content-layout":"default","site-content-style":"default","site-sidebar-style":"default","ast-global-header-display":"","ast-banner-title-visibility":"","ast-main-header-display":"","ast-hfb-above-header-display":"","ast-hfb-below-header-display":"","ast-hfb-mobile-header-display":"","site-post-title":"","ast-breadcrumbs-content":"","ast-featured-img":"","footer-sml-layout":"","ast-disable-related-posts":"","theme-transparent-header-meta":"default","adv-header-id-meta":"","stick-header-meta":"default","header-above-stick-meta":"","header-main-stick-meta":"","header-below-stick-meta":"","astra-migrate-meta-layouts":"set","ast-page-background-enabled":"default","ast-page-background-meta":{"desktop":{"background-color":"var(--ast-global-color-5)","background-image":"","background-repeat":"repeat","background-position":"center center","background-size":"auto","background-attachment":"scroll","background-type":"","background-media":"","overlay-type":"","overlay-color":"","overlay-opacity":"","overlay-gradient":""},"tablet":{"background-color":"","background-image":"","background-repeat":"repeat","background-position":"center center","background-size":"auto","background-attachment":"scroll","background-type":"","background-media":"","overlay-type":"","overlay-color":"","overlay-opacity":"","overlay-gradient":""},"mobile":{"background-color":"","background-image":"","background-repeat":"repeat","background-position":"center center","background-size":"auto","background-attachment":"scroll","background-type":"","background-media":"","overlay-type":"","overlay-color":"","overlay-opacity":"","overlay-gradient":""}},"ast-content-background-meta":{"desktop":{"background-color":"var(--ast-global-color-4)","background-image":"","background-repeat":"repeat","background-position":"center center","background-size":"auto","background-attachment":"scroll","background-type":"","background-media":"","overlay-type":"","overlay-color":"","overlay-opacity":"","overlay-gradient":""},"tablet":{"background-color":"var(--ast-global-color-4)","background-image":"","background-repeat":"repeat","background-position":"center center","background-size":"auto","background-attachment":"scroll","background-type":"","background-media":"","overlay-type":"","overlay-color":"","overlay-opacity":"","overlay-gradient":""},"mobile":{"background-color":"var(--ast-global-color-4)","background-image":"","background-repeat":"repeat","background-position":"center center","background-size":"auto","background-attachment":"scroll","background-type":"","background-media":"","overlay-type":"","overlay-color":"","overlay-opacity":"","overlay-gradient":""}},"_joinchat":[]},"product_brand":[],"product_cat":[59],"product_tag":[],"class_list":{"0":"post-1208","1":"product","2":"type-product","3":"status-publish","4":"has-post-thumbnail","6":"product_cat-lima-2","7":"desktop-align-left","8":"tablet-align-left","9":"mobile-align-left","11":"first","12":"instock","13":"shipping-taxable","14":"purchasable","15":"product-type-simple"},"yoast_head":"<!-- This site is optimized with the Yoast SEO plugin v27.1.1 - https:\/\/yoast.com\/product\/yoast-seo-wordpress\/ -->\n<title>City Tour Lima y Ruinas de Huaca Pucllana desde el Puerto del Callao - LIMA DISCOVER - Tours en Lima - Huacachina - Tours Aeropuerto - City Tour<\/title>\n<meta name=\"robots\" content=\"index, follow, max-snippet:-1, max-image-preview:large, max-video-preview:-1\" \/>\n<link rel=\"canonical\" href=\"https:\/\/www.limadiscover.com\/es\/tour\/city-tour-privado-para-cruceros\/\" \/>\n<meta property=\"og:locale\" content=\"es_ES\" \/>\n<meta property=\"og:type\" content=\"article\" \/>\n<meta property=\"og:title\" content=\"City Tour Lima y Ruinas de Huaca Pucllana desde el Puerto del Callao - LIMA DISCOVER - Tours en Lima - Huacachina - Tours Aeropuerto - City Tour\" \/>\n<meta property=\"og:description\" content=\"Lima y Huaca Pucllana (para cruceros) El mejor tour en la ciudad de Lima si tienes ganas de conocerla de [&hellip;]\" \/>\n<meta property=\"og:url\" content=\"https:\/\/www.limadiscover.com\/es\/tour\/city-tour-privado-para-cruceros\/\" \/>\n<meta property=\"og:site_name\" content=\"LIMA DISCOVER - Tours en Lima - Huacachina - Tours Aeropuerto - City Tour\" \/>\n<meta property=\"article:modified_time\" content=\"2025-12-04T02:55:11+00:00\" \/>\n<meta property=\"og:image\" content=\"https:\/\/www.limadiscover.com\/wp-content\/uploads\/2022\/07\/Imagen-de-WhatsApp-2025-07-05-a-las-21.27.02_34de1a7a.jpg\" \/>\n\t<meta property=\"og:image:width\" content=\"1600\" \/>\n\t<meta property=\"og:image:height\" content=\"747\" \/>\n\t<meta property=\"og:image:type\" content=\"image\/jpeg\" \/>\n<meta name=\"twitter:card\" content=\"summary_large_image\" \/>\n<meta name=\"twitter:label1\" content=\"Tiempo de lectura\" \/>\n\t<meta name=\"twitter:data1\" content=\"1 minuto\" \/>\n<script type=\"application\/ld+json\" class=\"yoast-schema-graph\">{\"@context\":\"https:\/\/schema.org\",\"@graph\":[{\"@type\":\"WebPage\",\"@id\":\"https:\/\/www.limadiscover.com\/es\/tour\/city-tour-privado-para-cruceros\/\",\"url\":\"https:\/\/www.limadiscover.com\/es\/tour\/city-tour-privado-para-cruceros\/\",\"name\":\"City Tour Lima y Ruinas de Huaca Pucllana desde el Puerto del Callao - LIMA DISCOVER - Tours en Lima - Huacachina - Tours Aeropuerto - City Tour\",\"isPartOf\":{\"@id\":\"https:\/\/www.limadiscover.com\/#website\"},\"primaryImageOfPage\":{\"@id\":\"https:\/\/www.limadiscover.com\/es\/tour\/city-tour-privado-para-cruceros\/#primaryimage\"},\"image\":{\"@id\":\"https:\/\/www.limadiscover.com\/es\/tour\/city-tour-privado-para-cruceros\/#primaryimage\"},\"thumbnailUrl\":\"https:\/\/www.limadiscover.com\/wp-content\/uploads\/2022\/07\/WhatsApp-Image-026-02-26-at-6.21.29-PM.jpeg\",\"datePublished\":\"2022-07-02T15:33:31+00:00\",\"dateModified\":\"2025-12-04T02:55:11+00:00\",\"breadcrumb\":{\"@id\":\"https:\/\/www.limadiscover.com\/es\/tour\/city-tour-privado-para-cruceros\/#breadcrumb\"},\"inLanguage\":\"es\",\"potentialAction\":[{\"@type\":\"ReadAction\",\"target\":[\"https:\/\/www.limadiscover.com\/es\/tour\/city-tour-privado-para-cruceros\/\"]}]},{\"@type\":\"ImageObject\",\"inLanguage\":\"es\",\"@id\":\"https:\/\/www.limadiscover.com\/es\/tour\/city-tour-privado-para-cruceros\/#primaryimage\",\"url\":\"https:\/\/www.limadiscover.com\/wp-content\/uploads\/2022\/07\/WhatsApp-Image-026-02-26-at-6.21.29-PM.jpeg\",\"contentUrl\":\"https:\/\/www.limadiscover.com\/wp-content\/uploads\/2022\/07\/WhatsApp-Image-026-02-26-at-6.21.29-PM.jpeg\",\"width\":1440,\"height\":648,\"caption\":\"Lima city tour Lima city tour from cruise port Lima shore excursion Callao port tours Tours from Callao cruise port Lima private tours Lima guided tours Private transportation Lima Peru private tours\"},{\"@type\":\"BreadcrumbList\",\"@id\":\"https:\/\/www.limadiscover.com\/es\/tour\/city-tour-privado-para-cruceros\/#breadcrumb\",\"itemListElement\":[{\"@type\":\"ListItem\",\"position\":1,\"name\":\"Home\",\"item\":\"https:\/\/www.limadiscover.com\/es\/\"},{\"@type\":\"ListItem\",\"position\":2,\"name\":\"Tours\",\"item\":\"https:\/\/www.limadiscover.com\/tours\/\"},{\"@type\":\"ListItem\",\"position\":3,\"name\":\"City Tour Lima y Ruinas de Huaca Pucllana desde el Puerto del Callao\"}]},{\"@type\":\"WebSite\",\"@id\":\"https:\/\/www.limadiscover.com\/#website\",\"url\":\"https:\/\/www.limadiscover.com\/\",\"name\":\"LIMA DISCOVER - Tours en Lima - Huacachina - Tours Aeropuerto - City Tour\",\"description\":\"\",\"publisher\":{\"@id\":\"https:\/\/www.limadiscover.com\/#organization\"},\"potentialAction\":[{\"@type\":\"SearchAction\",\"target\":{\"@type\":\"EntryPoint\",\"urlTemplate\":\"https:\/\/www.limadiscover.com\/?s={search_term_string}\"},\"query-input\":{\"@type\":\"PropertyValueSpecification\",\"valueRequired\":true,\"valueName\":\"search_term_string\"}}],\"inLanguage\":\"es\"},{\"@type\":\"Organization\",\"@id\":\"https:\/\/www.limadiscover.com\/#organization\",\"name\":\"LIMA DISCOVER - Tours en Lima - Huacachina - Tours Aeropuerto - City Tour\",\"url\":\"https:\/\/www.limadiscover.com\/\",\"logo\":{\"@type\":\"ImageObject\",\"inLanguage\":\"es\",\"@id\":\"https:\/\/www.limadiscover.com\/#\/schema\/logo\/image\/\",\"url\":\"https:\/\/www.limadiscover.com\/wp-content\/uploads\/2022\/05\/Logo-moderno-de-Tours-Lima-Discover.png\",\"contentUrl\":\"https:\/\/www.limadiscover.com\/wp-content\/uploads\/2022\/05\/Logo-moderno-de-Tours-Lima-Discover.png\",\"width\":1536,\"height\":1024,\"caption\":\"LIMA DISCOVER - Tours en Lima - Huacachina - Tours Aeropuerto - City Tour\"},\"image\":{\"@id\":\"https:\/\/www.limadiscover.com\/#\/schema\/logo\/image\/\"}}]}<\/script>\n<!-- \/ Yoast SEO plugin. -->","yoast_head_json":{"title":"City Tour Lima y Ruinas de Huaca Pucllana desde el Puerto del Callao - LIMA DISCOVER - Tours en Lima - Huacachina - Tours Aeropuerto - City Tour","robots":{"index":"index","follow":"follow","max-snippet":"max-snippet:-1","max-image-preview":"max-image-preview:large","max-video-preview":"max-video-preview:-1"},"canonical":"https:\/\/www.limadiscover.com\/es\/tour\/city-tour-privado-para-cruceros\/","og_locale":"es_ES","og_type":"article","og_title":"City Tour Lima y Ruinas de Huaca Pucllana desde el Puerto del Callao - LIMA DISCOVER - Tours en Lima - Huacachina - Tours Aeropuerto - City Tour","og_description":"Lima y Huaca Pucllana (para cruceros) El mejor tour en la ciudad de Lima si tienes ganas de conocerla de [&hellip;]","og_url":"https:\/\/www.limadiscover.com\/es\/tour\/city-tour-privado-para-cruceros\/","og_site_name":"LIMA DISCOVER - Tours en Lima - Huacachina - Tours Aeropuerto - City Tour","article_modified_time":"2025-12-04T02:55:11+00:00","og_image":[{"width":1600,"height":747,"url":"https:\/\/www.limadiscover.com\/wp-content\/uploads\/2022\/07\/Imagen-de-WhatsApp-2025-07-05-a-las-21.27.02_34de1a7a.jpg","type":"image\/jpeg"}],"twitter_card":"summary_large_image","twitter_misc":{"Tiempo de lectura":"1 minuto"},"schema":{"@context":"https:\/\/schema.org","@graph":[{"@type":"WebPage","@id":"https:\/\/www.limadiscover.com\/es\/tour\/city-tour-privado-para-cruceros\/","url":"https:\/\/www.limadiscover.com\/es\/tour\/city-tour-privado-para-cruceros\/","name":"City Tour Lima y Ruinas de Huaca Pucllana desde el Puerto del Callao - LIMA DISCOVER - Tours en Lima - Huacachina - Tours Aeropuerto - City Tour","isPartOf":{"@id":"https:\/\/www.limadiscover.com\/#website"},"primaryImageOfPage":{"@id":"https:\/\/www.limadiscover.com\/es\/tour\/city-tour-privado-para-cruceros\/#primaryimage"},"image":{"@id":"https:\/\/www.limadiscover.com\/es\/tour\/city-tour-privado-para-cruceros\/#primaryimage"},"thumbnailUrl":"https:\/\/www.limadiscover.com\/wp-content\/uploads\/2022\/07\/WhatsApp-Image-026-02-26-at-6.21.29-PM.jpeg","datePublished":"2022-07-02T15:33:31+00:00","dateModified":"2025-12-04T02:55:11+00:00","breadcrumb":{"@id":"https:\/\/www.limadiscover.com\/es\/tour\/city-tour-privado-para-cruceros\/#breadcrumb"},"inLanguage":"es","potentialAction":[{"@type":"ReadAction","target":["https:\/\/www.limadiscover.com\/es\/tour\/city-tour-privado-para-cruceros\/"]}]},{"@type":"ImageObject","inLanguage":"es","@id":"https:\/\/www.limadiscover.com\/es\/tour\/city-tour-privado-para-cruceros\/#primaryimage","url":"https:\/\/www.limadiscover.com\/wp-content\/uploads\/2022\/07\/WhatsApp-Image-026-02-26-at-6.21.29-PM.jpeg","contentUrl":"https:\/\/www.limadiscover.com\/wp-content\/uploads\/2022\/07\/WhatsApp-Image-026-02-26-at-6.21.29-PM.jpeg","width":1440,"height":648,"caption":"Lima city tour Lima city tour from cruise port Lima shore excursion Callao port tours Tours from Callao cruise port Lima private tours Lima guided tours Private transportation Lima Peru private tours"},{"@type":"BreadcrumbList","@id":"https:\/\/www.limadiscover.com\/es\/tour\/city-tour-privado-para-cruceros\/#breadcrumb","itemListElement":[{"@type":"ListItem","position":1,"name":"Home","item":"https:\/\/www.limadiscover.com\/es\/"},{"@type":"ListItem","position":2,"name":"Tours","item":"https:\/\/www.limadiscover.com\/tours\/"},{"@type":"ListItem","position":3,"name":"City Tour Lima y Ruinas de Huaca Pucllana desde el Puerto del Callao"}]},{"@type":"WebSite","@id":"https:\/\/www.limadiscover.com\/#website","url":"https:\/\/www.limadiscover.com\/","name":"LIMA DISCOVER - Tours en Lima - Huacachina - Tours Aeropuerto - City Tour","description":"","publisher":{"@id":"https:\/\/www.limadiscover.com\/#organization"},"potentialAction":[{"@type":"SearchAction","target":{"@type":"EntryPoint","urlTemplate":"https:\/\/www.limadiscover.com\/?s={search_term_string}"},"query-input":{"@type":"PropertyValueSpecification","valueRequired":true,"valueName":"search_term_string"}}],"inLanguage":"es"},{"@type":"Organization","@id":"https:\/\/www.limadiscover.com\/#organization","name":"LIMA DISCOVER - Tours en Lima - Huacachina - Tours Aeropuerto - City Tour","url":"https:\/\/www.limadiscover.com\/","logo":{"@type":"ImageObject","inLanguage":"es","@id":"https:\/\/www.limadiscover.com\/#\/schema\/logo\/image\/","url":"https:\/\/www.limadiscover.com\/wp-content\/uploads\/2022\/05\/Logo-moderno-de-Tours-Lima-Discover.png","contentUrl":"https:\/\/www.limadiscover.com\/wp-content\/uploads\/2022\/05\/Logo-moderno-de-Tours-Lima-Discover.png","width":1536,"height":1024,"caption":"LIMA DISCOVER - Tours en Lima - Huacachina - Tours Aeropuerto - City Tour"},"image":{"@id":"https:\/\/www.limadiscover.com\/#\/schema\/logo\/image\/"}}]}},"tiered_pricing_type":"fixed","tiered_pricing_fixed_rules":{"4":65,"7":60,"10":55,"16":50},"tiered_pricing_product_settings":{"layout":"default","base_unit_name":{"singular":null,"plural":null},"default_variation":null},"tiered_pricing_minimum_quantity":null,"tiered_pricing_roles_data":[],"tiered_pricing_percentage_rules":[],"_links":{"self":[{"href":"https:\/\/www.limadiscover.com\/es\/wp-json\/wp\/v2\/product\/1208","targetHints":{"allow":["GET"]}}],"collection":[{"href":"https:\/\/www.limadiscover.com\/es\/wp-json\/wp\/v2\/product"}],"about":[{"href":"https:\/\/www.limadiscover.com\/es\/wp-json\/wp\/v2\/types\/product"}],"version-history":[{"count":6,"href":"https:\/\/www.limadiscover.com\/es\/wp-json\/wp\/v2\/product\/1208\/revisions"}],"predecessor-version":[{"id":2589,"href":"https:\/\/www.limadiscover.com\/es\/wp-json\/wp\/v2\/product\/1208\/revisions\/2589"}],"wp:featuredmedia":[{"embeddable":true,"href":"https:\/\/www.limadiscover.com\/es\/wp-json\/wp\/v2\/media\/4482"}],"wp:attachment":[{"href":"https:\/\/www.limadiscover.com\/es\/wp-json\/wp\/v2\/media?parent=1208"}],"wp:term":[{"taxonomy":"product_brand","embeddable":true,"href":"https:\/\/www.limadiscover.com\/es\/wp-json\/wp\/v2\/product_brand?post=1208"},{"taxonomy":"product_cat","embeddable":true,"href":"https:\/\/www.limadiscover.com\/es\/wp-json\/wp\/v2\/product_cat?post=1208"},{"taxonomy":"product_tag","embeddable":true,"href":"https:\/\/www.limadiscover.com\/es\/wp-json\/wp\/v2\/product_tag?post=1208"}],"curies":[{"name":"wp","href":"https:\/\/api.w.org\/{rel}","templated":true}]}}