{"id":1084,"date":"2022-06-29T09:36:52","date_gmt":"2022-06-29T14:36:52","guid":{"rendered":"https:\/\/www.limadiscover.com\/?post_type=product&#038;p=1084"},"modified":"2024-07-26T21:41:20","modified_gmt":"2024-07-27T02:41:20","slug":"callejon-de-huaylas-laguna-de-llanganuco","status":"publish","type":"product","link":"https:\/\/www.limadiscover.com\/es\/tour\/callejon-de-huaylas-laguna-de-llanganuco\/","title":{"rendered":"\u00bfUn Auto de Lujo con Chofer en Lima? Descubre Nuestra Oferta"},"content":{"rendered":"<p><strong>Ideal para altos funcionarios y hombres de negocios que visitan Lima y Per\u00fa<\/strong><br \/>\nAlquilar un coche con conductor es una excelente soluci\u00f3n para aquellos que quieren moverse libremente entre destinos seleccionados, pero no quieren o no pueden conducir ellos mismos. El servicio de alquiler de coches con ch\u00f3fer le permite utilizar los servicios de conductores cualificados y experimentados que se distinguen por su alta cultura personal y valoran la seguridad de la conducci\u00f3n en la carretera.<\/p>\n<p>En nuestra oferta, adem\u00e1s del alquiler de coches de alta gama, tambi\u00e9n est\u00e1 disponible el alquiler de veh\u00edculos blindados. Nuestra oferta est\u00e1 dirigida no solo a particulares, sino tambi\u00e9n a empresas y funcionarios de gobiernos extranjeros como presidentes, ministros.<\/p>\n<p>Alquilar un coche con conductor es una opci\u00f3n segura y c\u00f3moda. Nuestra flota incluye veh\u00edculos cl\u00e1sicos de ciudad, deportivos y de lujo. Cuando alquila un coche con conductor, puede estar seguro de que est\u00e1 utilizando un servicio de primera categor\u00eda. Nuestros conductores son puntuales y su experiencia les permite rendir al m\u00e1ximo. El enfoque individual y profesional de cada uno de los pedidos hace que alquilar un coche y moverse con \u00e9l sea un placer. Los conductores con los que trabajamos son aquellos con experiencia en transporte p\u00fablico y log\u00edstica. Si valoras viajar en paz y tranquilidad, los conductores lo respetar\u00e1n.<\/p>\n<ul>\n<li><strong>Recojo del aeropuerto<\/strong><\/li>\n<li><strong>Veh\u00edculos blindados<\/strong><\/li>\n<li><strong>Servicios por hora, semana o meses<\/strong><\/li>\n<li><strong>Traductores<\/strong><\/li>\n<li><strong>Sed\u00e1n de lujo<\/strong><\/li>\n<li><strong>Van de lujo<\/strong><\/li>\n<li><strong>Traslados por todo el Per\u00fa<\/strong><\/li>\n<li><strong>Traslados al Puerto de Chancay<\/strong><\/li>\n<li><strong>Tours de lujo<\/strong><\/li>\n<\/ul>\n<p><img loading=\"lazy\" decoding=\"async\" class=\"size-medium wp-image-3200 alignright\" src=\"https:\/\/www.limadiscover.com\/wp-content\/uploads\/2022\/06\/Imagen-de-WhatsApp-2024-07-24-a-las-22.05.21_e1ae7ead-300x140.jpg\" alt=\"alquiler de autos en lima\" width=\"300\" height=\"140\" srcset=\"https:\/\/www.limadiscover.com\/wp-content\/uploads\/2022\/06\/Imagen-de-WhatsApp-2024-07-24-a-las-22.05.21_e1ae7ead-300x140.jpg 300w, https:\/\/www.limadiscover.com\/wp-content\/uploads\/2022\/06\/Imagen-de-WhatsApp-2024-07-24-a-las-22.05.21_e1ae7ead-1024x478.jpg 1024w, https:\/\/www.limadiscover.com\/wp-content\/uploads\/2022\/06\/Imagen-de-WhatsApp-2024-07-24-a-las-22.05.21_e1ae7ead-768x359.jpg 768w, https:\/\/www.limadiscover.com\/wp-content\/uploads\/2022\/06\/Imagen-de-WhatsApp-2024-07-24-a-las-22.05.21_e1ae7ead-1536x717.jpg 1536w, https:\/\/www.limadiscover.com\/wp-content\/uploads\/2022\/06\/Imagen-de-WhatsApp-2024-07-24-a-las-22.05.21_e1ae7ead-600x280.jpg 600w, https:\/\/www.limadiscover.com\/wp-content\/uploads\/2022\/06\/Imagen-de-WhatsApp-2024-07-24-a-las-22.05.21_e1ae7ead.jpg 1600w\" sizes=\"auto, (max-width: 300px) 100vw, 300px\" \/><\/p>\n<p><img loading=\"lazy\" decoding=\"async\" class=\"size-medium wp-image-3181\" src=\"https:\/\/www.limadiscover.com\/wp-content\/uploads\/2022\/06\/Imagen-de-WhatsApp-2024-07-24-a-las-21.21.09_1f251411-300x183.jpg\" alt=\"car rental for the port of chancay\" width=\"300\" height=\"183\" srcset=\"https:\/\/www.limadiscover.com\/wp-content\/uploads\/2022\/06\/Imagen-de-WhatsApp-2024-07-24-a-las-21.21.09_1f251411-300x183.jpg 300w, https:\/\/www.limadiscover.com\/wp-content\/uploads\/2022\/06\/Imagen-de-WhatsApp-2024-07-24-a-las-21.21.09_1f251411.jpg 556w\" sizes=\"auto, (max-width: 300px) 100vw, 300px\" \/><\/p>\n<p>&nbsp;<\/p>\n<p>&nbsp;<\/p>\n<p>&nbsp;<\/p>\n<p>.<\/p>\n","protected":false},"excerpt":{"rendered":"<p>Ideal para altos funcionarios y hombres de negocios que visitan Lima y Per\u00fa Alquilar un coche con conductor es una [&hellip;]<\/p>\n","protected":false},"featured_media":3177,"template":"","meta":{"site-sidebar-layout":"default","site-content-layout":"default","ast-site-content-layout":"default","site-content-style":"default","site-sidebar-style":"default","ast-global-header-display":"","ast-banner-title-visibility":"","ast-main-header-display":"","ast-hfb-above-header-display":"","ast-hfb-below-header-display":"","ast-hfb-mobile-header-display":"","site-post-title":"","ast-breadcrumbs-content":"","ast-featured-img":"","footer-sml-layout":"","ast-disable-related-posts":"","theme-transparent-header-meta":"default","adv-header-id-meta":"","stick-header-meta":"default","header-above-stick-meta":"","header-main-stick-meta":"","header-below-stick-meta":"","astra-migrate-meta-layouts":"default","ast-page-background-enabled":"default","ast-page-background-meta":{"desktop":{"background-color":"var(--ast-global-color-5)","background-image":"","background-repeat":"repeat","background-position":"center center","background-size":"auto","background-attachment":"scroll","background-type":"","background-media":"","overlay-type":"","overlay-color":"","overlay-opacity":"","overlay-gradient":""},"tablet":{"background-color":"","background-image":"","background-repeat":"repeat","background-position":"center center","background-size":"auto","background-attachment":"scroll","background-type":"","background-media":"","overlay-type":"","overlay-color":"","overlay-opacity":"","overlay-gradient":""},"mobile":{"background-color":"","background-image":"","background-repeat":"repeat","background-position":"center center","background-size":"auto","background-attachment":"scroll","background-type":"","background-media":"","overlay-type":"","overlay-color":"","overlay-opacity":"","overlay-gradient":""}},"ast-content-background-meta":{"desktop":{"background-color":"var(--ast-global-color-4)","background-image":"","background-repeat":"repeat","background-position":"center center","background-size":"auto","background-attachment":"scroll","background-type":"","background-media":"","overlay-type":"","overlay-color":"","overlay-opacity":"","overlay-gradient":""},"tablet":{"background-color":"var(--ast-global-color-4)","background-image":"","background-repeat":"repeat","background-position":"center center","background-size":"auto","background-attachment":"scroll","background-type":"","background-media":"","overlay-type":"","overlay-color":"","overlay-opacity":"","overlay-gradient":""},"mobile":{"background-color":"var(--ast-global-color-4)","background-image":"","background-repeat":"repeat","background-position":"center center","background-size":"auto","background-attachment":"scroll","background-type":"","background-media":"","overlay-type":"","overlay-color":"","overlay-opacity":"","overlay-gradient":""}},"_joinchat":[]},"product_brand":[],"product_cat":[59],"product_tag":[],"class_list":{"0":"post-1084","1":"product","2":"type-product","3":"status-publish","4":"has-post-thumbnail","6":"product_cat-lima-2","7":"desktop-align-left","8":"tablet-align-left","9":"mobile-align-left","11":"first","12":"instock","13":"shipping-taxable","14":"product-type-simple"},"yoast_head":"<!-- This site is optimized with the Yoast SEO plugin v27.1.1 - https:\/\/yoast.com\/product\/yoast-seo-wordpress\/ -->\n<title>\u00bfUn Auto de Lujo con Chofer en Lima? Descubre Nuestra Oferta - LIMA DISCOVER - Tours en Lima - Huacachina - Tours Aeropuerto - City Tour<\/title>\n<meta name=\"robots\" content=\"index, follow, max-snippet:-1, max-image-preview:large, max-video-preview:-1\" \/>\n<link rel=\"canonical\" href=\"https:\/\/www.limadiscover.com\/tour\/huaylas-alley-llanganuco-lagoon\/\" \/>\n<meta property=\"og:locale\" content=\"es_ES\" \/>\n<meta property=\"og:type\" content=\"article\" \/>\n<meta property=\"og:title\" content=\"\u00bfUn Auto de Lujo con Chofer en Lima? Descubre Nuestra Oferta - LIMA DISCOVER - Tours en Lima - Huacachina - Tours Aeropuerto - City Tour\" \/>\n<meta property=\"og:description\" content=\"Ideal para altos funcionarios y hombres de negocios que visitan Lima y Per\u00fa Alquilar un coche con conductor es una [&hellip;]\" \/>\n<meta property=\"og:url\" content=\"https:\/\/www.limadiscover.com\/tour\/huaylas-alley-llanganuco-lagoon\/\" \/>\n<meta property=\"og:site_name\" content=\"LIMA DISCOVER - Tours en Lima - Huacachina - Tours Aeropuerto - City Tour\" \/>\n<meta property=\"article:modified_time\" content=\"2024-07-27T02:41:20+00:00\" \/>\n<meta property=\"og:image\" content=\"https:\/\/www.limadiscover.com\/wp-content\/uploads\/2022\/06\/Imagen-de-WhatsApp-2024-07-24-a-las-21.21.01_75be6ee6.jpg\" \/>\n\t<meta property=\"og:image:width\" content=\"1204\" \/>\n\t<meta property=\"og:image:height\" content=\"1204\" \/>\n\t<meta property=\"og:image:type\" content=\"image\/jpeg\" \/>\n<meta name=\"twitter:card\" content=\"summary_large_image\" \/>\n<meta name=\"twitter:label1\" content=\"Tiempo de lectura\" \/>\n\t<meta name=\"twitter:data1\" content=\"1 minuto\" \/>\n<script type=\"application\/ld+json\" class=\"yoast-schema-graph\">{\"@context\":\"https:\/\/schema.org\",\"@graph\":[{\"@type\":\"WebPage\",\"@id\":\"https:\/\/www.limadiscover.com\/tour\/huaylas-alley-llanganuco-lagoon\/\",\"url\":\"https:\/\/www.limadiscover.com\/tour\/huaylas-alley-llanganuco-lagoon\/\",\"name\":\"\u00bfUn Auto de Lujo con Chofer en Lima? Descubre Nuestra Oferta - LIMA DISCOVER - Tours en Lima - Huacachina - Tours Aeropuerto - City Tour\",\"isPartOf\":{\"@id\":\"https:\/\/www.limadiscover.com\/#website\"},\"primaryImageOfPage\":{\"@id\":\"https:\/\/www.limadiscover.com\/tour\/huaylas-alley-llanganuco-lagoon\/#primaryimage\"},\"image\":{\"@id\":\"https:\/\/www.limadiscover.com\/tour\/huaylas-alley-llanganuco-lagoon\/#primaryimage\"},\"thumbnailUrl\":\"https:\/\/www.limadiscover.com\/wp-content\/uploads\/2022\/06\/Imagen-de-WhatsApp-2024-07-24-a-las-21.21.01_75be6ee6.jpg\",\"datePublished\":\"2022-06-29T14:36:52+00:00\",\"dateModified\":\"2024-07-27T02:41:20+00:00\",\"breadcrumb\":{\"@id\":\"https:\/\/www.limadiscover.com\/tour\/huaylas-alley-llanganuco-lagoon\/#breadcrumb\"},\"inLanguage\":\"es\",\"potentialAction\":[{\"@type\":\"ReadAction\",\"target\":[\"https:\/\/www.limadiscover.com\/tour\/huaylas-alley-llanganuco-lagoon\/\"]}]},{\"@type\":\"ImageObject\",\"inLanguage\":\"es\",\"@id\":\"https:\/\/www.limadiscover.com\/tour\/huaylas-alley-llanganuco-lagoon\/#primaryimage\",\"url\":\"https:\/\/www.limadiscover.com\/wp-content\/uploads\/2022\/06\/Imagen-de-WhatsApp-2024-07-24-a-las-21.21.01_75be6ee6.jpg\",\"contentUrl\":\"https:\/\/www.limadiscover.com\/wp-content\/uploads\/2022\/06\/Imagen-de-WhatsApp-2024-07-24-a-las-21.21.01_75be6ee6.jpg\",\"width\":1204,\"height\":1204,\"caption\":\"car rental lima\"},{\"@type\":\"BreadcrumbList\",\"@id\":\"https:\/\/www.limadiscover.com\/tour\/huaylas-alley-llanganuco-lagoon\/#breadcrumb\",\"itemListElement\":[{\"@type\":\"ListItem\",\"position\":1,\"name\":\"Home\",\"item\":\"https:\/\/www.limadiscover.com\/\"},{\"@type\":\"ListItem\",\"position\":2,\"name\":\"Tours\",\"item\":\"https:\/\/www.limadiscover.com\/tours\/\"},{\"@type\":\"ListItem\",\"position\":3,\"name\":\"\u00bfUn Auto de Lujo con Chofer en Lima? Descubre Nuestra Oferta\"}]},{\"@type\":\"WebSite\",\"@id\":\"https:\/\/www.limadiscover.com\/#website\",\"url\":\"https:\/\/www.limadiscover.com\/\",\"name\":\"LIMA DISCOVER - Tours en Lima - Huacachina - Tours Aeropuerto - City Tour\",\"description\":\"\",\"publisher\":{\"@id\":\"https:\/\/www.limadiscover.com\/#organization\"},\"potentialAction\":[{\"@type\":\"SearchAction\",\"target\":{\"@type\":\"EntryPoint\",\"urlTemplate\":\"https:\/\/www.limadiscover.com\/?s={search_term_string}\"},\"query-input\":{\"@type\":\"PropertyValueSpecification\",\"valueRequired\":true,\"valueName\":\"search_term_string\"}}],\"inLanguage\":\"es\"},{\"@type\":\"Organization\",\"@id\":\"https:\/\/www.limadiscover.com\/#organization\",\"name\":\"LIMA DISCOVER - Tours en Lima - Huacachina - Tours Aeropuerto - City Tour\",\"url\":\"https:\/\/www.limadiscover.com\/\",\"logo\":{\"@type\":\"ImageObject\",\"inLanguage\":\"es\",\"@id\":\"https:\/\/www.limadiscover.com\/#\/schema\/logo\/image\/\",\"url\":\"https:\/\/www.limadiscover.com\/wp-content\/uploads\/2022\/05\/Logo-moderno-de-Tours-Lima-Discover.png\",\"contentUrl\":\"https:\/\/www.limadiscover.com\/wp-content\/uploads\/2022\/05\/Logo-moderno-de-Tours-Lima-Discover.png\",\"width\":1536,\"height\":1024,\"caption\":\"LIMA DISCOVER - Tours en Lima - Huacachina - Tours Aeropuerto - City Tour\"},\"image\":{\"@id\":\"https:\/\/www.limadiscover.com\/#\/schema\/logo\/image\/\"}}]}<\/script>\n<!-- \/ Yoast SEO plugin. -->","yoast_head_json":{"title":"\u00bfUn Auto de Lujo con Chofer en Lima? Descubre Nuestra Oferta - LIMA DISCOVER - Tours en Lima - Huacachina - Tours Aeropuerto - City Tour","robots":{"index":"index","follow":"follow","max-snippet":"max-snippet:-1","max-image-preview":"max-image-preview:large","max-video-preview":"max-video-preview:-1"},"canonical":"https:\/\/www.limadiscover.com\/tour\/huaylas-alley-llanganuco-lagoon\/","og_locale":"es_ES","og_type":"article","og_title":"\u00bfUn Auto de Lujo con Chofer en Lima? Descubre Nuestra Oferta - LIMA DISCOVER - Tours en Lima - Huacachina - Tours Aeropuerto - City Tour","og_description":"Ideal para altos funcionarios y hombres de negocios que visitan Lima y Per\u00fa Alquilar un coche con conductor es una [&hellip;]","og_url":"https:\/\/www.limadiscover.com\/tour\/huaylas-alley-llanganuco-lagoon\/","og_site_name":"LIMA DISCOVER - Tours en Lima - Huacachina - Tours Aeropuerto - City Tour","article_modified_time":"2024-07-27T02:41:20+00:00","og_image":[{"width":1204,"height":1204,"url":"https:\/\/www.limadiscover.com\/wp-content\/uploads\/2022\/06\/Imagen-de-WhatsApp-2024-07-24-a-las-21.21.01_75be6ee6.jpg","type":"image\/jpeg"}],"twitter_card":"summary_large_image","twitter_misc":{"Tiempo de lectura":"1 minuto"},"schema":{"@context":"https:\/\/schema.org","@graph":[{"@type":"WebPage","@id":"https:\/\/www.limadiscover.com\/tour\/huaylas-alley-llanganuco-lagoon\/","url":"https:\/\/www.limadiscover.com\/tour\/huaylas-alley-llanganuco-lagoon\/","name":"\u00bfUn Auto de Lujo con Chofer en Lima? Descubre Nuestra Oferta - LIMA DISCOVER - Tours en Lima - Huacachina - Tours Aeropuerto - City Tour","isPartOf":{"@id":"https:\/\/www.limadiscover.com\/#website"},"primaryImageOfPage":{"@id":"https:\/\/www.limadiscover.com\/tour\/huaylas-alley-llanganuco-lagoon\/#primaryimage"},"image":{"@id":"https:\/\/www.limadiscover.com\/tour\/huaylas-alley-llanganuco-lagoon\/#primaryimage"},"thumbnailUrl":"https:\/\/www.limadiscover.com\/wp-content\/uploads\/2022\/06\/Imagen-de-WhatsApp-2024-07-24-a-las-21.21.01_75be6ee6.jpg","datePublished":"2022-06-29T14:36:52+00:00","dateModified":"2024-07-27T02:41:20+00:00","breadcrumb":{"@id":"https:\/\/www.limadiscover.com\/tour\/huaylas-alley-llanganuco-lagoon\/#breadcrumb"},"inLanguage":"es","potentialAction":[{"@type":"ReadAction","target":["https:\/\/www.limadiscover.com\/tour\/huaylas-alley-llanganuco-lagoon\/"]}]},{"@type":"ImageObject","inLanguage":"es","@id":"https:\/\/www.limadiscover.com\/tour\/huaylas-alley-llanganuco-lagoon\/#primaryimage","url":"https:\/\/www.limadiscover.com\/wp-content\/uploads\/2022\/06\/Imagen-de-WhatsApp-2024-07-24-a-las-21.21.01_75be6ee6.jpg","contentUrl":"https:\/\/www.limadiscover.com\/wp-content\/uploads\/2022\/06\/Imagen-de-WhatsApp-2024-07-24-a-las-21.21.01_75be6ee6.jpg","width":1204,"height":1204,"caption":"car rental lima"},{"@type":"BreadcrumbList","@id":"https:\/\/www.limadiscover.com\/tour\/huaylas-alley-llanganuco-lagoon\/#breadcrumb","itemListElement":[{"@type":"ListItem","position":1,"name":"Home","item":"https:\/\/www.limadiscover.com\/"},{"@type":"ListItem","position":2,"name":"Tours","item":"https:\/\/www.limadiscover.com\/tours\/"},{"@type":"ListItem","position":3,"name":"\u00bfUn Auto de Lujo con Chofer en Lima? Descubre Nuestra Oferta"}]},{"@type":"WebSite","@id":"https:\/\/www.limadiscover.com\/#website","url":"https:\/\/www.limadiscover.com\/","name":"LIMA DISCOVER - Tours en Lima - Huacachina - Tours Aeropuerto - City Tour","description":"","publisher":{"@id":"https:\/\/www.limadiscover.com\/#organization"},"potentialAction":[{"@type":"SearchAction","target":{"@type":"EntryPoint","urlTemplate":"https:\/\/www.limadiscover.com\/?s={search_term_string}"},"query-input":{"@type":"PropertyValueSpecification","valueRequired":true,"valueName":"search_term_string"}}],"inLanguage":"es"},{"@type":"Organization","@id":"https:\/\/www.limadiscover.com\/#organization","name":"LIMA DISCOVER - Tours en Lima - Huacachina - Tours Aeropuerto - City Tour","url":"https:\/\/www.limadiscover.com\/","logo":{"@type":"ImageObject","inLanguage":"es","@id":"https:\/\/www.limadiscover.com\/#\/schema\/logo\/image\/","url":"https:\/\/www.limadiscover.com\/wp-content\/uploads\/2022\/05\/Logo-moderno-de-Tours-Lima-Discover.png","contentUrl":"https:\/\/www.limadiscover.com\/wp-content\/uploads\/2022\/05\/Logo-moderno-de-Tours-Lima-Discover.png","width":1536,"height":1024,"caption":"LIMA DISCOVER - Tours en Lima - Huacachina - Tours Aeropuerto - City Tour"},"image":{"@id":"https:\/\/www.limadiscover.com\/#\/schema\/logo\/image\/"}}]}},"tiered_pricing_type":"fixed","tiered_pricing_fixed_rules":[],"tiered_pricing_product_settings":{"layout":"default","base_unit_name":{"singular":null,"plural":null},"default_variation":null},"tiered_pricing_minimum_quantity":null,"tiered_pricing_roles_data":[],"tiered_pricing_percentage_rules":[],"_links":{"self":[{"href":"https:\/\/www.limadiscover.com\/es\/wp-json\/wp\/v2\/product\/1084","targetHints":{"allow":["GET"]}}],"collection":[{"href":"https:\/\/www.limadiscover.com\/es\/wp-json\/wp\/v2\/product"}],"about":[{"href":"https:\/\/www.limadiscover.com\/es\/wp-json\/wp\/v2\/types\/product"}],"version-history":[{"count":10,"href":"https:\/\/www.limadiscover.com\/es\/wp-json\/wp\/v2\/product\/1084\/revisions"}],"predecessor-version":[{"id":3257,"href":"https:\/\/www.limadiscover.com\/es\/wp-json\/wp\/v2\/product\/1084\/revisions\/3257"}],"wp:featuredmedia":[{"embeddable":true,"href":"https:\/\/www.limadiscover.com\/es\/wp-json\/wp\/v2\/media\/3177"}],"wp:attachment":[{"href":"https:\/\/www.limadiscover.com\/es\/wp-json\/wp\/v2\/media?parent=1084"}],"wp:term":[{"taxonomy":"product_brand","embeddable":true,"href":"https:\/\/www.limadiscover.com\/es\/wp-json\/wp\/v2\/product_brand?post=1084"},{"taxonomy":"product_cat","embeddable":true,"href":"https:\/\/www.limadiscover.com\/es\/wp-json\/wp\/v2\/product_cat?post=1084"},{"taxonomy":"product_tag","embeddable":true,"href":"https:\/\/www.limadiscover.com\/es\/wp-json\/wp\/v2\/product_tag?post=1084"}],"curies":[{"name":"wp","href":"https:\/\/api.w.org\/{rel}","templated":true}]}}