{"id":1080,"date":"2022-06-29T09:01:21","date_gmt":"2022-06-29T14:01:21","guid":{"rendered":"https:\/\/www.limadiscover.com\/?post_type=product&#038;p=1080"},"modified":"2022-06-30T09:52:51","modified_gmt":"2022-06-30T14:52:51","slug":"cusco-valle-sagrado-machu-picchu-laguna-humantay-o-montana-de-colores-5d","status":"publish","type":"product","link":"https:\/\/www.limadiscover.com\/es\/tour\/cusco-valle-sagrado-machu-picchu-laguna-humantay-o-montana-de-colores-5d\/","title":{"rendered":"Cusco, Valle Sagrado, Machu Picchu &#038; Laguna Humantay o Monta\u00f1a de Colores &#8211; 5D"},"content":{"rendered":"<p><strong>Cuzco con Amigos<\/strong> Disfruta Cuzco con tus amigos en privado, ofrecemos todos los tours, traslados en privado con la comodidad de estar solo con tus amigos en todos los tours, nuestros gu\u00edas te mostrar\u00e1n Machu Picchu y Cuzco de una manera especial que trasportaremos de una sola vez todo el runas e incluiremos todas las entradas, tren y hoteles de su elecci\u00f3n.<\/p>\n<p><strong>Nota importante\u00a0Incluye:<\/strong> Llegada y salida desde\/hacia el hotel en Cusco. City tour y ruinas cercanas. Excursi\u00f3n a Machu Picchu en tren Expedition (Peru Rail) o Business Class (Inca Rail). Todas las entradas (Qorikancha + medio + Boleto Tur\u00edstico Machu Picchu) y gu\u00eda en espa\u00f1ol y\/o ingl\u00e9s. Alojamiento con desayuno. * Como los desayunos son brindados por el hotel estos est\u00e1n sujetos a horarios que determina el establecimiento<\/p>\n<div class=\"ast-oembed-container \" style=\"height: 100%;\"><iframe loading=\"lazy\" title=\"Machupicchu en Familia\" width=\"500\" height=\"281\" src=\"https:\/\/www.youtube.com\/embed\/SDVV06ZdO80?feature=oembed\" frameborder=\"0\" allow=\"accelerometer; autoplay; clipboard-write; encrypted-media; gyroscope; picture-in-picture; web-share\" referrerpolicy=\"strict-origin-when-cross-origin\" allowfullscreen><\/iframe><\/div>\n","protected":false},"excerpt":{"rendered":"<p>Cuzco con Amigos Disfruta Cuzco con tus amigos en privado, ofrecemos todos los tours, traslados en privado con la comodidad [&hellip;]<\/p>\n","protected":false},"featured_media":902,"template":"","meta":{"site-sidebar-layout":"default","site-content-layout":"default","ast-site-content-layout":"default","site-content-style":"default","site-sidebar-style":"default","ast-global-header-display":"","ast-banner-title-visibility":"","ast-main-header-display":"","ast-hfb-above-header-display":"","ast-hfb-below-header-display":"","ast-hfb-mobile-header-display":"","site-post-title":"","ast-breadcrumbs-content":"","ast-featured-img":"","footer-sml-layout":"","ast-disable-related-posts":"","theme-transparent-header-meta":"default","adv-header-id-meta":"","stick-header-meta":"default","header-above-stick-meta":"","header-main-stick-meta":"","header-below-stick-meta":"","astra-migrate-meta-layouts":"default","ast-page-background-enabled":"default","ast-page-background-meta":{"desktop":{"background-color":"var(--ast-global-color-5)","background-image":"","background-repeat":"repeat","background-position":"center center","background-size":"auto","background-attachment":"scroll","background-type":"","background-media":"","overlay-type":"","overlay-color":"","overlay-opacity":"","overlay-gradient":""},"tablet":{"background-color":"","background-image":"","background-repeat":"repeat","background-position":"center center","background-size":"auto","background-attachment":"scroll","background-type":"","background-media":"","overlay-type":"","overlay-color":"","overlay-opacity":"","overlay-gradient":""},"mobile":{"background-color":"","background-image":"","background-repeat":"repeat","background-position":"center center","background-size":"auto","background-attachment":"scroll","background-type":"","background-media":"","overlay-type":"","overlay-color":"","overlay-opacity":"","overlay-gradient":""}},"ast-content-background-meta":{"desktop":{"background-color":"var(--ast-global-color-4)","background-image":"","background-repeat":"repeat","background-position":"center center","background-size":"auto","background-attachment":"scroll","background-type":"","background-media":"","overlay-type":"","overlay-color":"","overlay-opacity":"","overlay-gradient":""},"tablet":{"background-color":"var(--ast-global-color-4)","background-image":"","background-repeat":"repeat","background-position":"center center","background-size":"auto","background-attachment":"scroll","background-type":"","background-media":"","overlay-type":"","overlay-color":"","overlay-opacity":"","overlay-gradient":""},"mobile":{"background-color":"var(--ast-global-color-4)","background-image":"","background-repeat":"repeat","background-position":"center center","background-size":"auto","background-attachment":"scroll","background-type":"","background-media":"","overlay-type":"","overlay-color":"","overlay-opacity":"","overlay-gradient":""}},"_joinchat":[]},"product_brand":[],"product_cat":[44],"product_tag":[],"class_list":{"0":"post-1080","1":"product","2":"type-product","3":"status-publish","4":"has-post-thumbnail","6":"product_cat-machu-picchu-tours-es","7":"desktop-align-left","8":"tablet-align-left","9":"mobile-align-left","11":"first","12":"instock","13":"shipping-taxable","14":"purchasable","15":"product-type-simple"},"yoast_head":"<!-- This site is optimized with the Yoast SEO plugin v27.1.1 - https:\/\/yoast.com\/product\/yoast-seo-wordpress\/ -->\n<title>Cusco, Valle Sagrado, Machu Picchu &amp; Laguna Humantay o Monta\u00f1a de Colores - 5D - LIMA DISCOVER - Tours en Lima - Huacachina - Tours Aeropuerto - City Tour<\/title>\n<meta name=\"robots\" content=\"index, follow, max-snippet:-1, max-image-preview:large, max-video-preview:-1\" \/>\n<link rel=\"canonical\" href=\"https:\/\/www.limadiscover.com\/es\/tour\/cusco-valle-sagrado-machu-picchu-laguna-humantay-o-montana-de-colores-5d\/\" \/>\n<meta property=\"og:locale\" content=\"es_ES\" \/>\n<meta property=\"og:type\" content=\"article\" \/>\n<meta property=\"og:title\" content=\"Cusco, Valle Sagrado, Machu Picchu &amp; Laguna Humantay o Monta\u00f1a de Colores - 5D - LIMA DISCOVER - Tours en Lima - Huacachina - Tours Aeropuerto - City Tour\" \/>\n<meta property=\"og:description\" content=\"Cuzco con Amigos Disfruta Cuzco con tus amigos en privado, ofrecemos todos los tours, traslados en privado con la comodidad [&hellip;]\" \/>\n<meta property=\"og:url\" content=\"https:\/\/www.limadiscover.com\/es\/tour\/cusco-valle-sagrado-machu-picchu-laguna-humantay-o-montana-de-colores-5d\/\" \/>\n<meta property=\"og:site_name\" content=\"LIMA DISCOVER - Tours en Lima - Huacachina - Tours Aeropuerto - City Tour\" \/>\n<meta property=\"article:modified_time\" content=\"2022-06-30T14:52:51+00:00\" \/>\n<meta property=\"og:image\" content=\"https:\/\/www.limadiscover.com\/wp-content\/uploads\/2022\/06\/Huamantay.jpg\" \/>\n\t<meta property=\"og:image:width\" content=\"1152\" \/>\n\t<meta property=\"og:image:height\" content=\"864\" \/>\n\t<meta property=\"og:image:type\" content=\"image\/jpeg\" \/>\n<meta name=\"twitter:card\" content=\"summary_large_image\" \/>\n<meta name=\"twitter:label1\" content=\"Tiempo de lectura\" \/>\n\t<meta name=\"twitter:data1\" content=\"1 minuto\" \/>\n<script type=\"application\/ld+json\" class=\"yoast-schema-graph\">{\"@context\":\"https:\/\/schema.org\",\"@graph\":[{\"@type\":\"WebPage\",\"@id\":\"https:\/\/www.limadiscover.com\/es\/tour\/cusco-valle-sagrado-machu-picchu-laguna-humantay-o-montana-de-colores-5d\/\",\"url\":\"https:\/\/www.limadiscover.com\/es\/tour\/cusco-valle-sagrado-machu-picchu-laguna-humantay-o-montana-de-colores-5d\/\",\"name\":\"Cusco, Valle Sagrado, Machu Picchu & Laguna Humantay o Monta\u00f1a de Colores - 5D - LIMA DISCOVER - Tours en Lima - Huacachina - Tours Aeropuerto - City Tour\",\"isPartOf\":{\"@id\":\"https:\/\/www.limadiscover.com\/#website\"},\"primaryImageOfPage\":{\"@id\":\"https:\/\/www.limadiscover.com\/es\/tour\/cusco-valle-sagrado-machu-picchu-laguna-humantay-o-montana-de-colores-5d\/#primaryimage\"},\"image\":{\"@id\":\"https:\/\/www.limadiscover.com\/es\/tour\/cusco-valle-sagrado-machu-picchu-laguna-humantay-o-montana-de-colores-5d\/#primaryimage\"},\"thumbnailUrl\":\"https:\/\/www.limadiscover.com\/wp-content\/uploads\/2022\/06\/Huamantay.jpg\",\"datePublished\":\"2022-06-29T14:01:21+00:00\",\"dateModified\":\"2022-06-30T14:52:51+00:00\",\"breadcrumb\":{\"@id\":\"https:\/\/www.limadiscover.com\/es\/tour\/cusco-valle-sagrado-machu-picchu-laguna-humantay-o-montana-de-colores-5d\/#breadcrumb\"},\"inLanguage\":\"es\",\"potentialAction\":[{\"@type\":\"ReadAction\",\"target\":[\"https:\/\/www.limadiscover.com\/es\/tour\/cusco-valle-sagrado-machu-picchu-laguna-humantay-o-montana-de-colores-5d\/\"]}]},{\"@type\":\"ImageObject\",\"inLanguage\":\"es\",\"@id\":\"https:\/\/www.limadiscover.com\/es\/tour\/cusco-valle-sagrado-machu-picchu-laguna-humantay-o-montana-de-colores-5d\/#primaryimage\",\"url\":\"https:\/\/www.limadiscover.com\/wp-content\/uploads\/2022\/06\/Huamantay.jpg\",\"contentUrl\":\"https:\/\/www.limadiscover.com\/wp-content\/uploads\/2022\/06\/Huamantay.jpg\",\"width\":1152,\"height\":864},{\"@type\":\"BreadcrumbList\",\"@id\":\"https:\/\/www.limadiscover.com\/es\/tour\/cusco-valle-sagrado-machu-picchu-laguna-humantay-o-montana-de-colores-5d\/#breadcrumb\",\"itemListElement\":[{\"@type\":\"ListItem\",\"position\":1,\"name\":\"Home\",\"item\":\"https:\/\/www.limadiscover.com\/es\/\"},{\"@type\":\"ListItem\",\"position\":2,\"name\":\"Tours\",\"item\":\"https:\/\/www.limadiscover.com\/tours\/\"},{\"@type\":\"ListItem\",\"position\":3,\"name\":\"Cusco, Valle Sagrado, Machu Picchu &#038; Laguna Humantay o Monta\u00f1a de Colores &#8211; 5D\"}]},{\"@type\":\"WebSite\",\"@id\":\"https:\/\/www.limadiscover.com\/#website\",\"url\":\"https:\/\/www.limadiscover.com\/\",\"name\":\"LIMA DISCOVER - Tours en Lima - Huacachina - Tours Aeropuerto - City Tour\",\"description\":\"\",\"publisher\":{\"@id\":\"https:\/\/www.limadiscover.com\/#organization\"},\"potentialAction\":[{\"@type\":\"SearchAction\",\"target\":{\"@type\":\"EntryPoint\",\"urlTemplate\":\"https:\/\/www.limadiscover.com\/?s={search_term_string}\"},\"query-input\":{\"@type\":\"PropertyValueSpecification\",\"valueRequired\":true,\"valueName\":\"search_term_string\"}}],\"inLanguage\":\"es\"},{\"@type\":\"Organization\",\"@id\":\"https:\/\/www.limadiscover.com\/#organization\",\"name\":\"LIMA DISCOVER - Tours en Lima - Huacachina - Tours Aeropuerto - City Tour\",\"url\":\"https:\/\/www.limadiscover.com\/\",\"logo\":{\"@type\":\"ImageObject\",\"inLanguage\":\"es\",\"@id\":\"https:\/\/www.limadiscover.com\/#\/schema\/logo\/image\/\",\"url\":\"https:\/\/www.limadiscover.com\/wp-content\/uploads\/2022\/05\/Logo-moderno-de-Tours-Lima-Discover.png\",\"contentUrl\":\"https:\/\/www.limadiscover.com\/wp-content\/uploads\/2022\/05\/Logo-moderno-de-Tours-Lima-Discover.png\",\"width\":1536,\"height\":1024,\"caption\":\"LIMA DISCOVER - Tours en Lima - Huacachina - Tours Aeropuerto - City Tour\"},\"image\":{\"@id\":\"https:\/\/www.limadiscover.com\/#\/schema\/logo\/image\/\"}}]}<\/script>\n<!-- \/ Yoast SEO plugin. -->","yoast_head_json":{"title":"Cusco, Valle Sagrado, Machu Picchu & Laguna Humantay o Monta\u00f1a de Colores - 5D - LIMA DISCOVER - Tours en Lima - Huacachina - Tours Aeropuerto - City Tour","robots":{"index":"index","follow":"follow","max-snippet":"max-snippet:-1","max-image-preview":"max-image-preview:large","max-video-preview":"max-video-preview:-1"},"canonical":"https:\/\/www.limadiscover.com\/es\/tour\/cusco-valle-sagrado-machu-picchu-laguna-humantay-o-montana-de-colores-5d\/","og_locale":"es_ES","og_type":"article","og_title":"Cusco, Valle Sagrado, Machu Picchu & Laguna Humantay o Monta\u00f1a de Colores - 5D - LIMA DISCOVER - Tours en Lima - Huacachina - Tours Aeropuerto - City Tour","og_description":"Cuzco con Amigos Disfruta Cuzco con tus amigos en privado, ofrecemos todos los tours, traslados en privado con la comodidad [&hellip;]","og_url":"https:\/\/www.limadiscover.com\/es\/tour\/cusco-valle-sagrado-machu-picchu-laguna-humantay-o-montana-de-colores-5d\/","og_site_name":"LIMA DISCOVER - Tours en Lima - Huacachina - Tours Aeropuerto - City Tour","article_modified_time":"2022-06-30T14:52:51+00:00","og_image":[{"width":1152,"height":864,"url":"https:\/\/www.limadiscover.com\/wp-content\/uploads\/2022\/06\/Huamantay.jpg","type":"image\/jpeg"}],"twitter_card":"summary_large_image","twitter_misc":{"Tiempo de lectura":"1 minuto"},"schema":{"@context":"https:\/\/schema.org","@graph":[{"@type":"WebPage","@id":"https:\/\/www.limadiscover.com\/es\/tour\/cusco-valle-sagrado-machu-picchu-laguna-humantay-o-montana-de-colores-5d\/","url":"https:\/\/www.limadiscover.com\/es\/tour\/cusco-valle-sagrado-machu-picchu-laguna-humantay-o-montana-de-colores-5d\/","name":"Cusco, Valle Sagrado, Machu Picchu & Laguna Humantay o Monta\u00f1a de Colores - 5D - LIMA DISCOVER - Tours en Lima - Huacachina - Tours Aeropuerto - City Tour","isPartOf":{"@id":"https:\/\/www.limadiscover.com\/#website"},"primaryImageOfPage":{"@id":"https:\/\/www.limadiscover.com\/es\/tour\/cusco-valle-sagrado-machu-picchu-laguna-humantay-o-montana-de-colores-5d\/#primaryimage"},"image":{"@id":"https:\/\/www.limadiscover.com\/es\/tour\/cusco-valle-sagrado-machu-picchu-laguna-humantay-o-montana-de-colores-5d\/#primaryimage"},"thumbnailUrl":"https:\/\/www.limadiscover.com\/wp-content\/uploads\/2022\/06\/Huamantay.jpg","datePublished":"2022-06-29T14:01:21+00:00","dateModified":"2022-06-30T14:52:51+00:00","breadcrumb":{"@id":"https:\/\/www.limadiscover.com\/es\/tour\/cusco-valle-sagrado-machu-picchu-laguna-humantay-o-montana-de-colores-5d\/#breadcrumb"},"inLanguage":"es","potentialAction":[{"@type":"ReadAction","target":["https:\/\/www.limadiscover.com\/es\/tour\/cusco-valle-sagrado-machu-picchu-laguna-humantay-o-montana-de-colores-5d\/"]}]},{"@type":"ImageObject","inLanguage":"es","@id":"https:\/\/www.limadiscover.com\/es\/tour\/cusco-valle-sagrado-machu-picchu-laguna-humantay-o-montana-de-colores-5d\/#primaryimage","url":"https:\/\/www.limadiscover.com\/wp-content\/uploads\/2022\/06\/Huamantay.jpg","contentUrl":"https:\/\/www.limadiscover.com\/wp-content\/uploads\/2022\/06\/Huamantay.jpg","width":1152,"height":864},{"@type":"BreadcrumbList","@id":"https:\/\/www.limadiscover.com\/es\/tour\/cusco-valle-sagrado-machu-picchu-laguna-humantay-o-montana-de-colores-5d\/#breadcrumb","itemListElement":[{"@type":"ListItem","position":1,"name":"Home","item":"https:\/\/www.limadiscover.com\/es\/"},{"@type":"ListItem","position":2,"name":"Tours","item":"https:\/\/www.limadiscover.com\/tours\/"},{"@type":"ListItem","position":3,"name":"Cusco, Valle Sagrado, Machu Picchu &#038; Laguna Humantay o Monta\u00f1a de Colores &#8211; 5D"}]},{"@type":"WebSite","@id":"https:\/\/www.limadiscover.com\/#website","url":"https:\/\/www.limadiscover.com\/","name":"LIMA DISCOVER - Tours en Lima - Huacachina - Tours Aeropuerto - City Tour","description":"","publisher":{"@id":"https:\/\/www.limadiscover.com\/#organization"},"potentialAction":[{"@type":"SearchAction","target":{"@type":"EntryPoint","urlTemplate":"https:\/\/www.limadiscover.com\/?s={search_term_string}"},"query-input":{"@type":"PropertyValueSpecification","valueRequired":true,"valueName":"search_term_string"}}],"inLanguage":"es"},{"@type":"Organization","@id":"https:\/\/www.limadiscover.com\/#organization","name":"LIMA DISCOVER - Tours en Lima - Huacachina - Tours Aeropuerto - City Tour","url":"https:\/\/www.limadiscover.com\/","logo":{"@type":"ImageObject","inLanguage":"es","@id":"https:\/\/www.limadiscover.com\/#\/schema\/logo\/image\/","url":"https:\/\/www.limadiscover.com\/wp-content\/uploads\/2022\/05\/Logo-moderno-de-Tours-Lima-Discover.png","contentUrl":"https:\/\/www.limadiscover.com\/wp-content\/uploads\/2022\/05\/Logo-moderno-de-Tours-Lima-Discover.png","width":1536,"height":1024,"caption":"LIMA DISCOVER - Tours en Lima - Huacachina - Tours Aeropuerto - City Tour"},"image":{"@id":"https:\/\/www.limadiscover.com\/#\/schema\/logo\/image\/"}}]}},"tiered_pricing_type":"fixed","tiered_pricing_fixed_rules":[],"tiered_pricing_product_settings":{"layout":"default","base_unit_name":{"singular":null,"plural":null},"default_variation":null},"tiered_pricing_minimum_quantity":null,"tiered_pricing_roles_data":[],"tiered_pricing_percentage_rules":[],"_links":{"self":[{"href":"https:\/\/www.limadiscover.com\/es\/wp-json\/wp\/v2\/product\/1080","targetHints":{"allow":["GET"]}}],"collection":[{"href":"https:\/\/www.limadiscover.com\/es\/wp-json\/wp\/v2\/product"}],"about":[{"href":"https:\/\/www.limadiscover.com\/es\/wp-json\/wp\/v2\/types\/product"}],"version-history":[{"count":3,"href":"https:\/\/www.limadiscover.com\/es\/wp-json\/wp\/v2\/product\/1080\/revisions"}],"predecessor-version":[{"id":1083,"href":"https:\/\/www.limadiscover.com\/es\/wp-json\/wp\/v2\/product\/1080\/revisions\/1083"}],"wp:featuredmedia":[{"embeddable":true,"href":"https:\/\/www.limadiscover.com\/es\/wp-json\/wp\/v2\/media\/902"}],"wp:attachment":[{"href":"https:\/\/www.limadiscover.com\/es\/wp-json\/wp\/v2\/media?parent=1080"}],"wp:term":[{"taxonomy":"product_brand","embeddable":true,"href":"https:\/\/www.limadiscover.com\/es\/wp-json\/wp\/v2\/product_brand?post=1080"},{"taxonomy":"product_cat","embeddable":true,"href":"https:\/\/www.limadiscover.com\/es\/wp-json\/wp\/v2\/product_cat?post=1080"},{"taxonomy":"product_tag","embeddable":true,"href":"https:\/\/www.limadiscover.com\/es\/wp-json\/wp\/v2\/product_tag?post=1080"}],"curies":[{"name":"wp","href":"https:\/\/api.w.org\/{rel}","templated":true}]}}