{"id":1062,"date":"2022-06-27T10:05:49","date_gmt":"2022-06-27T15:05:49","guid":{"rendered":"https:\/\/www.limadiscover.com\/?post_type=product&#038;p=1062"},"modified":"2025-12-03T22:00:40","modified_gmt":"2025-12-04T03:00:40","slug":"tour-para-cruceros-en-lima","status":"publish","type":"product","link":"https:\/\/www.limadiscover.com\/es\/tour\/tour-para-cruceros-en-lima\/","title":{"rendered":"Tour Para Cruceros en Lima Desde el Puerto del Callao"},"content":{"rendered":"\t\t<div data-elementor-type=\"product-post\" data-elementor-id=\"1062\" class=\"elementor elementor-1062 elementor-737\" data-elementor-post-type=\"product\">\n\t\t\t\t\t\t<section class=\"elementor-section elementor-top-section elementor-element elementor-element-4930a48d elementor-section-boxed elementor-section-height-default elementor-section-height-default\" data-id=\"4930a48d\" data-element_type=\"section\" data-e-type=\"section\">\n\t\t\t\t\t\t<div class=\"elementor-container elementor-column-gap-default\">\n\t\t\t\t\t<div class=\"elementor-column elementor-col-100 elementor-top-column elementor-element elementor-element-53cf7fb5\" data-id=\"53cf7fb5\" data-element_type=\"column\" data-e-type=\"column\">\n\t\t\t<div class=\"elementor-widget-wrap elementor-element-populated\">\n\t\t\t\t\t\t<div class=\"elementor-element elementor-element-236240a7 elementor-widget elementor-widget-text-editor\" data-id=\"236240a7\" data-element_type=\"widget\" data-e-type=\"widget\" data-widget_type=\"text-editor.default\">\n\t\t\t\t<div class=\"elementor-widget-container\">\n\t\t\t\t\t\t\t\t\t<h3>TOURS EN LIMA DESDE PUERTO CALLAO.<\/h3><h5>MUY IMPORTANTE :<\/h5><p>Tenemos un tour especial para todos nuestros amigos turistas que llegan a Lima en barco al puerto del Callao, este lindo recorrido por la ciudad de Lima te mostrara los m\u00e1s bellos lugares tur\u00edsticos e hist\u00f3ricos de esta ciudad llamada por los espa\u00f1oles\u201d La ciudad de los Reyes \u201ctambi\u00e9n le incluimos la visita a la parte moderna como Miraflores con sus bellas costas ba\u00f1adas por el mar pacifico unas vistas hermosas. Este tour inicia a las 9 am que es la hora de encuentro en el puerto (si el barco llega m\u00e1s tarde la hora de encuentro varia) habr\u00e1 hasta un m\u00e1ximo de 16 personas por grupo y a los cuales dos gu\u00edas los atender\u00e1n habr\u00e1 botellas de agua para todos y estar\u00e1n muy c\u00f3modos.<\/p><h5>RECOGIDA DEL TOUR:<\/h5><p>El punto de encuentro con nuestros gu\u00edas ser\u00e1 fuera del puerto y para ello debe tomar un bus que lo llevar\u00e1 a la salida all\u00ed estar\u00e1n los gu\u00edas con un cartel de nuestra agencia \u201cLIMA DISCOVER\u201d si se cambia el lugar de encuentro a uno cercano Si centro comercial Nos llaman, env\u00edanos un mensaje o env\u00edanos un email antes de salir del puerto para coordinar el lugar donde te estaremos esperando.<\/p>\t\t\t\t\t\t\t\t<\/div>\n\t\t\t\t<\/div>\n\t\t\t\t\t<\/div>\n\t\t<\/div>\n\t\t\t\t\t<\/div>\n\t\t<\/section>\n\t\t\t\t<\/div>\n\t\t","protected":false},"excerpt":{"rendered":"<p>TOURS EN LIMA DESDE PUERTO CALLAO. MUY IMPORTANTE : Tenemos un tour especial para todos nuestros amigos turistas que llegan [&hellip;]<\/p>\n","protected":false},"featured_media":4013,"template":"","meta":{"site-sidebar-layout":"default","site-content-layout":"default","ast-site-content-layout":"default","site-content-style":"default","site-sidebar-style":"default","ast-global-header-display":"","ast-banner-title-visibility":"","ast-main-header-display":"","ast-hfb-above-header-display":"","ast-hfb-below-header-display":"","ast-hfb-mobile-header-display":"","site-post-title":"","ast-breadcrumbs-content":"","ast-featured-img":"","footer-sml-layout":"","ast-disable-related-posts":"","theme-transparent-header-meta":"default","adv-header-id-meta":"","stick-header-meta":"default","header-above-stick-meta":"","header-main-stick-meta":"","header-below-stick-meta":"","astra-migrate-meta-layouts":"set","ast-page-background-enabled":"default","ast-page-background-meta":{"desktop":{"background-color":"var(--ast-global-color-5)","background-image":"","background-repeat":"repeat","background-position":"center center","background-size":"auto","background-attachment":"scroll","background-type":"","background-media":"","overlay-type":"","overlay-color":"","overlay-opacity":"","overlay-gradient":""},"tablet":{"background-color":"","background-image":"","background-repeat":"repeat","background-position":"center center","background-size":"auto","background-attachment":"scroll","background-type":"","background-media":"","overlay-type":"","overlay-color":"","overlay-opacity":"","overlay-gradient":""},"mobile":{"background-color":"","background-image":"","background-repeat":"repeat","background-position":"center center","background-size":"auto","background-attachment":"scroll","background-type":"","background-media":"","overlay-type":"","overlay-color":"","overlay-opacity":"","overlay-gradient":""}},"ast-content-background-meta":{"desktop":{"background-color":"var(--ast-global-color-4)","background-image":"","background-repeat":"repeat","background-position":"center center","background-size":"auto","background-attachment":"scroll","background-type":"","background-media":"","overlay-type":"","overlay-color":"","overlay-opacity":"","overlay-gradient":""},"tablet":{"background-color":"var(--ast-global-color-4)","background-image":"","background-repeat":"repeat","background-position":"center center","background-size":"auto","background-attachment":"scroll","background-type":"","background-media":"","overlay-type":"","overlay-color":"","overlay-opacity":"","overlay-gradient":""},"mobile":{"background-color":"var(--ast-global-color-4)","background-image":"","background-repeat":"repeat","background-position":"center center","background-size":"auto","background-attachment":"scroll","background-type":"","background-media":"","overlay-type":"","overlay-color":"","overlay-opacity":"","overlay-gradient":""}},"_joinchat":[]},"product_brand":[],"product_cat":[59],"product_tag":[],"class_list":{"0":"post-1062","1":"product","2":"type-product","3":"status-publish","4":"has-post-thumbnail","6":"product_cat-lima-2","7":"desktop-align-left","8":"tablet-align-left","9":"mobile-align-left","11":"first","12":"instock","13":"shipping-taxable","14":"purchasable","15":"product-type-simple"},"yoast_head":"<!-- This site is optimized with the Yoast SEO plugin v27.1.1 - https:\/\/yoast.com\/product\/yoast-seo-wordpress\/ -->\n<title>Tour Para Cruceros en Lima Desde el Puerto del Callao - LIMA DISCOVER - Tours en Lima - Huacachina - Tours Aeropuerto - City Tour<\/title>\n<meta name=\"robots\" content=\"index, follow, max-snippet:-1, max-image-preview:large, max-video-preview:-1\" \/>\n<link rel=\"canonical\" href=\"https:\/\/www.limadiscover.com\/es\/tour\/tour-para-cruceros-en-lima\/\" \/>\n<meta property=\"og:locale\" content=\"es_ES\" \/>\n<meta property=\"og:type\" content=\"article\" \/>\n<meta property=\"og:title\" content=\"Tour Para Cruceros en Lima Desde el Puerto del Callao - LIMA DISCOVER - Tours en Lima - Huacachina - Tours Aeropuerto - City Tour\" \/>\n<meta property=\"og:description\" content=\"TOURS EN LIMA DESDE PUERTO CALLAO. MUY IMPORTANTE : Tenemos un tour especial para todos nuestros amigos turistas que llegan [&hellip;]\" \/>\n<meta property=\"og:url\" content=\"https:\/\/www.limadiscover.com\/es\/tour\/tour-para-cruceros-en-lima\/\" \/>\n<meta property=\"og:site_name\" content=\"LIMA DISCOVER - Tours en Lima - Huacachina - Tours Aeropuerto - City Tour\" \/>\n<meta property=\"article:modified_time\" content=\"2025-12-04T03:00:40+00:00\" \/>\n<meta property=\"og:image\" content=\"https:\/\/www.limadiscover.com\/wp-content\/uploads\/2022\/06\/Imagen-de-WhatsApp-2025-07-05-a-las-21.43.38_33734664.jpg\" \/>\n\t<meta property=\"og:image:width\" content=\"1600\" \/>\n\t<meta property=\"og:image:height\" content=\"1200\" \/>\n\t<meta property=\"og:image:type\" content=\"image\/jpeg\" \/>\n<meta name=\"twitter:card\" content=\"summary_large_image\" \/>\n<meta name=\"twitter:label1\" content=\"Tiempo de lectura\" \/>\n\t<meta name=\"twitter:data1\" content=\"2 minutos\" \/>\n<script type=\"application\/ld+json\" class=\"yoast-schema-graph\">{\"@context\":\"https:\/\/schema.org\",\"@graph\":[{\"@type\":\"WebPage\",\"@id\":\"https:\/\/www.limadiscover.com\/es\/tour\/tour-para-cruceros-en-lima\/\",\"url\":\"https:\/\/www.limadiscover.com\/es\/tour\/tour-para-cruceros-en-lima\/\",\"name\":\"Tour Para Cruceros en Lima Desde el Puerto del Callao - LIMA DISCOVER - Tours en Lima - Huacachina - Tours Aeropuerto - City Tour\",\"isPartOf\":{\"@id\":\"https:\/\/www.limadiscover.com\/#website\"},\"primaryImageOfPage\":{\"@id\":\"https:\/\/www.limadiscover.com\/es\/tour\/tour-para-cruceros-en-lima\/#primaryimage\"},\"image\":{\"@id\":\"https:\/\/www.limadiscover.com\/es\/tour\/tour-para-cruceros-en-lima\/#primaryimage\"},\"thumbnailUrl\":\"https:\/\/www.limadiscover.com\/wp-content\/uploads\/2022\/06\/Imagen-de-WhatsApp-2025-07-05-a-las-21.43.38_33734664.jpg\",\"datePublished\":\"2022-06-27T15:05:49+00:00\",\"dateModified\":\"2025-12-04T03:00:40+00:00\",\"breadcrumb\":{\"@id\":\"https:\/\/www.limadiscover.com\/es\/tour\/tour-para-cruceros-en-lima\/#breadcrumb\"},\"inLanguage\":\"es\",\"potentialAction\":[{\"@type\":\"ReadAction\",\"target\":[\"https:\/\/www.limadiscover.com\/es\/tour\/tour-para-cruceros-en-lima\/\"]}]},{\"@type\":\"ImageObject\",\"inLanguage\":\"es\",\"@id\":\"https:\/\/www.limadiscover.com\/es\/tour\/tour-para-cruceros-en-lima\/#primaryimage\",\"url\":\"https:\/\/www.limadiscover.com\/wp-content\/uploads\/2022\/06\/Imagen-de-WhatsApp-2025-07-05-a-las-21.43.38_33734664.jpg\",\"contentUrl\":\"https:\/\/www.limadiscover.com\/wp-content\/uploads\/2022\/06\/Imagen-de-WhatsApp-2025-07-05-a-las-21.43.38_33734664.jpg\",\"width\":1600,\"height\":1200,\"caption\":\"Lima city tour Lima city tour from cruise port Lima shore excursion Callao port tours Tours from Callao cruise port Lima private tours Lima guided tours Private transportation Lima Peru private tours\"},{\"@type\":\"BreadcrumbList\",\"@id\":\"https:\/\/www.limadiscover.com\/es\/tour\/tour-para-cruceros-en-lima\/#breadcrumb\",\"itemListElement\":[{\"@type\":\"ListItem\",\"position\":1,\"name\":\"Home\",\"item\":\"https:\/\/www.limadiscover.com\/es\/\"},{\"@type\":\"ListItem\",\"position\":2,\"name\":\"Tours\",\"item\":\"https:\/\/www.limadiscover.com\/tours\/\"},{\"@type\":\"ListItem\",\"position\":3,\"name\":\"Tour Para Cruceros en Lima Desde el Puerto del Callao\"}]},{\"@type\":\"WebSite\",\"@id\":\"https:\/\/www.limadiscover.com\/#website\",\"url\":\"https:\/\/www.limadiscover.com\/\",\"name\":\"LIMA DISCOVER - Tours en Lima - Huacachina - Tours Aeropuerto - City Tour\",\"description\":\"\",\"publisher\":{\"@id\":\"https:\/\/www.limadiscover.com\/#organization\"},\"potentialAction\":[{\"@type\":\"SearchAction\",\"target\":{\"@type\":\"EntryPoint\",\"urlTemplate\":\"https:\/\/www.limadiscover.com\/?s={search_term_string}\"},\"query-input\":{\"@type\":\"PropertyValueSpecification\",\"valueRequired\":true,\"valueName\":\"search_term_string\"}}],\"inLanguage\":\"es\"},{\"@type\":\"Organization\",\"@id\":\"https:\/\/www.limadiscover.com\/#organization\",\"name\":\"LIMA DISCOVER - Tours en Lima - Huacachina - Tours Aeropuerto - City Tour\",\"url\":\"https:\/\/www.limadiscover.com\/\",\"logo\":{\"@type\":\"ImageObject\",\"inLanguage\":\"es\",\"@id\":\"https:\/\/www.limadiscover.com\/#\/schema\/logo\/image\/\",\"url\":\"https:\/\/www.limadiscover.com\/wp-content\/uploads\/2022\/05\/Logo-moderno-de-Tours-Lima-Discover.png\",\"contentUrl\":\"https:\/\/www.limadiscover.com\/wp-content\/uploads\/2022\/05\/Logo-moderno-de-Tours-Lima-Discover.png\",\"width\":1536,\"height\":1024,\"caption\":\"LIMA DISCOVER - Tours en Lima - Huacachina - Tours Aeropuerto - City Tour\"},\"image\":{\"@id\":\"https:\/\/www.limadiscover.com\/#\/schema\/logo\/image\/\"}}]}<\/script>\n<!-- \/ Yoast SEO plugin. -->","yoast_head_json":{"title":"Tour Para Cruceros en Lima Desde el Puerto del Callao - LIMA DISCOVER - Tours en Lima - Huacachina - Tours Aeropuerto - City Tour","robots":{"index":"index","follow":"follow","max-snippet":"max-snippet:-1","max-image-preview":"max-image-preview:large","max-video-preview":"max-video-preview:-1"},"canonical":"https:\/\/www.limadiscover.com\/es\/tour\/tour-para-cruceros-en-lima\/","og_locale":"es_ES","og_type":"article","og_title":"Tour Para Cruceros en Lima Desde el Puerto del Callao - LIMA DISCOVER - Tours en Lima - Huacachina - Tours Aeropuerto - City Tour","og_description":"TOURS EN LIMA DESDE PUERTO CALLAO. MUY IMPORTANTE : Tenemos un tour especial para todos nuestros amigos turistas que llegan [&hellip;]","og_url":"https:\/\/www.limadiscover.com\/es\/tour\/tour-para-cruceros-en-lima\/","og_site_name":"LIMA DISCOVER - Tours en Lima - Huacachina - Tours Aeropuerto - City Tour","article_modified_time":"2025-12-04T03:00:40+00:00","og_image":[{"width":1600,"height":1200,"url":"https:\/\/www.limadiscover.com\/wp-content\/uploads\/2022\/06\/Imagen-de-WhatsApp-2025-07-05-a-las-21.43.38_33734664.jpg","type":"image\/jpeg"}],"twitter_card":"summary_large_image","twitter_misc":{"Tiempo de lectura":"2 minutos"},"schema":{"@context":"https:\/\/schema.org","@graph":[{"@type":"WebPage","@id":"https:\/\/www.limadiscover.com\/es\/tour\/tour-para-cruceros-en-lima\/","url":"https:\/\/www.limadiscover.com\/es\/tour\/tour-para-cruceros-en-lima\/","name":"Tour Para Cruceros en Lima Desde el Puerto del Callao - LIMA DISCOVER - Tours en Lima - Huacachina - Tours Aeropuerto - City Tour","isPartOf":{"@id":"https:\/\/www.limadiscover.com\/#website"},"primaryImageOfPage":{"@id":"https:\/\/www.limadiscover.com\/es\/tour\/tour-para-cruceros-en-lima\/#primaryimage"},"image":{"@id":"https:\/\/www.limadiscover.com\/es\/tour\/tour-para-cruceros-en-lima\/#primaryimage"},"thumbnailUrl":"https:\/\/www.limadiscover.com\/wp-content\/uploads\/2022\/06\/Imagen-de-WhatsApp-2025-07-05-a-las-21.43.38_33734664.jpg","datePublished":"2022-06-27T15:05:49+00:00","dateModified":"2025-12-04T03:00:40+00:00","breadcrumb":{"@id":"https:\/\/www.limadiscover.com\/es\/tour\/tour-para-cruceros-en-lima\/#breadcrumb"},"inLanguage":"es","potentialAction":[{"@type":"ReadAction","target":["https:\/\/www.limadiscover.com\/es\/tour\/tour-para-cruceros-en-lima\/"]}]},{"@type":"ImageObject","inLanguage":"es","@id":"https:\/\/www.limadiscover.com\/es\/tour\/tour-para-cruceros-en-lima\/#primaryimage","url":"https:\/\/www.limadiscover.com\/wp-content\/uploads\/2022\/06\/Imagen-de-WhatsApp-2025-07-05-a-las-21.43.38_33734664.jpg","contentUrl":"https:\/\/www.limadiscover.com\/wp-content\/uploads\/2022\/06\/Imagen-de-WhatsApp-2025-07-05-a-las-21.43.38_33734664.jpg","width":1600,"height":1200,"caption":"Lima city tour Lima city tour from cruise port Lima shore excursion Callao port tours Tours from Callao cruise port Lima private tours Lima guided tours Private transportation Lima Peru private tours"},{"@type":"BreadcrumbList","@id":"https:\/\/www.limadiscover.com\/es\/tour\/tour-para-cruceros-en-lima\/#breadcrumb","itemListElement":[{"@type":"ListItem","position":1,"name":"Home","item":"https:\/\/www.limadiscover.com\/es\/"},{"@type":"ListItem","position":2,"name":"Tours","item":"https:\/\/www.limadiscover.com\/tours\/"},{"@type":"ListItem","position":3,"name":"Tour Para Cruceros en Lima Desde el Puerto del Callao"}]},{"@type":"WebSite","@id":"https:\/\/www.limadiscover.com\/#website","url":"https:\/\/www.limadiscover.com\/","name":"LIMA DISCOVER - Tours en Lima - Huacachina - Tours Aeropuerto - City Tour","description":"","publisher":{"@id":"https:\/\/www.limadiscover.com\/#organization"},"potentialAction":[{"@type":"SearchAction","target":{"@type":"EntryPoint","urlTemplate":"https:\/\/www.limadiscover.com\/?s={search_term_string}"},"query-input":{"@type":"PropertyValueSpecification","valueRequired":true,"valueName":"search_term_string"}}],"inLanguage":"es"},{"@type":"Organization","@id":"https:\/\/www.limadiscover.com\/#organization","name":"LIMA DISCOVER - Tours en Lima - Huacachina - Tours Aeropuerto - City Tour","url":"https:\/\/www.limadiscover.com\/","logo":{"@type":"ImageObject","inLanguage":"es","@id":"https:\/\/www.limadiscover.com\/#\/schema\/logo\/image\/","url":"https:\/\/www.limadiscover.com\/wp-content\/uploads\/2022\/05\/Logo-moderno-de-Tours-Lima-Discover.png","contentUrl":"https:\/\/www.limadiscover.com\/wp-content\/uploads\/2022\/05\/Logo-moderno-de-Tours-Lima-Discover.png","width":1536,"height":1024,"caption":"LIMA DISCOVER - Tours en Lima - Huacachina - Tours Aeropuerto - City Tour"},"image":{"@id":"https:\/\/www.limadiscover.com\/#\/schema\/logo\/image\/"}}]}},"tiered_pricing_type":"fixed","tiered_pricing_fixed_rules":{"4":65,"10":60,"16":55},"tiered_pricing_product_settings":{"layout":"default","base_unit_name":{"singular":null,"plural":null},"default_variation":null},"tiered_pricing_minimum_quantity":null,"tiered_pricing_roles_data":[],"tiered_pricing_percentage_rules":[],"_links":{"self":[{"href":"https:\/\/www.limadiscover.com\/es\/wp-json\/wp\/v2\/product\/1062","targetHints":{"allow":["GET"]}}],"collection":[{"href":"https:\/\/www.limadiscover.com\/es\/wp-json\/wp\/v2\/product"}],"about":[{"href":"https:\/\/www.limadiscover.com\/es\/wp-json\/wp\/v2\/types\/product"}],"version-history":[{"count":10,"href":"https:\/\/www.limadiscover.com\/es\/wp-json\/wp\/v2\/product\/1062\/revisions"}],"predecessor-version":[{"id":4318,"href":"https:\/\/www.limadiscover.com\/es\/wp-json\/wp\/v2\/product\/1062\/revisions\/4318"}],"wp:featuredmedia":[{"embeddable":true,"href":"https:\/\/www.limadiscover.com\/es\/wp-json\/wp\/v2\/media\/4013"}],"wp:attachment":[{"href":"https:\/\/www.limadiscover.com\/es\/wp-json\/wp\/v2\/media?parent=1062"}],"wp:term":[{"taxonomy":"product_brand","embeddable":true,"href":"https:\/\/www.limadiscover.com\/es\/wp-json\/wp\/v2\/product_brand?post=1062"},{"taxonomy":"product_cat","embeddable":true,"href":"https:\/\/www.limadiscover.com\/es\/wp-json\/wp\/v2\/product_cat?post=1062"},{"taxonomy":"product_tag","embeddable":true,"href":"https:\/\/www.limadiscover.com\/es\/wp-json\/wp\/v2\/product_tag?post=1062"}],"curies":[{"name":"wp","href":"https:\/\/api.w.org\/{rel}","templated":true}]}}