{"id":1055,"date":"2022-06-27T09:39:46","date_gmt":"2022-06-30T14:20:10","guid":{"rendered":"https:\/\/www.limadiscover.com\/?post_type=product&#038;p=1055"},"modified":"2024-09-13T13:41:37","modified_gmt":"2024-09-13T18:41:37","slug":"como-visitar-las-ruinas-de-caral","status":"publish","type":"product","link":"https:\/\/www.limadiscover.com\/es\/tour\/como-visitar-las-ruinas-de-caral\/","title":{"rendered":"C\u00f3mo visitar las ruinas de Caral La civilizaci\u00f3n m\u00e1s antigua del Per\u00fa"},"content":{"rendered":"\t\t<div data-elementor-type=\"product-post\" data-elementor-id=\"1055\" class=\"elementor elementor-1055 elementor-707\" data-elementor-post-type=\"product\">\n\t\t\t\t\t\t<section class=\"elementor-section elementor-top-section elementor-element elementor-element-7f9bddd5 elementor-section-boxed elementor-section-height-default elementor-section-height-default\" data-id=\"7f9bddd5\" data-element_type=\"section\" data-e-type=\"section\">\n\t\t\t\t\t\t<div class=\"elementor-container elementor-column-gap-default\">\n\t\t\t\t\t<div class=\"elementor-column elementor-col-100 elementor-top-column elementor-element elementor-element-213734e0\" data-id=\"213734e0\" data-element_type=\"column\" data-e-type=\"column\">\n\t\t\t<div class=\"elementor-widget-wrap elementor-element-populated\">\n\t\t\t\t\t\t<div class=\"elementor-element elementor-element-15116264 elementor-widget elementor-widget-text-editor\" data-id=\"15116264\" data-element_type=\"widget\" data-e-type=\"widget\" data-widget_type=\"text-editor.default\">\n\t\t\t\t<div class=\"elementor-widget-container\">\n\t\t\t\t\t\t\t\t\t<h3>\u00a0<\/h3><h3><strong>Caral La Ciudad Americana m\u00e1s Antigua<\/strong><\/h3><p>\u00a0<\/p><p>Ruinas de Caral Caral es la ciudad m\u00e1s antigua del Per\u00fa (m\u00e1s de 5000 a\u00f1os del presente) y fue sede de la primera civilizaci\u00f3n andina que forj\u00f3 las bases de una organizaci\u00f3n social propia y \u00fanica, que junto con Mesopotamia, Egipto, India, China y Mesoam\u00e9rica son los focos de cultura originarios del mundo. Las pir\u00e1mides de Caral son las m\u00e1s antiguas encontradas hasta el momento en los Andes datando de hace 5000 a\u00f1os (3000 aC aproximadamente). Construir estructuras de este tipo requer\u00eda un alto grado de tecnolog\u00eda y organizaci\u00f3n social para enfrentar los problemas de construcci\u00f3n y el alto costo de materiales y energ\u00eda.<\/p><p>Recorrido y Ubicaci\u00f3n El sitio arqueol\u00f3gico donde se encuentran los restos de la principal ciudad de la civilizaci\u00f3n Caral. Est\u00e1 ubicado en el Valle de Supe, a 182 kil\u00f3metros al norte de Lima (Per\u00fa), a 23 km de la costa ya unas 3 1\/2 horas de la costa norte de Lima, te ofrecemos un paseo lleno de misterio e historia donde podr\u00e1s descubrir uno de los hallazgos arqueol\u00f3gicos m\u00e1s recientes. descubrimientos de Am\u00e9rica no te lo pierdas.<\/p>\t\t\t\t\t\t\t\t<\/div>\n\t\t\t\t<\/div>\n\t\t\t\t\t<\/div>\n\t\t<\/div>\n\t\t\t\t\t<\/div>\n\t\t<\/section>\n\t\t\t\t<\/div>\n\t\t","protected":false},"excerpt":{"rendered":"<p>\u00a0 Caral La Ciudad Americana m\u00e1s Antigua \u00a0 Ruinas de Caral Caral es la ciudad m\u00e1s antigua del Per\u00fa (m\u00e1s [&hellip;]<\/p>\n","protected":false},"featured_media":709,"template":"","meta":{"site-sidebar-layout":"default","site-content-layout":"default","ast-site-content-layout":"default","site-content-style":"default","site-sidebar-style":"default","ast-global-header-display":"","ast-banner-title-visibility":"","ast-main-header-display":"","ast-hfb-above-header-display":"","ast-hfb-below-header-display":"","ast-hfb-mobile-header-display":"","site-post-title":"","ast-breadcrumbs-content":"","ast-featured-img":"","footer-sml-layout":"","ast-disable-related-posts":"","theme-transparent-header-meta":"default","adv-header-id-meta":"","stick-header-meta":"default","header-above-stick-meta":"","header-main-stick-meta":"","header-below-stick-meta":"","astra-migrate-meta-layouts":"default","ast-page-background-enabled":"default","ast-page-background-meta":{"desktop":{"background-color":"var(--ast-global-color-5)","background-image":"","background-repeat":"repeat","background-position":"center center","background-size":"auto","background-attachment":"scroll","background-type":"","background-media":"","overlay-type":"","overlay-color":"","overlay-opacity":"","overlay-gradient":""},"tablet":{"background-color":"","background-image":"","background-repeat":"repeat","background-position":"center center","background-size":"auto","background-attachment":"scroll","background-type":"","background-media":"","overlay-type":"","overlay-color":"","overlay-opacity":"","overlay-gradient":""},"mobile":{"background-color":"","background-image":"","background-repeat":"repeat","background-position":"center center","background-size":"auto","background-attachment":"scroll","background-type":"","background-media":"","overlay-type":"","overlay-color":"","overlay-opacity":"","overlay-gradient":""}},"ast-content-background-meta":{"desktop":{"background-color":"var(--ast-global-color-4)","background-image":"","background-repeat":"repeat","background-position":"center center","background-size":"auto","background-attachment":"scroll","background-type":"","background-media":"","overlay-type":"","overlay-color":"","overlay-opacity":"","overlay-gradient":""},"tablet":{"background-color":"var(--ast-global-color-4)","background-image":"","background-repeat":"repeat","background-position":"center center","background-size":"auto","background-attachment":"scroll","background-type":"","background-media":"","overlay-type":"","overlay-color":"","overlay-opacity":"","overlay-gradient":""},"mobile":{"background-color":"var(--ast-global-color-4)","background-image":"","background-repeat":"repeat","background-position":"center center","background-size":"auto","background-attachment":"scroll","background-type":"","background-media":"","overlay-type":"","overlay-color":"","overlay-opacity":"","overlay-gradient":""}},"_joinchat":[]},"product_brand":[],"product_cat":[59],"product_tag":[],"class_list":{"0":"post-1055","1":"product","2":"type-product","3":"status-publish","4":"has-post-thumbnail","6":"product_cat-lima-2","7":"desktop-align-left","8":"tablet-align-left","9":"mobile-align-left","11":"first","12":"instock","13":"shipping-taxable","14":"purchasable","15":"product-type-simple"},"yoast_head":"<!-- This site is optimized with the Yoast SEO plugin v27.1.1 - https:\/\/yoast.com\/product\/yoast-seo-wordpress\/ -->\n<title>C\u00f3mo visitar las ruinas de Caral La civilizaci\u00f3n m\u00e1s antigua del Per\u00fa - LIMA DISCOVER - Tours en Lima - Huacachina - Tours Aeropuerto - City Tour<\/title>\n<meta name=\"description\" content=\"Caral es una ciudad prehist\u00f3rica fundada alrededor del a\u00f1o 3000 a. C. en el valle del r\u00edo Supe, a unas tres horas al norte de Lima.\" \/>\n<meta name=\"robots\" content=\"index, follow, max-snippet:-1, max-image-preview:large, max-video-preview:-1\" \/>\n<link rel=\"canonical\" href=\"https:\/\/www.limadiscover.com\/tour\/caral-peru-south-america\/\" \/>\n<meta property=\"og:locale\" content=\"es_ES\" \/>\n<meta property=\"og:type\" content=\"article\" \/>\n<meta property=\"og:title\" content=\"C\u00f3mo visitar las ruinas de Caral La civilizaci\u00f3n m\u00e1s antigua del Per\u00fa - LIMA DISCOVER - Tours en Lima - Huacachina - Tours Aeropuerto - City Tour\" \/>\n<meta property=\"og:description\" content=\"Caral es una ciudad prehist\u00f3rica fundada alrededor del a\u00f1o 3000 a. C. en el valle del r\u00edo Supe, a unas tres horas al norte de Lima.\" \/>\n<meta property=\"og:url\" content=\"https:\/\/www.limadiscover.com\/tour\/caral-peru-south-america\/\" \/>\n<meta property=\"og:site_name\" content=\"LIMA DISCOVER - Tours en Lima - Huacachina - Tours Aeropuerto - City Tour\" \/>\n<meta property=\"article:modified_time\" content=\"2024-09-13T18:41:37+00:00\" \/>\n<meta property=\"og:image\" content=\"https:\/\/www.limadiscover.com\/wp-content\/uploads\/2022\/06\/banner.jpg\" \/>\n\t<meta property=\"og:image:width\" content=\"1920\" \/>\n\t<meta property=\"og:image:height\" content=\"750\" \/>\n\t<meta property=\"og:image:type\" content=\"image\/jpeg\" \/>\n<meta name=\"twitter:card\" content=\"summary_large_image\" \/>\n<script type=\"application\/ld+json\" class=\"yoast-schema-graph\">{\"@context\":\"https:\/\/schema.org\",\"@graph\":[{\"@type\":\"WebPage\",\"@id\":\"https:\/\/www.limadiscover.com\/tour\/caral-peru-south-america\/\",\"url\":\"https:\/\/www.limadiscover.com\/tour\/caral-peru-south-america\/\",\"name\":\"C\u00f3mo visitar las ruinas de Caral La civilizaci\u00f3n m\u00e1s antigua del Per\u00fa - LIMA DISCOVER - Tours en Lima - Huacachina - Tours Aeropuerto - City Tour\",\"isPartOf\":{\"@id\":\"https:\/\/www.limadiscover.com\/#website\"},\"primaryImageOfPage\":{\"@id\":\"https:\/\/www.limadiscover.com\/tour\/caral-peru-south-america\/#primaryimage\"},\"image\":{\"@id\":\"https:\/\/www.limadiscover.com\/tour\/caral-peru-south-america\/#primaryimage\"},\"thumbnailUrl\":\"https:\/\/www.limadiscover.com\/wp-content\/uploads\/2022\/06\/banner.jpg\",\"datePublished\":\"2022-06-30T14:20:10+00:00\",\"dateModified\":\"2024-09-13T18:41:37+00:00\",\"description\":\"Caral es una ciudad prehist\u00f3rica fundada alrededor del a\u00f1o 3000 a. C. en el valle del r\u00edo Supe, a unas tres horas al norte de Lima.\",\"breadcrumb\":{\"@id\":\"https:\/\/www.limadiscover.com\/tour\/caral-peru-south-america\/#breadcrumb\"},\"inLanguage\":\"es\",\"potentialAction\":[{\"@type\":\"ReadAction\",\"target\":[\"https:\/\/www.limadiscover.com\/tour\/caral-peru-south-america\/\"]}]},{\"@type\":\"ImageObject\",\"inLanguage\":\"es\",\"@id\":\"https:\/\/www.limadiscover.com\/tour\/caral-peru-south-america\/#primaryimage\",\"url\":\"https:\/\/www.limadiscover.com\/wp-content\/uploads\/2022\/06\/banner.jpg\",\"contentUrl\":\"https:\/\/www.limadiscover.com\/wp-content\/uploads\/2022\/06\/banner.jpg\",\"width\":1920,\"height\":750},{\"@type\":\"BreadcrumbList\",\"@id\":\"https:\/\/www.limadiscover.com\/tour\/caral-peru-south-america\/#breadcrumb\",\"itemListElement\":[{\"@type\":\"ListItem\",\"position\":1,\"name\":\"Home\",\"item\":\"https:\/\/www.limadiscover.com\/\"},{\"@type\":\"ListItem\",\"position\":2,\"name\":\"Tours\",\"item\":\"https:\/\/www.limadiscover.com\/tours\/\"},{\"@type\":\"ListItem\",\"position\":3,\"name\":\"C\u00f3mo visitar las ruinas de Caral La civilizaci\u00f3n m\u00e1s antigua del Per\u00fa\"}]},{\"@type\":\"WebSite\",\"@id\":\"https:\/\/www.limadiscover.com\/#website\",\"url\":\"https:\/\/www.limadiscover.com\/\",\"name\":\"LIMA DISCOVER - Tours en Lima - Huacachina - Tours Aeropuerto - City Tour\",\"description\":\"\",\"publisher\":{\"@id\":\"https:\/\/www.limadiscover.com\/#organization\"},\"potentialAction\":[{\"@type\":\"SearchAction\",\"target\":{\"@type\":\"EntryPoint\",\"urlTemplate\":\"https:\/\/www.limadiscover.com\/?s={search_term_string}\"},\"query-input\":{\"@type\":\"PropertyValueSpecification\",\"valueRequired\":true,\"valueName\":\"search_term_string\"}}],\"inLanguage\":\"es\"},{\"@type\":\"Organization\",\"@id\":\"https:\/\/www.limadiscover.com\/#organization\",\"name\":\"LIMA DISCOVER - Tours en Lima - Huacachina - Tours Aeropuerto - City Tour\",\"url\":\"https:\/\/www.limadiscover.com\/\",\"logo\":{\"@type\":\"ImageObject\",\"inLanguage\":\"es\",\"@id\":\"https:\/\/www.limadiscover.com\/#\/schema\/logo\/image\/\",\"url\":\"https:\/\/www.limadiscover.com\/wp-content\/uploads\/2022\/05\/Logo-moderno-de-Tours-Lima-Discover.png\",\"contentUrl\":\"https:\/\/www.limadiscover.com\/wp-content\/uploads\/2022\/05\/Logo-moderno-de-Tours-Lima-Discover.png\",\"width\":1536,\"height\":1024,\"caption\":\"LIMA DISCOVER - Tours en Lima - Huacachina - Tours Aeropuerto - City Tour\"},\"image\":{\"@id\":\"https:\/\/www.limadiscover.com\/#\/schema\/logo\/image\/\"}}]}<\/script>\n<!-- \/ Yoast SEO plugin. -->","yoast_head_json":{"title":"C\u00f3mo visitar las ruinas de Caral La civilizaci\u00f3n m\u00e1s antigua del Per\u00fa - LIMA DISCOVER - Tours en Lima - Huacachina - Tours Aeropuerto - City Tour","description":"Caral es una ciudad prehist\u00f3rica fundada alrededor del a\u00f1o 3000 a. C. en el valle del r\u00edo Supe, a unas tres horas al norte de Lima.","robots":{"index":"index","follow":"follow","max-snippet":"max-snippet:-1","max-image-preview":"max-image-preview:large","max-video-preview":"max-video-preview:-1"},"canonical":"https:\/\/www.limadiscover.com\/tour\/caral-peru-south-america\/","og_locale":"es_ES","og_type":"article","og_title":"C\u00f3mo visitar las ruinas de Caral La civilizaci\u00f3n m\u00e1s antigua del Per\u00fa - LIMA DISCOVER - Tours en Lima - Huacachina - Tours Aeropuerto - City Tour","og_description":"Caral es una ciudad prehist\u00f3rica fundada alrededor del a\u00f1o 3000 a. C. en el valle del r\u00edo Supe, a unas tres horas al norte de Lima.","og_url":"https:\/\/www.limadiscover.com\/tour\/caral-peru-south-america\/","og_site_name":"LIMA DISCOVER - Tours en Lima - Huacachina - Tours Aeropuerto - City Tour","article_modified_time":"2024-09-13T18:41:37+00:00","og_image":[{"width":1920,"height":750,"url":"https:\/\/www.limadiscover.com\/wp-content\/uploads\/2022\/06\/banner.jpg","type":"image\/jpeg"}],"twitter_card":"summary_large_image","schema":{"@context":"https:\/\/schema.org","@graph":[{"@type":"WebPage","@id":"https:\/\/www.limadiscover.com\/tour\/caral-peru-south-america\/","url":"https:\/\/www.limadiscover.com\/tour\/caral-peru-south-america\/","name":"C\u00f3mo visitar las ruinas de Caral La civilizaci\u00f3n m\u00e1s antigua del Per\u00fa - LIMA DISCOVER - Tours en Lima - Huacachina - Tours Aeropuerto - City Tour","isPartOf":{"@id":"https:\/\/www.limadiscover.com\/#website"},"primaryImageOfPage":{"@id":"https:\/\/www.limadiscover.com\/tour\/caral-peru-south-america\/#primaryimage"},"image":{"@id":"https:\/\/www.limadiscover.com\/tour\/caral-peru-south-america\/#primaryimage"},"thumbnailUrl":"https:\/\/www.limadiscover.com\/wp-content\/uploads\/2022\/06\/banner.jpg","datePublished":"2022-06-30T14:20:10+00:00","dateModified":"2024-09-13T18:41:37+00:00","description":"Caral es una ciudad prehist\u00f3rica fundada alrededor del a\u00f1o 3000 a. C. en el valle del r\u00edo Supe, a unas tres horas al norte de Lima.","breadcrumb":{"@id":"https:\/\/www.limadiscover.com\/tour\/caral-peru-south-america\/#breadcrumb"},"inLanguage":"es","potentialAction":[{"@type":"ReadAction","target":["https:\/\/www.limadiscover.com\/tour\/caral-peru-south-america\/"]}]},{"@type":"ImageObject","inLanguage":"es","@id":"https:\/\/www.limadiscover.com\/tour\/caral-peru-south-america\/#primaryimage","url":"https:\/\/www.limadiscover.com\/wp-content\/uploads\/2022\/06\/banner.jpg","contentUrl":"https:\/\/www.limadiscover.com\/wp-content\/uploads\/2022\/06\/banner.jpg","width":1920,"height":750},{"@type":"BreadcrumbList","@id":"https:\/\/www.limadiscover.com\/tour\/caral-peru-south-america\/#breadcrumb","itemListElement":[{"@type":"ListItem","position":1,"name":"Home","item":"https:\/\/www.limadiscover.com\/"},{"@type":"ListItem","position":2,"name":"Tours","item":"https:\/\/www.limadiscover.com\/tours\/"},{"@type":"ListItem","position":3,"name":"C\u00f3mo visitar las ruinas de Caral La civilizaci\u00f3n m\u00e1s antigua del Per\u00fa"}]},{"@type":"WebSite","@id":"https:\/\/www.limadiscover.com\/#website","url":"https:\/\/www.limadiscover.com\/","name":"LIMA DISCOVER - Tours en Lima - Huacachina - Tours Aeropuerto - City Tour","description":"","publisher":{"@id":"https:\/\/www.limadiscover.com\/#organization"},"potentialAction":[{"@type":"SearchAction","target":{"@type":"EntryPoint","urlTemplate":"https:\/\/www.limadiscover.com\/?s={search_term_string}"},"query-input":{"@type":"PropertyValueSpecification","valueRequired":true,"valueName":"search_term_string"}}],"inLanguage":"es"},{"@type":"Organization","@id":"https:\/\/www.limadiscover.com\/#organization","name":"LIMA DISCOVER - Tours en Lima - Huacachina - Tours Aeropuerto - City Tour","url":"https:\/\/www.limadiscover.com\/","logo":{"@type":"ImageObject","inLanguage":"es","@id":"https:\/\/www.limadiscover.com\/#\/schema\/logo\/image\/","url":"https:\/\/www.limadiscover.com\/wp-content\/uploads\/2022\/05\/Logo-moderno-de-Tours-Lima-Discover.png","contentUrl":"https:\/\/www.limadiscover.com\/wp-content\/uploads\/2022\/05\/Logo-moderno-de-Tours-Lima-Discover.png","width":1536,"height":1024,"caption":"LIMA DISCOVER - Tours en Lima - Huacachina - Tours Aeropuerto - City Tour"},"image":{"@id":"https:\/\/www.limadiscover.com\/#\/schema\/logo\/image\/"}}]}},"tiered_pricing_type":"fixed","tiered_pricing_fixed_rules":{"2":150,"5":100},"tiered_pricing_product_settings":{"layout":"default","base_unit_name":{"singular":null,"plural":null},"default_variation":null},"tiered_pricing_minimum_quantity":null,"tiered_pricing_roles_data":[],"tiered_pricing_percentage_rules":[],"_links":{"self":[{"href":"https:\/\/www.limadiscover.com\/es\/wp-json\/wp\/v2\/product\/1055","targetHints":{"allow":["GET"]}}],"collection":[{"href":"https:\/\/www.limadiscover.com\/es\/wp-json\/wp\/v2\/product"}],"about":[{"href":"https:\/\/www.limadiscover.com\/es\/wp-json\/wp\/v2\/types\/product"}],"version-history":[{"count":12,"href":"https:\/\/www.limadiscover.com\/es\/wp-json\/wp\/v2\/product\/1055\/revisions"}],"predecessor-version":[{"id":3446,"href":"https:\/\/www.limadiscover.com\/es\/wp-json\/wp\/v2\/product\/1055\/revisions\/3446"}],"wp:featuredmedia":[{"embeddable":true,"href":"https:\/\/www.limadiscover.com\/es\/wp-json\/wp\/v2\/media\/709"}],"wp:attachment":[{"href":"https:\/\/www.limadiscover.com\/es\/wp-json\/wp\/v2\/media?parent=1055"}],"wp:term":[{"taxonomy":"product_brand","embeddable":true,"href":"https:\/\/www.limadiscover.com\/es\/wp-json\/wp\/v2\/product_brand?post=1055"},{"taxonomy":"product_cat","embeddable":true,"href":"https:\/\/www.limadiscover.com\/es\/wp-json\/wp\/v2\/product_cat?post=1055"},{"taxonomy":"product_tag","embeddable":true,"href":"https:\/\/www.limadiscover.com\/es\/wp-json\/wp\/v2\/product_tag?post=1055"}],"curies":[{"name":"wp","href":"https:\/\/api.w.org\/{rel}","templated":true}]}}