{"id":1051,"date":"2022-06-27T09:29:06","date_gmt":"2022-06-30T14:11:59","guid":{"rendered":"https:\/\/www.limadiscover.com\/?post_type=product&#038;p=1051"},"modified":"2022-06-30T09:14:29","modified_gmt":"2022-06-30T14:14:29","slug":"tour-ruinas-de-pachacamac","status":"publish","type":"product","link":"https:\/\/www.limadiscover.com\/es\/tour\/tour-ruinas-de-pachacamac\/","title":{"rendered":"Tour Ruinas de Pachacamac"},"content":{"rendered":"<p><img loading=\"lazy\" decoding=\"async\" class=\"aligncenter wp-image-703 size-full\" src=\"https:\/\/www.limadiscover.com\/wp-content\/uploads\/2022\/06\/pacha-10-1.jpg\" alt=\"\" width=\"1024\" height=\"576\" srcset=\"https:\/\/www.limadiscover.com\/wp-content\/uploads\/2022\/06\/pacha-10-1.jpg 1024w, https:\/\/www.limadiscover.com\/wp-content\/uploads\/2022\/06\/pacha-10-1-300x169.jpg 300w, https:\/\/www.limadiscover.com\/wp-content\/uploads\/2022\/06\/pacha-10-1-768x432.jpg 768w, https:\/\/www.limadiscover.com\/wp-content\/uploads\/2022\/06\/pacha-10-1-600x338.jpg 600w\" sizes=\"auto, (max-width: 1024px) 100vw, 1024px\" \/><\/p>\n<p>El centro arqueol\u00f3gico m\u00e1s grande e importante de Lima. Esta \u00e1rea contiene m\u00e1s de 50 estructuras arquitect\u00f3nicas, muchas construidas a base de ladrillos y piedras de cantera de varios tama\u00f1os. Pachacamac fue el centro m\u00e1s importante de la costa durante m\u00e1s de 1500 a\u00f1os. Se encuentra en el valle de Lur\u00edn. Originalmente alcanz\u00f3 su primer apogeo con la cultura Lima (200-650 dC). Luego de ocurrido durante el per\u00edodo del Horizonte Medio con la cultura Wari (650-1100 dC), en esa \u00e9poca fue un centro religioso. Luego Ychsma (1100 &#8211; 1470 dC) construy\u00f3 el Templo Pintado. Finalmente llegando los Incas (1470 \u2013 1532 dC) construyeron el templo del sol y el Acllawasi. Ninguna de las edificaciones que se asemejan a las del Santuario de Machu Picchu como explican algunos viajeros, con sus 16 pir\u00e1mides te sorprender\u00e1. Este balneario cumpl\u00eda funciones administrativas. Es el sitio de construcci\u00f3n m\u00e1s antiguo. Este conjunto de peque\u00f1os adobes de barro colocados en hileras verticales. El sitio fue utilizado como cementerio. Hoy Pachacamac es uno de los principales atractivos tur\u00edsticos de Lima y un importante centro de estudios e investigaciones, esta ciudad se encuentra a media hora de Lima.<\/p>\n<div class=\"column mcb-column one column_column \">\n<div class=\"column_attr clearfix\">\n<h5><strong>EN LOS DOS SERVICIOS INCLUYE TOUR TUR\u00cdSTICO Barranco y Chorrillos (barrios costeros y bohemios)<\/strong><\/h5>\n<\/div>\n<\/div>\n","protected":false},"excerpt":{"rendered":"<p>El centro arqueol\u00f3gico m\u00e1s grande e importante de Lima. Esta \u00e1rea contiene m\u00e1s de 50 estructuras arquitect\u00f3nicas, muchas construidas a [&hellip;]<\/p>\n","protected":false},"featured_media":689,"template":"","meta":{"site-sidebar-layout":"default","site-content-layout":"default","ast-site-content-layout":"default","site-content-style":"default","site-sidebar-style":"default","ast-global-header-display":"","ast-banner-title-visibility":"","ast-main-header-display":"","ast-hfb-above-header-display":"","ast-hfb-below-header-display":"","ast-hfb-mobile-header-display":"","site-post-title":"","ast-breadcrumbs-content":"","ast-featured-img":"","footer-sml-layout":"","ast-disable-related-posts":"","theme-transparent-header-meta":"default","adv-header-id-meta":"","stick-header-meta":"default","header-above-stick-meta":"","header-main-stick-meta":"","header-below-stick-meta":"","astra-migrate-meta-layouts":"default","ast-page-background-enabled":"default","ast-page-background-meta":{"desktop":{"background-color":"var(--ast-global-color-5)","background-image":"","background-repeat":"repeat","background-position":"center center","background-size":"auto","background-attachment":"scroll","background-type":"","background-media":"","overlay-type":"","overlay-color":"","overlay-opacity":"","overlay-gradient":""},"tablet":{"background-color":"","background-image":"","background-repeat":"repeat","background-position":"center center","background-size":"auto","background-attachment":"scroll","background-type":"","background-media":"","overlay-type":"","overlay-color":"","overlay-opacity":"","overlay-gradient":""},"mobile":{"background-color":"","background-image":"","background-repeat":"repeat","background-position":"center center","background-size":"auto","background-attachment":"scroll","background-type":"","background-media":"","overlay-type":"","overlay-color":"","overlay-opacity":"","overlay-gradient":""}},"ast-content-background-meta":{"desktop":{"background-color":"var(--ast-global-color-4)","background-image":"","background-repeat":"repeat","background-position":"center center","background-size":"auto","background-attachment":"scroll","background-type":"","background-media":"","overlay-type":"","overlay-color":"","overlay-opacity":"","overlay-gradient":""},"tablet":{"background-color":"var(--ast-global-color-4)","background-image":"","background-repeat":"repeat","background-position":"center center","background-size":"auto","background-attachment":"scroll","background-type":"","background-media":"","overlay-type":"","overlay-color":"","overlay-opacity":"","overlay-gradient":""},"mobile":{"background-color":"var(--ast-global-color-4)","background-image":"","background-repeat":"repeat","background-position":"center center","background-size":"auto","background-attachment":"scroll","background-type":"","background-media":"","overlay-type":"","overlay-color":"","overlay-opacity":"","overlay-gradient":""}},"_joinchat":[]},"product_brand":[],"product_cat":[59],"product_tag":[],"class_list":{"0":"post-1051","1":"product","2":"type-product","3":"status-publish","4":"has-post-thumbnail","6":"product_cat-lima-2","7":"desktop-align-left","8":"tablet-align-left","9":"mobile-align-left","11":"first","12":"instock","13":"shipping-taxable","14":"purchasable","15":"product-type-simple"},"yoast_head":"<!-- This site is optimized with the Yoast SEO plugin v27.1.1 - https:\/\/yoast.com\/product\/yoast-seo-wordpress\/ -->\n<title>Tour Ruinas de Pachacamac - LIMA DISCOVER - Tours en Lima - Huacachina - Tours Aeropuerto - City Tour<\/title>\n<meta name=\"robots\" content=\"index, follow, max-snippet:-1, max-image-preview:large, max-video-preview:-1\" \/>\n<link rel=\"canonical\" href=\"https:\/\/www.limadiscover.com\/tour\/ruins-tour-pachacamac\/\" \/>\n<meta property=\"og:locale\" content=\"es_ES\" \/>\n<meta property=\"og:type\" content=\"article\" \/>\n<meta property=\"og:title\" content=\"Tour Ruinas de Pachacamac - LIMA DISCOVER - Tours en Lima - Huacachina - Tours Aeropuerto - City Tour\" \/>\n<meta property=\"og:description\" content=\"El centro arqueol\u00f3gico m\u00e1s grande e importante de Lima. Esta \u00e1rea contiene m\u00e1s de 50 estructuras arquitect\u00f3nicas, muchas construidas a [&hellip;]\" \/>\n<meta property=\"og:url\" content=\"https:\/\/www.limadiscover.com\/tour\/ruins-tour-pachacamac\/\" \/>\n<meta property=\"og:site_name\" content=\"LIMA DISCOVER - Tours en Lima - Huacachina - Tours Aeropuerto - City Tour\" \/>\n<meta property=\"article:modified_time\" content=\"2022-06-30T14:14:29+00:00\" \/>\n<meta property=\"og:image\" content=\"https:\/\/www.limadiscover.com\/wp-content\/uploads\/2022\/06\/bannerpacha.jpg\" \/>\n\t<meta property=\"og:image:width\" content=\"1920\" \/>\n\t<meta property=\"og:image:height\" content=\"800\" \/>\n\t<meta property=\"og:image:type\" content=\"image\/jpeg\" \/>\n<meta name=\"twitter:card\" content=\"summary_large_image\" \/>\n<meta name=\"twitter:label1\" content=\"Tiempo de lectura\" \/>\n\t<meta name=\"twitter:data1\" content=\"1 minuto\" \/>\n<script type=\"application\/ld+json\" class=\"yoast-schema-graph\">{\"@context\":\"https:\/\/schema.org\",\"@graph\":[{\"@type\":\"WebPage\",\"@id\":\"https:\/\/www.limadiscover.com\/tour\/ruins-tour-pachacamac\/\",\"url\":\"https:\/\/www.limadiscover.com\/tour\/ruins-tour-pachacamac\/\",\"name\":\"Tour Ruinas de Pachacamac - LIMA DISCOVER - Tours en Lima - Huacachina - Tours Aeropuerto - City Tour\",\"isPartOf\":{\"@id\":\"https:\/\/www.limadiscover.com\/#website\"},\"primaryImageOfPage\":{\"@id\":\"https:\/\/www.limadiscover.com\/tour\/ruins-tour-pachacamac\/#primaryimage\"},\"image\":{\"@id\":\"https:\/\/www.limadiscover.com\/tour\/ruins-tour-pachacamac\/#primaryimage\"},\"thumbnailUrl\":\"https:\/\/www.limadiscover.com\/wp-content\/uploads\/2022\/06\/bannerpacha.jpg\",\"datePublished\":\"2022-06-30T14:11:59+00:00\",\"dateModified\":\"2022-06-30T14:14:29+00:00\",\"breadcrumb\":{\"@id\":\"https:\/\/www.limadiscover.com\/tour\/ruins-tour-pachacamac\/#breadcrumb\"},\"inLanguage\":\"es\",\"potentialAction\":[{\"@type\":\"ReadAction\",\"target\":[\"https:\/\/www.limadiscover.com\/tour\/ruins-tour-pachacamac\/\"]}]},{\"@type\":\"ImageObject\",\"inLanguage\":\"es\",\"@id\":\"https:\/\/www.limadiscover.com\/tour\/ruins-tour-pachacamac\/#primaryimage\",\"url\":\"https:\/\/www.limadiscover.com\/wp-content\/uploads\/2022\/06\/bannerpacha.jpg\",\"contentUrl\":\"https:\/\/www.limadiscover.com\/wp-content\/uploads\/2022\/06\/bannerpacha.jpg\",\"width\":1920,\"height\":800},{\"@type\":\"BreadcrumbList\",\"@id\":\"https:\/\/www.limadiscover.com\/tour\/ruins-tour-pachacamac\/#breadcrumb\",\"itemListElement\":[{\"@type\":\"ListItem\",\"position\":1,\"name\":\"Home\",\"item\":\"https:\/\/www.limadiscover.com\/\"},{\"@type\":\"ListItem\",\"position\":2,\"name\":\"Tours\",\"item\":\"https:\/\/www.limadiscover.com\/tours\/\"},{\"@type\":\"ListItem\",\"position\":3,\"name\":\"Tour Ruinas de Pachacamac\"}]},{\"@type\":\"WebSite\",\"@id\":\"https:\/\/www.limadiscover.com\/#website\",\"url\":\"https:\/\/www.limadiscover.com\/\",\"name\":\"LIMA DISCOVER - Tours en Lima - Huacachina - Tours Aeropuerto - City Tour\",\"description\":\"\",\"publisher\":{\"@id\":\"https:\/\/www.limadiscover.com\/#organization\"},\"potentialAction\":[{\"@type\":\"SearchAction\",\"target\":{\"@type\":\"EntryPoint\",\"urlTemplate\":\"https:\/\/www.limadiscover.com\/?s={search_term_string}\"},\"query-input\":{\"@type\":\"PropertyValueSpecification\",\"valueRequired\":true,\"valueName\":\"search_term_string\"}}],\"inLanguage\":\"es\"},{\"@type\":\"Organization\",\"@id\":\"https:\/\/www.limadiscover.com\/#organization\",\"name\":\"LIMA DISCOVER - Tours en Lima - Huacachina - Tours Aeropuerto - City Tour\",\"url\":\"https:\/\/www.limadiscover.com\/\",\"logo\":{\"@type\":\"ImageObject\",\"inLanguage\":\"es\",\"@id\":\"https:\/\/www.limadiscover.com\/#\/schema\/logo\/image\/\",\"url\":\"https:\/\/www.limadiscover.com\/wp-content\/uploads\/2022\/05\/Logo-moderno-de-Tours-Lima-Discover.png\",\"contentUrl\":\"https:\/\/www.limadiscover.com\/wp-content\/uploads\/2022\/05\/Logo-moderno-de-Tours-Lima-Discover.png\",\"width\":1536,\"height\":1024,\"caption\":\"LIMA DISCOVER - Tours en Lima - Huacachina - Tours Aeropuerto - City Tour\"},\"image\":{\"@id\":\"https:\/\/www.limadiscover.com\/#\/schema\/logo\/image\/\"}}]}<\/script>\n<!-- \/ Yoast SEO plugin. -->","yoast_head_json":{"title":"Tour Ruinas de Pachacamac - LIMA DISCOVER - Tours en Lima - Huacachina - Tours Aeropuerto - City Tour","robots":{"index":"index","follow":"follow","max-snippet":"max-snippet:-1","max-image-preview":"max-image-preview:large","max-video-preview":"max-video-preview:-1"},"canonical":"https:\/\/www.limadiscover.com\/tour\/ruins-tour-pachacamac\/","og_locale":"es_ES","og_type":"article","og_title":"Tour Ruinas de Pachacamac - LIMA DISCOVER - Tours en Lima - Huacachina - Tours Aeropuerto - City Tour","og_description":"El centro arqueol\u00f3gico m\u00e1s grande e importante de Lima. Esta \u00e1rea contiene m\u00e1s de 50 estructuras arquitect\u00f3nicas, muchas construidas a [&hellip;]","og_url":"https:\/\/www.limadiscover.com\/tour\/ruins-tour-pachacamac\/","og_site_name":"LIMA DISCOVER - Tours en Lima - Huacachina - Tours Aeropuerto - City Tour","article_modified_time":"2022-06-30T14:14:29+00:00","og_image":[{"width":1920,"height":800,"url":"https:\/\/www.limadiscover.com\/wp-content\/uploads\/2022\/06\/bannerpacha.jpg","type":"image\/jpeg"}],"twitter_card":"summary_large_image","twitter_misc":{"Tiempo de lectura":"1 minuto"},"schema":{"@context":"https:\/\/schema.org","@graph":[{"@type":"WebPage","@id":"https:\/\/www.limadiscover.com\/tour\/ruins-tour-pachacamac\/","url":"https:\/\/www.limadiscover.com\/tour\/ruins-tour-pachacamac\/","name":"Tour Ruinas de Pachacamac - LIMA DISCOVER - Tours en Lima - Huacachina - Tours Aeropuerto - City Tour","isPartOf":{"@id":"https:\/\/www.limadiscover.com\/#website"},"primaryImageOfPage":{"@id":"https:\/\/www.limadiscover.com\/tour\/ruins-tour-pachacamac\/#primaryimage"},"image":{"@id":"https:\/\/www.limadiscover.com\/tour\/ruins-tour-pachacamac\/#primaryimage"},"thumbnailUrl":"https:\/\/www.limadiscover.com\/wp-content\/uploads\/2022\/06\/bannerpacha.jpg","datePublished":"2022-06-30T14:11:59+00:00","dateModified":"2022-06-30T14:14:29+00:00","breadcrumb":{"@id":"https:\/\/www.limadiscover.com\/tour\/ruins-tour-pachacamac\/#breadcrumb"},"inLanguage":"es","potentialAction":[{"@type":"ReadAction","target":["https:\/\/www.limadiscover.com\/tour\/ruins-tour-pachacamac\/"]}]},{"@type":"ImageObject","inLanguage":"es","@id":"https:\/\/www.limadiscover.com\/tour\/ruins-tour-pachacamac\/#primaryimage","url":"https:\/\/www.limadiscover.com\/wp-content\/uploads\/2022\/06\/bannerpacha.jpg","contentUrl":"https:\/\/www.limadiscover.com\/wp-content\/uploads\/2022\/06\/bannerpacha.jpg","width":1920,"height":800},{"@type":"BreadcrumbList","@id":"https:\/\/www.limadiscover.com\/tour\/ruins-tour-pachacamac\/#breadcrumb","itemListElement":[{"@type":"ListItem","position":1,"name":"Home","item":"https:\/\/www.limadiscover.com\/"},{"@type":"ListItem","position":2,"name":"Tours","item":"https:\/\/www.limadiscover.com\/tours\/"},{"@type":"ListItem","position":3,"name":"Tour Ruinas de Pachacamac"}]},{"@type":"WebSite","@id":"https:\/\/www.limadiscover.com\/#website","url":"https:\/\/www.limadiscover.com\/","name":"LIMA DISCOVER - Tours en Lima - Huacachina - Tours Aeropuerto - City Tour","description":"","publisher":{"@id":"https:\/\/www.limadiscover.com\/#organization"},"potentialAction":[{"@type":"SearchAction","target":{"@type":"EntryPoint","urlTemplate":"https:\/\/www.limadiscover.com\/?s={search_term_string}"},"query-input":{"@type":"PropertyValueSpecification","valueRequired":true,"valueName":"search_term_string"}}],"inLanguage":"es"},{"@type":"Organization","@id":"https:\/\/www.limadiscover.com\/#organization","name":"LIMA DISCOVER - Tours en Lima - Huacachina - Tours Aeropuerto - City Tour","url":"https:\/\/www.limadiscover.com\/","logo":{"@type":"ImageObject","inLanguage":"es","@id":"https:\/\/www.limadiscover.com\/#\/schema\/logo\/image\/","url":"https:\/\/www.limadiscover.com\/wp-content\/uploads\/2022\/05\/Logo-moderno-de-Tours-Lima-Discover.png","contentUrl":"https:\/\/www.limadiscover.com\/wp-content\/uploads\/2022\/05\/Logo-moderno-de-Tours-Lima-Discover.png","width":1536,"height":1024,"caption":"LIMA DISCOVER - Tours en Lima - Huacachina - Tours Aeropuerto - City Tour"},"image":{"@id":"https:\/\/www.limadiscover.com\/#\/schema\/logo\/image\/"}}]}},"tiered_pricing_type":"fixed","tiered_pricing_fixed_rules":{"5":40},"tiered_pricing_product_settings":{"layout":"default","base_unit_name":{"singular":null,"plural":null},"default_variation":null},"tiered_pricing_minimum_quantity":null,"tiered_pricing_roles_data":[],"tiered_pricing_percentage_rules":[],"_links":{"self":[{"href":"https:\/\/www.limadiscover.com\/es\/wp-json\/wp\/v2\/product\/1051","targetHints":{"allow":["GET"]}}],"collection":[{"href":"https:\/\/www.limadiscover.com\/es\/wp-json\/wp\/v2\/product"}],"about":[{"href":"https:\/\/www.limadiscover.com\/es\/wp-json\/wp\/v2\/types\/product"}],"version-history":[{"count":3,"href":"https:\/\/www.limadiscover.com\/es\/wp-json\/wp\/v2\/product\/1051\/revisions"}],"predecessor-version":[{"id":1054,"href":"https:\/\/www.limadiscover.com\/es\/wp-json\/wp\/v2\/product\/1051\/revisions\/1054"}],"wp:featuredmedia":[{"embeddable":true,"href":"https:\/\/www.limadiscover.com\/es\/wp-json\/wp\/v2\/media\/689"}],"wp:attachment":[{"href":"https:\/\/www.limadiscover.com\/es\/wp-json\/wp\/v2\/media?parent=1051"}],"wp:term":[{"taxonomy":"product_brand","embeddable":true,"href":"https:\/\/www.limadiscover.com\/es\/wp-json\/wp\/v2\/product_brand?post=1051"},{"taxonomy":"product_cat","embeddable":true,"href":"https:\/\/www.limadiscover.com\/es\/wp-json\/wp\/v2\/product_cat?post=1051"},{"taxonomy":"product_tag","embeddable":true,"href":"https:\/\/www.limadiscover.com\/es\/wp-json\/wp\/v2\/product_tag?post=1051"}],"curies":[{"name":"wp","href":"https:\/\/api.w.org\/{rel}","templated":true}]}}