{"id":1042,"date":"2022-06-27T09:12:01","date_gmt":"2022-06-27T14:12:01","guid":{"rendered":"https:\/\/www.limadiscover.com\/?post_type=product&#038;p=1042"},"modified":"2025-06-19T13:15:15","modified_gmt":"2025-06-19T18:15:15","slug":"tour-privado-desde-aeropuerto-de-lima","status":"publish","type":"product","link":"https:\/\/www.limadiscover.com\/es\/tour\/tour-privado-desde-aeropuerto-de-lima\/","title":{"rendered":"City Tour Desde el Aeropuerto Jorge Chavez de Lima"},"content":{"rendered":"\t\t<div data-elementor-type=\"product-post\" data-elementor-id=\"1042\" class=\"elementor elementor-1042 elementor-658\" data-elementor-post-type=\"product\">\n\t\t\t\t\t\t<section class=\"elementor-section elementor-top-section elementor-element elementor-element-51ce43af elementor-section-boxed elementor-section-height-default elementor-section-height-default\" data-id=\"51ce43af\" data-element_type=\"section\" data-e-type=\"section\">\n\t\t\t\t\t\t<div class=\"elementor-container elementor-column-gap-default\">\n\t\t\t\t\t<div class=\"elementor-column elementor-col-100 elementor-top-column elementor-element elementor-element-3aaefa3f\" data-id=\"3aaefa3f\" data-element_type=\"column\" data-e-type=\"column\">\n\t\t\t<div class=\"elementor-widget-wrap elementor-element-populated\">\n\t\t\t\t\t\t<div class=\"elementor-element elementor-element-613ff847 elementor-widget__width-initial elementor-widget elementor-widget-text-editor\" data-id=\"613ff847\" data-element_type=\"widget\" data-e-type=\"widget\" data-widget_type=\"text-editor.default\">\n\t\t\t\t<div class=\"elementor-widget-container\">\n\t\t\t\t\t\t\t\t\t<h2 class=\"ng-star-inserted\"><span class=\"ng-star-inserted\">Tour en Escala en Lima: \u00a1Descubre lo Mejor de Lima en 6 Horas!<\/span><\/h2><p class=\"ng-star-inserted\"><strong class=\"ng-star-inserted\"><span class=\"ng-star-inserted\">Aprovecha al m\u00e1ximo tu escala en Lima con nuestro exclusivo tour de 6 horas, dise\u00f1ado para sumergirte en el coraz\u00f3n de la cultura e historia peruana. \u00a1Comenzando y terminando directamente en el Aeropuerto Internacional Jorge Ch\u00e1vez (LIM), este tour ofrece una experiencia inolvidable y sin estr\u00e9s!<\/span><\/strong><\/p><p class=\"ng-star-inserted\"><strong class=\"ng-star-inserted\"><span class=\"ng-star-inserted\">Imag\u00ednate bajando de tu vuelo e inmediatamente embarc\u00e1ndote en un cautivador viaje por los lugares m\u00e1s emblem\u00e1ticos de Lima. Te estaremos esperando en la zona de llegadas del aeropuerto con un letrero que diga claramente \u00abLIMA DISCOVER\u00bb &#8211; f\u00e1cilmente identificable para que nos encuentres r\u00e1pidamente.<\/span><\/strong><\/p><p class=\"ng-star-inserted\"><strong class=\"ng-star-inserted\"><span class=\"ng-star-inserted\">Esto es lo que puedes esperar:<\/span><\/strong><\/p><ul class=\"ng-star-inserted\"><li class=\"ng-star-inserted\"><p class=\"ng-star-inserted\"><strong class=\"ng-star-inserted\"><span class=\"ng-star-inserted\">Traslados al Aeropuerto Sin Complicaciones:<\/span><\/strong><span class=\"ng-star-inserted\">\u00a0Te recogeremos directamente en el aeropuerto a tu llegada y te llevaremos en un c\u00f3modo veh\u00edculo privado. Al final de tu recorrido, nos aseguraremos de que regreses al aeropuerto con tiempo suficiente para tomar tu vuelo de conexi\u00f3n.<\/span><\/p><\/li><li class=\"ng-star-inserted\"><p class=\"ng-star-inserted\"><strong class=\"ng-star-inserted\"><span class=\"ng-star-inserted\">Bienvenida Personalizada:<\/span><\/strong><span class=\"ng-star-inserted\">\u00a0Solo necesitamos tu n\u00famero de vuelo y la hora de inicio del tour que prefieras para garantizar una recogida sin problemas. Tambi\u00e9n podemos recogerte en el Holiday Inn cerca del aeropuerto o en el Costa del Sol, ubicado dentro del aeropuerto, para mayor comodidad.<\/span><\/p><\/li><li class=\"ng-star-inserted\"><p class=\"ng-star-inserted\"><strong class=\"ng-star-inserted\"><span class=\"ng-star-inserted\">Tour Guiado por Expertos:<\/span><\/strong><span class=\"ng-star-inserted\">\u00a0Un gu\u00eda experimentado y amigable, que domina el ingl\u00e9s o el espa\u00f1ol, te acompa\u00f1ar\u00e1 durante todo el recorrido, brind\u00e1ndote comentarios perspicaces y respondiendo a todas tus preguntas.<\/span><\/p><\/li><li class=\"ng-star-inserted\"><p class=\"ng-star-inserted\"><strong class=\"ng-star-inserted\"><span class=\"ng-star-inserted\">Inmersi\u00f3n en el Centro Hist\u00f3rico:<\/span><\/strong><span class=\"ng-star-inserted\">\u00a0Nos adentraremos en el vibrante Centro Hist\u00f3rico de Lima, declarado Patrimonio de la Humanidad por la UNESCO. Pasea por sus encantadoras calles y admira la arquitectura colonial mientras caminamos.<\/span><\/p><\/li><li class=\"ng-star-inserted\"><p class=\"ng-star-inserted\"><strong class=\"ng-star-inserted\"><span class=\"ng-star-inserted\">Experiencia en la Plaza de Armas:<\/span><\/strong><span class=\"ng-star-inserted\">\u00a0Contempla la grandeza de la Plaza de Armas, el coraz\u00f3n de Lima. Veremos el impresionante Palacio de Gobierno, la majestuosa Catedral de Lima y el Palacio Municipal, todo desde el exterior, permiti\u00e9ndote capturar fotos impresionantes.<\/span><\/p><\/li><li class=\"ng-star-inserted\"><p class=\"ng-star-inserted\"><strong class=\"ng-star-inserted\"><span class=\"ng-star-inserted\">Exploraci\u00f3n del Museo de las Catacumbas:<\/span><\/strong><span class=\"ng-star-inserted\">\u00a0Desciende a las fascinantes profundidades del Monasterio de San Francisco y explora sus intrigantes Catacumbas, un hito \u00fanico e hist\u00f3rico. \u00a1Las entradas est\u00e1n incluidas!<\/span><\/p><\/li><li class=\"ng-star-inserted\"><p class=\"ng-star-inserted\"><strong class=\"ng-star-inserted\"><span class=\"ng-star-inserted\">Encanto Costero de Miraflores:<\/span><\/strong><span class=\"ng-star-inserted\">\u00a0Luego viajaremos al moderno distrito de Miraflores, conocido por sus impresionantes vistas al oc\u00e9ano y su ambiente vibrante.<\/span><\/p><\/li><li class=\"ng-star-inserted\"><p class=\"ng-star-inserted\"><strong class=\"ng-star-inserted\"><span class=\"ng-star-inserted\">Visita al Parque del Amor:<\/span><\/strong><span class=\"ng-star-inserted\">\u00a0Captura recuerdos rom\u00e1nticos en el Parque del Amor, adornado con coloridos mosaicos e impresionantes vistas del Oc\u00e9ano Pac\u00edfico.<\/span><\/p><\/li><li class=\"ng-star-inserted\"><p class=\"ng-star-inserted\"><strong class=\"ng-star-inserted\"><span class=\"ng-star-inserted\">Sabores Aut\u00e9nticos Peruanos (Opcional):<\/span><\/strong><span class=\"ng-star-inserted\">\u00a0Si tienes hambre, tu gu\u00eda puede recomendarte y llevarte a un restaurante local donde podr\u00e1s saborear la aut\u00e9ntica cocina peruana (el costo de las comidas no est\u00e1 incluido).<\/span><\/p><\/li><\/ul><p class=\"ng-star-inserted\"><strong class=\"ng-star-inserted\"><span class=\"ng-star-inserted\">Lo M\u00e1s Destacado del Tour Incluye:<\/span><\/strong><\/p><ul class=\"ng-star-inserted\"><li class=\"ng-star-inserted\"><p class=\"ng-star-inserted\"><span class=\"ng-star-inserted\">Traslado de ida y vuelta desde el Aeropuerto Internacional Jorge Ch\u00e1vez (LIM)<\/span><\/p><\/li><li class=\"ng-star-inserted\"><p class=\"ng-star-inserted\"><span class=\"ng-star-inserted\">Transporte privado en un veh\u00edculo c\u00f3modo<\/span><\/p><\/li><li class=\"ng-star-inserted\"><p class=\"ng-star-inserted\"><span class=\"ng-star-inserted\">Gu\u00eda profesional en ingl\u00e9s o espa\u00f1ol<\/span><\/p><\/li><li class=\"ng-star-inserted\"><p class=\"ng-star-inserted\"><span class=\"ng-star-inserted\">Entradas al Museo de las Catacumbas<\/span><\/p><\/li><li class=\"ng-star-inserted\"><p class=\"ng-star-inserted\"><span class=\"ng-star-inserted\">Recorrido a pie por el Centro Hist\u00f3rico de Lima<\/span><\/p><\/li><li class=\"ng-star-inserted\"><p class=\"ng-star-inserted\"><span class=\"ng-star-inserted\">Visita a la Plaza de Armas (vistas exteriores de los edificios clave)<\/span><\/p><\/li><li class=\"ng-star-inserted\"><p class=\"ng-star-inserted\"><span class=\"ng-star-inserted\">Exploraci\u00f3n del Parque del Amor en Miraflores<\/span><\/p><\/li><\/ul><p class=\"ng-star-inserted\"><strong class=\"ng-star-inserted\"><span class=\"ng-star-inserted\">Consideraciones Importantes:<\/span><\/strong><\/p><ul class=\"ng-star-inserted\"><li class=\"ng-star-inserted\"><p class=\"ng-star-inserted\"><strong class=\"ng-star-inserted\"><span class=\"ng-star-inserted\">Duraci\u00f3n del Tour:<\/span><\/strong><span class=\"ng-star-inserted\">\u00a0El tour dura aproximadamente 6 horas. Aseg\u00farate de que esto te d\u00e9 tiempo suficiente para tomar tu vuelo de conexi\u00f3n c\u00f3modamente. Recomendamos una escala m\u00ednima de 7-8 horas.<\/span><\/p><\/li><li class=\"ng-star-inserted\"><p class=\"ng-star-inserted\"><strong class=\"ng-star-inserted\"><span class=\"ng-star-inserted\">Comidas:<\/span><\/strong><span class=\"ng-star-inserted\">\u00a0La comida y las bebidas no est\u00e1n incluidas en el precio del tour. Sin embargo, tu gu\u00eda estar\u00e1 encantado de recomendarte y llevarte a restaurantes locales si deseas disfrutar de una comida.<\/span><\/p><\/li><li class=\"ng-star-inserted\"><p class=\"ng-star-inserted\"><strong class=\"ng-star-inserted\"><span class=\"ng-star-inserted\">Flexibilidad:<\/span><\/strong><span class=\"ng-star-inserted\">\u00a0Si bien tenemos un itinerario sugerido, podemos adaptar el recorrido a tus intereses y preferencias, dentro del per\u00edodo de tiempo de 6 horas.<\/span><\/p><\/li><li class=\"ng-star-inserted\"><p class=\"ng-star-inserted\"><strong class=\"ng-star-inserted\"><span class=\"ng-star-inserted\">Visitas:<\/span><\/strong><span class=\"ng-star-inserted\">\u00a0Si bien nos acercamos al Palacio de Gobierno, la Catedral de Lima y el Palacio Municipal, la visita es solo para verlos desde el exterior.<\/span><\/p><\/li><\/ul><p class=\"ng-star-inserted\"><strong class=\"ng-star-inserted\"><span class=\"ng-star-inserted\">\u00a1Reserva hoy tu inolvidable Tour en Escala en Lima y convierte una espera potencialmente tediosa en una aventura memorable! Cont\u00e1ctanos ahora con los detalles de tu vuelo y la hora de inicio del tour que prefieras.\u00a0<\/span><\/strong><\/p>\t\t\t\t\t\t\t\t<\/div>\n\t\t\t\t<\/div>\n\t\t\t\t\t<\/div>\n\t\t<\/div>\n\t\t\t\t\t<\/div>\n\t\t<\/section>\n\t\t\t\t<section class=\"elementor-section elementor-top-section elementor-element elementor-element-65416b6 elementor-section-boxed elementor-section-height-default elementor-section-height-default\" data-id=\"65416b6\" data-element_type=\"section\" data-e-type=\"section\">\n\t\t\t\t\t\t<div class=\"elementor-container elementor-column-gap-default\">\n\t\t\t\t\t<div class=\"elementor-column elementor-col-100 elementor-top-column elementor-element elementor-element-ab6a7af\" data-id=\"ab6a7af\" data-element_type=\"column\" data-e-type=\"column\">\n\t\t\t<div class=\"elementor-widget-wrap elementor-element-populated\">\n\t\t\t\t\t\t<div class=\"elementor-element elementor-element-88c157c elementor-widget elementor-widget-button\" data-id=\"88c157c\" data-element_type=\"widget\" data-e-type=\"widget\" data-widget_type=\"button.default\">\n\t\t\t\t<div class=\"elementor-widget-container\">\n\t\t\t\t\t\t\t\t\t<div class=\"elementor-button-wrapper\">\n\t\t\t\t\t<a class=\"elementor-button elementor-button-link elementor-size-sm\" href=\"https:\/\/www.instagram.com\/limadiscover\/\">\n\t\t\t\t\t\t<span class=\"elementor-button-content-wrapper\">\n\t\t\t\t\t\t\t\t\t<span class=\"elementor-button-text\">Instagram<\/span>\n\t\t\t\t\t<\/span>\n\t\t\t\t\t<\/a>\n\t\t\t\t<\/div>\n\t\t\t\t\t\t\t\t<\/div>\n\t\t\t\t<\/div>\n\t\t\t\t\t<\/div>\n\t\t<\/div>\n\t\t\t\t\t<\/div>\n\t\t<\/section>\n\t\t\t\t<\/div>\n\t\t","protected":false},"excerpt":{"rendered":"<p>Tour en Escala en Lima: \u00a1Descubre lo Mejor de Lima en 6 Horas! Aprovecha al m\u00e1ximo tu escala en Lima [&hellip;]<\/p>\n","protected":false},"featured_media":3970,"template":"","meta":{"site-sidebar-layout":"default","site-content-layout":"default","ast-site-content-layout":"default","site-content-style":"default","site-sidebar-style":"default","ast-global-header-display":"","ast-banner-title-visibility":"","ast-main-header-display":"","ast-hfb-above-header-display":"","ast-hfb-below-header-display":"","ast-hfb-mobile-header-display":"","site-post-title":"","ast-breadcrumbs-content":"","ast-featured-img":"","footer-sml-layout":"","ast-disable-related-posts":"","theme-transparent-header-meta":"default","adv-header-id-meta":"","stick-header-meta":"default","header-above-stick-meta":"","header-main-stick-meta":"","header-below-stick-meta":"","astra-migrate-meta-layouts":"default","ast-page-background-enabled":"default","ast-page-background-meta":{"desktop":{"background-color":"var(--ast-global-color-5)","background-image":"","background-repeat":"repeat","background-position":"center center","background-size":"auto","background-attachment":"scroll","background-type":"","background-media":"","overlay-type":"","overlay-color":"","overlay-opacity":"","overlay-gradient":""},"tablet":{"background-color":"","background-image":"","background-repeat":"repeat","background-position":"center center","background-size":"auto","background-attachment":"scroll","background-type":"","background-media":"","overlay-type":"","overlay-color":"","overlay-opacity":"","overlay-gradient":""},"mobile":{"background-color":"","background-image":"","background-repeat":"repeat","background-position":"center center","background-size":"auto","background-attachment":"scroll","background-type":"","background-media":"","overlay-type":"","overlay-color":"","overlay-opacity":"","overlay-gradient":""}},"ast-content-background-meta":{"desktop":{"background-color":"var(--ast-global-color-4)","background-image":"","background-repeat":"repeat","background-position":"center center","background-size":"auto","background-attachment":"scroll","background-type":"","background-media":"","overlay-type":"","overlay-color":"","overlay-opacity":"","overlay-gradient":""},"tablet":{"background-color":"var(--ast-global-color-4)","background-image":"","background-repeat":"repeat","background-position":"center center","background-size":"auto","background-attachment":"scroll","background-type":"","background-media":"","overlay-type":"","overlay-color":"","overlay-opacity":"","overlay-gradient":""},"mobile":{"background-color":"var(--ast-global-color-4)","background-image":"","background-repeat":"repeat","background-position":"center center","background-size":"auto","background-attachment":"scroll","background-type":"","background-media":"","overlay-type":"","overlay-color":"","overlay-opacity":"","overlay-gradient":""}},"_joinchat":[]},"product_brand":[],"product_cat":[59],"product_tag":[],"class_list":{"0":"post-1042","1":"product","2":"type-product","3":"status-publish","4":"has-post-thumbnail","6":"product_cat-lima-2","7":"desktop-align-left","8":"tablet-align-left","9":"mobile-align-left","11":"first","12":"instock","13":"shipping-taxable","14":"purchasable","15":"product-type-simple"},"yoast_head":"<!-- This site is optimized with the Yoast SEO plugin v27.1.1 - https:\/\/yoast.com\/product\/yoast-seo-wordpress\/ -->\n<title>City Tour Desde el Aeropuerto Jorge Chavez de Lima - LIMA DISCOVER - Tours en Lima - Huacachina - Tours Aeropuerto - City Tour<\/title>\n<meta name=\"robots\" content=\"index, follow, max-snippet:-1, max-image-preview:large, max-video-preview:-1\" \/>\n<link rel=\"canonical\" href=\"https:\/\/www.limadiscover.com\/es\/tour\/tour-privado-desde-aeropuerto-de-lima\/\" \/>\n<meta property=\"og:locale\" content=\"es_ES\" \/>\n<meta property=\"og:type\" content=\"article\" \/>\n<meta property=\"og:title\" content=\"City Tour Desde el Aeropuerto Jorge Chavez de Lima - LIMA DISCOVER - Tours en Lima - Huacachina - Tours Aeropuerto - City Tour\" \/>\n<meta property=\"og:description\" content=\"Tour en Escala en Lima: \u00a1Descubre lo Mejor de Lima en 6 Horas! Aprovecha al m\u00e1ximo tu escala en Lima [&hellip;]\" \/>\n<meta property=\"og:url\" content=\"https:\/\/www.limadiscover.com\/es\/tour\/tour-privado-desde-aeropuerto-de-lima\/\" \/>\n<meta property=\"og:site_name\" content=\"LIMA DISCOVER - Tours en Lima - Huacachina - Tours Aeropuerto - City Tour\" \/>\n<meta property=\"article:modified_time\" content=\"2025-06-19T18:15:15+00:00\" \/>\n<meta property=\"og:image\" content=\"https:\/\/www.limadiscover.com\/wp-content\/uploads\/2022\/06\/Que-restaurantes-hay-en-el-nuevo-aeropuerto-Jorge-Chavez-2025.jpg\" \/>\n\t<meta property=\"og:image:width\" content=\"1280\" \/>\n\t<meta property=\"og:image:height\" content=\"720\" \/>\n\t<meta property=\"og:image:type\" content=\"image\/jpeg\" \/>\n<meta name=\"twitter:card\" content=\"summary_large_image\" \/>\n<script type=\"application\/ld+json\" class=\"yoast-schema-graph\">{\"@context\":\"https:\/\/schema.org\",\"@graph\":[{\"@type\":\"WebPage\",\"@id\":\"https:\/\/www.limadiscover.com\/es\/tour\/tour-privado-desde-aeropuerto-de-lima\/\",\"url\":\"https:\/\/www.limadiscover.com\/es\/tour\/tour-privado-desde-aeropuerto-de-lima\/\",\"name\":\"City Tour Desde el Aeropuerto Jorge Chavez de Lima - LIMA DISCOVER - Tours en Lima - Huacachina - Tours Aeropuerto - City Tour\",\"isPartOf\":{\"@id\":\"https:\/\/www.limadiscover.com\/#website\"},\"primaryImageOfPage\":{\"@id\":\"https:\/\/www.limadiscover.com\/es\/tour\/tour-privado-desde-aeropuerto-de-lima\/#primaryimage\"},\"image\":{\"@id\":\"https:\/\/www.limadiscover.com\/es\/tour\/tour-privado-desde-aeropuerto-de-lima\/#primaryimage\"},\"thumbnailUrl\":\"https:\/\/www.limadiscover.com\/wp-content\/uploads\/2022\/06\/Que-restaurantes-hay-en-el-nuevo-aeropuerto-Jorge-Chavez-2025.jpg\",\"datePublished\":\"2022-06-27T14:12:01+00:00\",\"dateModified\":\"2025-06-19T18:15:15+00:00\",\"breadcrumb\":{\"@id\":\"https:\/\/www.limadiscover.com\/es\/tour\/tour-privado-desde-aeropuerto-de-lima\/#breadcrumb\"},\"inLanguage\":\"es\",\"potentialAction\":[{\"@type\":\"ReadAction\",\"target\":[\"https:\/\/www.limadiscover.com\/es\/tour\/tour-privado-desde-aeropuerto-de-lima\/\"]}]},{\"@type\":\"ImageObject\",\"inLanguage\":\"es\",\"@id\":\"https:\/\/www.limadiscover.com\/es\/tour\/tour-privado-desde-aeropuerto-de-lima\/#primaryimage\",\"url\":\"https:\/\/www.limadiscover.com\/wp-content\/uploads\/2022\/06\/Que-restaurantes-hay-en-el-nuevo-aeropuerto-Jorge-Chavez-2025.jpg\",\"contentUrl\":\"https:\/\/www.limadiscover.com\/wp-content\/uploads\/2022\/06\/Que-restaurantes-hay-en-el-nuevo-aeropuerto-Jorge-Chavez-2025.jpg\",\"width\":1280,\"height\":720,\"caption\":\"connecting flights in Lima\"},{\"@type\":\"BreadcrumbList\",\"@id\":\"https:\/\/www.limadiscover.com\/es\/tour\/tour-privado-desde-aeropuerto-de-lima\/#breadcrumb\",\"itemListElement\":[{\"@type\":\"ListItem\",\"position\":1,\"name\":\"Home\",\"item\":\"https:\/\/www.limadiscover.com\/es\/\"},{\"@type\":\"ListItem\",\"position\":2,\"name\":\"Tours\",\"item\":\"https:\/\/www.limadiscover.com\/tours\/\"},{\"@type\":\"ListItem\",\"position\":3,\"name\":\"City Tour Desde el Aeropuerto Jorge Chavez de Lima\"}]},{\"@type\":\"WebSite\",\"@id\":\"https:\/\/www.limadiscover.com\/#website\",\"url\":\"https:\/\/www.limadiscover.com\/\",\"name\":\"LIMA DISCOVER - Tours en Lima - Huacachina - Tours Aeropuerto - City Tour\",\"description\":\"\",\"publisher\":{\"@id\":\"https:\/\/www.limadiscover.com\/#organization\"},\"potentialAction\":[{\"@type\":\"SearchAction\",\"target\":{\"@type\":\"EntryPoint\",\"urlTemplate\":\"https:\/\/www.limadiscover.com\/?s={search_term_string}\"},\"query-input\":{\"@type\":\"PropertyValueSpecification\",\"valueRequired\":true,\"valueName\":\"search_term_string\"}}],\"inLanguage\":\"es\"},{\"@type\":\"Organization\",\"@id\":\"https:\/\/www.limadiscover.com\/#organization\",\"name\":\"LIMA DISCOVER - Tours en Lima - Huacachina - Tours Aeropuerto - City Tour\",\"url\":\"https:\/\/www.limadiscover.com\/\",\"logo\":{\"@type\":\"ImageObject\",\"inLanguage\":\"es\",\"@id\":\"https:\/\/www.limadiscover.com\/#\/schema\/logo\/image\/\",\"url\":\"https:\/\/www.limadiscover.com\/wp-content\/uploads\/2022\/05\/Logo-moderno-de-Tours-Lima-Discover.png\",\"contentUrl\":\"https:\/\/www.limadiscover.com\/wp-content\/uploads\/2022\/05\/Logo-moderno-de-Tours-Lima-Discover.png\",\"width\":1536,\"height\":1024,\"caption\":\"LIMA DISCOVER - Tours en Lima - Huacachina - Tours Aeropuerto - City Tour\"},\"image\":{\"@id\":\"https:\/\/www.limadiscover.com\/#\/schema\/logo\/image\/\"}}]}<\/script>\n<!-- \/ Yoast SEO plugin. -->","yoast_head_json":{"title":"City Tour Desde el Aeropuerto Jorge Chavez de Lima - LIMA DISCOVER - Tours en Lima - Huacachina - Tours Aeropuerto - City Tour","robots":{"index":"index","follow":"follow","max-snippet":"max-snippet:-1","max-image-preview":"max-image-preview:large","max-video-preview":"max-video-preview:-1"},"canonical":"https:\/\/www.limadiscover.com\/es\/tour\/tour-privado-desde-aeropuerto-de-lima\/","og_locale":"es_ES","og_type":"article","og_title":"City Tour Desde el Aeropuerto Jorge Chavez de Lima - LIMA DISCOVER - Tours en Lima - Huacachina - Tours Aeropuerto - City Tour","og_description":"Tour en Escala en Lima: \u00a1Descubre lo Mejor de Lima en 6 Horas! Aprovecha al m\u00e1ximo tu escala en Lima [&hellip;]","og_url":"https:\/\/www.limadiscover.com\/es\/tour\/tour-privado-desde-aeropuerto-de-lima\/","og_site_name":"LIMA DISCOVER - Tours en Lima - Huacachina - Tours Aeropuerto - City Tour","article_modified_time":"2025-06-19T18:15:15+00:00","og_image":[{"width":1280,"height":720,"url":"https:\/\/www.limadiscover.com\/wp-content\/uploads\/2022\/06\/Que-restaurantes-hay-en-el-nuevo-aeropuerto-Jorge-Chavez-2025.jpg","type":"image\/jpeg"}],"twitter_card":"summary_large_image","schema":{"@context":"https:\/\/schema.org","@graph":[{"@type":"WebPage","@id":"https:\/\/www.limadiscover.com\/es\/tour\/tour-privado-desde-aeropuerto-de-lima\/","url":"https:\/\/www.limadiscover.com\/es\/tour\/tour-privado-desde-aeropuerto-de-lima\/","name":"City Tour Desde el Aeropuerto Jorge Chavez de Lima - LIMA DISCOVER - Tours en Lima - Huacachina - Tours Aeropuerto - City Tour","isPartOf":{"@id":"https:\/\/www.limadiscover.com\/#website"},"primaryImageOfPage":{"@id":"https:\/\/www.limadiscover.com\/es\/tour\/tour-privado-desde-aeropuerto-de-lima\/#primaryimage"},"image":{"@id":"https:\/\/www.limadiscover.com\/es\/tour\/tour-privado-desde-aeropuerto-de-lima\/#primaryimage"},"thumbnailUrl":"https:\/\/www.limadiscover.com\/wp-content\/uploads\/2022\/06\/Que-restaurantes-hay-en-el-nuevo-aeropuerto-Jorge-Chavez-2025.jpg","datePublished":"2022-06-27T14:12:01+00:00","dateModified":"2025-06-19T18:15:15+00:00","breadcrumb":{"@id":"https:\/\/www.limadiscover.com\/es\/tour\/tour-privado-desde-aeropuerto-de-lima\/#breadcrumb"},"inLanguage":"es","potentialAction":[{"@type":"ReadAction","target":["https:\/\/www.limadiscover.com\/es\/tour\/tour-privado-desde-aeropuerto-de-lima\/"]}]},{"@type":"ImageObject","inLanguage":"es","@id":"https:\/\/www.limadiscover.com\/es\/tour\/tour-privado-desde-aeropuerto-de-lima\/#primaryimage","url":"https:\/\/www.limadiscover.com\/wp-content\/uploads\/2022\/06\/Que-restaurantes-hay-en-el-nuevo-aeropuerto-Jorge-Chavez-2025.jpg","contentUrl":"https:\/\/www.limadiscover.com\/wp-content\/uploads\/2022\/06\/Que-restaurantes-hay-en-el-nuevo-aeropuerto-Jorge-Chavez-2025.jpg","width":1280,"height":720,"caption":"connecting flights in Lima"},{"@type":"BreadcrumbList","@id":"https:\/\/www.limadiscover.com\/es\/tour\/tour-privado-desde-aeropuerto-de-lima\/#breadcrumb","itemListElement":[{"@type":"ListItem","position":1,"name":"Home","item":"https:\/\/www.limadiscover.com\/es\/"},{"@type":"ListItem","position":2,"name":"Tours","item":"https:\/\/www.limadiscover.com\/tours\/"},{"@type":"ListItem","position":3,"name":"City Tour Desde el Aeropuerto Jorge Chavez de Lima"}]},{"@type":"WebSite","@id":"https:\/\/www.limadiscover.com\/#website","url":"https:\/\/www.limadiscover.com\/","name":"LIMA DISCOVER - Tours en Lima - Huacachina - Tours Aeropuerto - City Tour","description":"","publisher":{"@id":"https:\/\/www.limadiscover.com\/#organization"},"potentialAction":[{"@type":"SearchAction","target":{"@type":"EntryPoint","urlTemplate":"https:\/\/www.limadiscover.com\/?s={search_term_string}"},"query-input":{"@type":"PropertyValueSpecification","valueRequired":true,"valueName":"search_term_string"}}],"inLanguage":"es"},{"@type":"Organization","@id":"https:\/\/www.limadiscover.com\/#organization","name":"LIMA DISCOVER - Tours en Lima - Huacachina - Tours Aeropuerto - City Tour","url":"https:\/\/www.limadiscover.com\/","logo":{"@type":"ImageObject","inLanguage":"es","@id":"https:\/\/www.limadiscover.com\/#\/schema\/logo\/image\/","url":"https:\/\/www.limadiscover.com\/wp-content\/uploads\/2022\/05\/Logo-moderno-de-Tours-Lima-Discover.png","contentUrl":"https:\/\/www.limadiscover.com\/wp-content\/uploads\/2022\/05\/Logo-moderno-de-Tours-Lima-Discover.png","width":1536,"height":1024,"caption":"LIMA DISCOVER - Tours en Lima - Huacachina - Tours Aeropuerto - City Tour"},"image":{"@id":"https:\/\/www.limadiscover.com\/#\/schema\/logo\/image\/"}}]}},"tiered_pricing_type":"fixed","tiered_pricing_fixed_rules":{"2":65,"6":60,"10":55,"16":50},"tiered_pricing_product_settings":{"layout":"default","base_unit_name":{"singular":null,"plural":null},"default_variation":null},"tiered_pricing_minimum_quantity":null,"tiered_pricing_roles_data":[],"tiered_pricing_percentage_rules":[],"_links":{"self":[{"href":"https:\/\/www.limadiscover.com\/es\/wp-json\/wp\/v2\/product\/1042","targetHints":{"allow":["GET"]}}],"collection":[{"href":"https:\/\/www.limadiscover.com\/es\/wp-json\/wp\/v2\/product"}],"about":[{"href":"https:\/\/www.limadiscover.com\/es\/wp-json\/wp\/v2\/types\/product"}],"version-history":[{"count":21,"href":"https:\/\/www.limadiscover.com\/es\/wp-json\/wp\/v2\/product\/1042\/revisions"}],"predecessor-version":[{"id":3980,"href":"https:\/\/www.limadiscover.com\/es\/wp-json\/wp\/v2\/product\/1042\/revisions\/3980"}],"wp:featuredmedia":[{"embeddable":true,"href":"https:\/\/www.limadiscover.com\/es\/wp-json\/wp\/v2\/media\/3970"}],"wp:attachment":[{"href":"https:\/\/www.limadiscover.com\/es\/wp-json\/wp\/v2\/media?parent=1042"}],"wp:term":[{"taxonomy":"product_brand","embeddable":true,"href":"https:\/\/www.limadiscover.com\/es\/wp-json\/wp\/v2\/product_brand?post=1042"},{"taxonomy":"product_cat","embeddable":true,"href":"https:\/\/www.limadiscover.com\/es\/wp-json\/wp\/v2\/product_cat?post=1042"},{"taxonomy":"product_tag","embeddable":true,"href":"https:\/\/www.limadiscover.com\/es\/wp-json\/wp\/v2\/product_tag?post=1042"}],"curies":[{"name":"wp","href":"https:\/\/api.w.org\/{rel}","templated":true}]}}