{"id":1035,"date":"2022-05-18T10:55:38","date_gmt":"2022-05-18T15:55:38","guid":{"rendered":"https:\/\/www.limadiscover.com\/tour\/paracas-y-dunas-de-huacachina\/"},"modified":"2025-07-26T10:36:16","modified_gmt":"2025-07-26T15:36:16","slug":"paracas-y-dunas-de-huacachina","status":"publish","type":"product","link":"https:\/\/www.limadiscover.com\/es\/tour\/paracas-y-dunas-de-huacachina\/","title":{"rendered":"Paracas Islas Ballestas y Dunas de Huacachina Full Day"},"content":{"rendered":"\t\t<div data-elementor-type=\"product-post\" data-elementor-id=\"1035\" class=\"elementor elementor-1035 elementor-216\" data-elementor-post-type=\"product\">\n\t\t\t\t\t\t<section class=\"elementor-section elementor-top-section elementor-element elementor-element-6633c3de elementor-section-boxed elementor-section-height-default elementor-section-height-default\" data-id=\"6633c3de\" data-element_type=\"section\" data-e-type=\"section\">\n\t\t\t\t\t\t<div class=\"elementor-container elementor-column-gap-default\">\n\t\t\t\t\t<div class=\"elementor-column elementor-col-100 elementor-top-column elementor-element elementor-element-20af42b2\" data-id=\"20af42b2\" data-element_type=\"column\" data-e-type=\"column\">\n\t\t\t<div class=\"elementor-widget-wrap elementor-element-populated\">\n\t\t\t\t\t\t<div class=\"elementor-element elementor-element-551becf4 elementor-widget elementor-widget-text-editor\" data-id=\"551becf4\" data-element_type=\"widget\" data-e-type=\"widget\" data-widget_type=\"text-editor.default\">\n\t\t\t\t<div class=\"elementor-widget-container\">\n\t\t\t\t\t\t\t\t\t<h4><strong>Tu aventura comienza aqu\u00ed:<\/strong><\/h4><p>\u00a0<\/p><p><strong>Traslado privado y c\u00f3modo:<\/strong><\/p><p>Te recogeremos en Lima a las 5:00 a. m. en un veh\u00edculo exclusivo con un gu\u00eda biling\u00fce (ingl\u00e9s\/espa\u00f1ol) a tu disposici\u00f3n. Rel\u00e1jate y disfruta del paisaje mientras te llevamos a Ica.<br \/><strong>Paradas flexibles:<\/strong> Durante el camino, haremos paradas para que puedas usar los ba\u00f1os, estirar las piernas y disfrutar de un caf\u00e9 o un refrigerio. \u00a1Tu comodidad es nuestra prioridad!<br \/><strong>Islas Ballestas:<\/strong> Un santuario marino: Emb\u00e1rcate en un emocionante tour grupal a las Islas Ballestas, un para\u00edso natural habitado por lobos marinos, ping\u00fcinos de Humboldt y una incre\u00edble variedad de aves guaneras.<br \/><strong>Huacachina:<\/strong> Aventura en las dunas: Experimenta la adrenalina de un tour privado en buggy por las impresionantes dunas de Huacachina. Desl\u00edzate a toda velocidad en un sandboard y captura fotos espectaculares al atardecer.<\/p><p><strong>Opcional<\/strong>: Cata de vinos: Si lo desea, podemos visitar una bodega local para degustar deliciosos vinos y piscos artesanales .<br \/><strong>Todo incluido<\/strong>: El precio incluye todas las entradas e impuestos del tour. \u00a1Sin sorpresas!<br \/>Regreso a Lima: Regresaremos a Lima alrededor de las 8:00 p. m., con recuerdos imborrables de su d\u00eda en Ica.<\/p><p><strong>\u00bfPor qu\u00e9 elegir nuestro tour privado?<\/strong><br \/>Exclusividad: Disfrute de la compa\u00f1\u00eda de sus seres queridos sin las molestias de un grupo grande.<br \/><strong>Flexibilidad:<\/strong> Adapte el itinerario a sus preferencias y necesidades.<br \/><strong>Comodidad<\/strong>: Viaje en un veh\u00edculo privado con un gu\u00eda personal que le brindar\u00e1 atenci\u00f3n personalizada.<br \/><strong>Ideal para familias:<\/strong> Cree recuerdos especiales con sus hijos en un ambiente seguro y relajado.<br \/>\u00a1Reserve ahora y viva una experiencia inolvidable!<br \/>Cont\u00e1ctenos para personalizar su tour y reservar su aventura privada a las Islas Ballestas y Huacachina. \u00a1No se arrepentir\u00e1!<\/p><p><strong>\u00a1Esperamos mostrarle la magia de Ica!<\/strong><\/p>\t\t\t\t\t\t\t\t<\/div>\n\t\t\t\t<\/div>\n\t\t\t\t\t<\/div>\n\t\t<\/div>\n\t\t\t\t\t<\/div>\n\t\t<\/section>\n\t\t\t\t<\/div>\n\t\t","protected":false},"excerpt":{"rendered":"<p>Tu aventura comienza aqu\u00ed: Traslado privado y c\u00f3modo: Te recogeremos en Lima a las 5:00 a. m. en un veh\u00edculo [&hellip;]<\/p>\n","protected":false},"featured_media":3914,"template":"","meta":{"site-sidebar-layout":"default","site-content-layout":"default","ast-site-content-layout":"default","site-content-style":"default","site-sidebar-style":"default","ast-global-header-display":"","ast-banner-title-visibility":"","ast-main-header-display":"","ast-hfb-above-header-display":"","ast-hfb-below-header-display":"","ast-hfb-mobile-header-display":"","site-post-title":"","ast-breadcrumbs-content":"","ast-featured-img":"","footer-sml-layout":"","ast-disable-related-posts":"","theme-transparent-header-meta":"default","adv-header-id-meta":"","stick-header-meta":"default","header-above-stick-meta":"","header-main-stick-meta":"","header-below-stick-meta":"","astra-migrate-meta-layouts":"set","ast-page-background-enabled":"default","ast-page-background-meta":{"desktop":{"background-color":"var(--ast-global-color-5)","background-image":"","background-repeat":"repeat","background-position":"center center","background-size":"auto","background-attachment":"scroll","background-type":"","background-media":"","overlay-type":"","overlay-color":"","overlay-opacity":"","overlay-gradient":""},"tablet":{"background-color":"","background-image":"","background-repeat":"repeat","background-position":"center center","background-size":"auto","background-attachment":"scroll","background-type":"","background-media":"","overlay-type":"","overlay-color":"","overlay-opacity":"","overlay-gradient":""},"mobile":{"background-color":"","background-image":"","background-repeat":"repeat","background-position":"center center","background-size":"auto","background-attachment":"scroll","background-type":"","background-media":"","overlay-type":"","overlay-color":"","overlay-opacity":"","overlay-gradient":""}},"ast-content-background-meta":{"desktop":{"background-color":"var(--ast-global-color-4)","background-image":"","background-repeat":"repeat","background-position":"center center","background-size":"auto","background-attachment":"scroll","background-type":"","background-media":"","overlay-type":"","overlay-color":"","overlay-opacity":"","overlay-gradient":""},"tablet":{"background-color":"var(--ast-global-color-4)","background-image":"","background-repeat":"repeat","background-position":"center center","background-size":"auto","background-attachment":"scroll","background-type":"","background-media":"","overlay-type":"","overlay-color":"","overlay-opacity":"","overlay-gradient":""},"mobile":{"background-color":"var(--ast-global-color-4)","background-image":"","background-repeat":"repeat","background-position":"center center","background-size":"auto","background-attachment":"scroll","background-type":"","background-media":"","overlay-type":"","overlay-color":"","overlay-opacity":"","overlay-gradient":""}},"_joinchat":[]},"product_brand":[],"product_cat":[52],"product_tag":[],"class_list":{"0":"post-1035","1":"product","2":"type-product","3":"status-publish","4":"has-post-thumbnail","6":"product_cat-paracas-es","7":"desktop-align-left","8":"tablet-align-left","9":"mobile-align-left","11":"first","12":"instock","13":"shipping-taxable","14":"purchasable","15":"product-type-simple"},"yoast_head":"<!-- This site is optimized with the Yoast SEO plugin v27.1.1 - https:\/\/yoast.com\/product\/yoast-seo-wordpress\/ -->\n<title>Paracas Islas Ballestas y Dunas de Huacachina Full Day - LIMA DISCOVER - Tours en Lima - Huacachina - Tours Aeropuerto - City Tour<\/title>\n<meta name=\"robots\" content=\"index, follow, max-snippet:-1, max-image-preview:large, max-video-preview:-1\" \/>\n<link rel=\"canonical\" href=\"https:\/\/www.limadiscover.com\/es\/tour\/paracas-y-dunas-de-huacachina\/\" \/>\n<meta property=\"og:locale\" content=\"es_ES\" \/>\n<meta property=\"og:type\" content=\"article\" \/>\n<meta property=\"og:title\" content=\"Paracas Islas Ballestas y Dunas de Huacachina Full Day - LIMA DISCOVER - Tours en Lima - Huacachina - Tours Aeropuerto - City Tour\" \/>\n<meta property=\"og:description\" content=\"Tu aventura comienza aqu\u00ed: Traslado privado y c\u00f3modo: Te recogeremos en Lima a las 5:00 a. m. en un veh\u00edculo [&hellip;]\" \/>\n<meta property=\"og:url\" content=\"https:\/\/www.limadiscover.com\/es\/tour\/paracas-y-dunas-de-huacachina\/\" \/>\n<meta property=\"og:site_name\" content=\"LIMA DISCOVER - Tours en Lima - Huacachina - Tours Aeropuerto - City Tour\" \/>\n<meta property=\"article:modified_time\" content=\"2025-07-26T15:36:16+00:00\" \/>\n<meta property=\"og:image\" content=\"https:\/\/www.limadiscover.com\/wp-content\/uploads\/2022\/05\/20250611_1618561-scaled.jpg\" \/>\n\t<meta property=\"og:image:width\" content=\"2560\" \/>\n\t<meta property=\"og:image:height\" content=\"1196\" \/>\n\t<meta property=\"og:image:type\" content=\"image\/jpeg\" \/>\n<meta name=\"twitter:card\" content=\"summary_large_image\" \/>\n<meta name=\"twitter:label1\" content=\"Tiempo de lectura\" \/>\n\t<meta name=\"twitter:data1\" content=\"2 minutos\" \/>\n<script type=\"application\/ld+json\" class=\"yoast-schema-graph\">{\"@context\":\"https:\/\/schema.org\",\"@graph\":[{\"@type\":\"WebPage\",\"@id\":\"https:\/\/www.limadiscover.com\/es\/tour\/paracas-y-dunas-de-huacachina\/\",\"url\":\"https:\/\/www.limadiscover.com\/es\/tour\/paracas-y-dunas-de-huacachina\/\",\"name\":\"Paracas Islas Ballestas y Dunas de Huacachina Full Day - LIMA DISCOVER - Tours en Lima - Huacachina - Tours Aeropuerto - City Tour\",\"isPartOf\":{\"@id\":\"https:\/\/www.limadiscover.com\/#website\"},\"primaryImageOfPage\":{\"@id\":\"https:\/\/www.limadiscover.com\/es\/tour\/paracas-y-dunas-de-huacachina\/#primaryimage\"},\"image\":{\"@id\":\"https:\/\/www.limadiscover.com\/es\/tour\/paracas-y-dunas-de-huacachina\/#primaryimage\"},\"thumbnailUrl\":\"https:\/\/www.limadiscover.com\/wp-content\/uploads\/2022\/05\/20250611_1618561-scaled.jpg\",\"datePublished\":\"2022-05-18T15:55:38+00:00\",\"dateModified\":\"2025-07-26T15:36:16+00:00\",\"breadcrumb\":{\"@id\":\"https:\/\/www.limadiscover.com\/es\/tour\/paracas-y-dunas-de-huacachina\/#breadcrumb\"},\"inLanguage\":\"es\",\"potentialAction\":[{\"@type\":\"ReadAction\",\"target\":[\"https:\/\/www.limadiscover.com\/es\/tour\/paracas-y-dunas-de-huacachina\/\"]}]},{\"@type\":\"ImageObject\",\"inLanguage\":\"es\",\"@id\":\"https:\/\/www.limadiscover.com\/es\/tour\/paracas-y-dunas-de-huacachina\/#primaryimage\",\"url\":\"https:\/\/www.limadiscover.com\/wp-content\/uploads\/2022\/05\/20250611_1618561-scaled.jpg\",\"contentUrl\":\"https:\/\/www.limadiscover.com\/wp-content\/uploads\/2022\/05\/20250611_1618561-scaled.jpg\",\"width\":2560,\"height\":1196,\"caption\":\"huacachina,icamparacas,nasca,ballestas\"},{\"@type\":\"BreadcrumbList\",\"@id\":\"https:\/\/www.limadiscover.com\/es\/tour\/paracas-y-dunas-de-huacachina\/#breadcrumb\",\"itemListElement\":[{\"@type\":\"ListItem\",\"position\":1,\"name\":\"Home\",\"item\":\"https:\/\/www.limadiscover.com\/es\/\"},{\"@type\":\"ListItem\",\"position\":2,\"name\":\"Tours\",\"item\":\"https:\/\/www.limadiscover.com\/tours\/\"},{\"@type\":\"ListItem\",\"position\":3,\"name\":\"Paracas Islas Ballestas y Dunas de Huacachina Full Day\"}]},{\"@type\":\"WebSite\",\"@id\":\"https:\/\/www.limadiscover.com\/#website\",\"url\":\"https:\/\/www.limadiscover.com\/\",\"name\":\"LIMA DISCOVER - Tours en Lima - Huacachina - Tours Aeropuerto - City Tour\",\"description\":\"\",\"publisher\":{\"@id\":\"https:\/\/www.limadiscover.com\/#organization\"},\"potentialAction\":[{\"@type\":\"SearchAction\",\"target\":{\"@type\":\"EntryPoint\",\"urlTemplate\":\"https:\/\/www.limadiscover.com\/?s={search_term_string}\"},\"query-input\":{\"@type\":\"PropertyValueSpecification\",\"valueRequired\":true,\"valueName\":\"search_term_string\"}}],\"inLanguage\":\"es\"},{\"@type\":\"Organization\",\"@id\":\"https:\/\/www.limadiscover.com\/#organization\",\"name\":\"LIMA DISCOVER - Tours en Lima - Huacachina - Tours Aeropuerto - City Tour\",\"url\":\"https:\/\/www.limadiscover.com\/\",\"logo\":{\"@type\":\"ImageObject\",\"inLanguage\":\"es\",\"@id\":\"https:\/\/www.limadiscover.com\/#\/schema\/logo\/image\/\",\"url\":\"https:\/\/www.limadiscover.com\/wp-content\/uploads\/2022\/05\/Logo-moderno-de-Tours-Lima-Discover.png\",\"contentUrl\":\"https:\/\/www.limadiscover.com\/wp-content\/uploads\/2022\/05\/Logo-moderno-de-Tours-Lima-Discover.png\",\"width\":1536,\"height\":1024,\"caption\":\"LIMA DISCOVER - Tours en Lima - Huacachina - Tours Aeropuerto - City Tour\"},\"image\":{\"@id\":\"https:\/\/www.limadiscover.com\/#\/schema\/logo\/image\/\"}}]}<\/script>\n<!-- \/ Yoast SEO plugin. -->","yoast_head_json":{"title":"Paracas Islas Ballestas y Dunas de Huacachina Full Day - LIMA DISCOVER - Tours en Lima - Huacachina - Tours Aeropuerto - City Tour","robots":{"index":"index","follow":"follow","max-snippet":"max-snippet:-1","max-image-preview":"max-image-preview:large","max-video-preview":"max-video-preview:-1"},"canonical":"https:\/\/www.limadiscover.com\/es\/tour\/paracas-y-dunas-de-huacachina\/","og_locale":"es_ES","og_type":"article","og_title":"Paracas Islas Ballestas y Dunas de Huacachina Full Day - LIMA DISCOVER - Tours en Lima - Huacachina - Tours Aeropuerto - City Tour","og_description":"Tu aventura comienza aqu\u00ed: Traslado privado y c\u00f3modo: Te recogeremos en Lima a las 5:00 a. m. en un veh\u00edculo [&hellip;]","og_url":"https:\/\/www.limadiscover.com\/es\/tour\/paracas-y-dunas-de-huacachina\/","og_site_name":"LIMA DISCOVER - Tours en Lima - Huacachina - Tours Aeropuerto - City Tour","article_modified_time":"2025-07-26T15:36:16+00:00","og_image":[{"width":2560,"height":1196,"url":"https:\/\/www.limadiscover.com\/wp-content\/uploads\/2022\/05\/20250611_1618561-scaled.jpg","type":"image\/jpeg"}],"twitter_card":"summary_large_image","twitter_misc":{"Tiempo de lectura":"2 minutos"},"schema":{"@context":"https:\/\/schema.org","@graph":[{"@type":"WebPage","@id":"https:\/\/www.limadiscover.com\/es\/tour\/paracas-y-dunas-de-huacachina\/","url":"https:\/\/www.limadiscover.com\/es\/tour\/paracas-y-dunas-de-huacachina\/","name":"Paracas Islas Ballestas y Dunas de Huacachina Full Day - LIMA DISCOVER - Tours en Lima - Huacachina - Tours Aeropuerto - City Tour","isPartOf":{"@id":"https:\/\/www.limadiscover.com\/#website"},"primaryImageOfPage":{"@id":"https:\/\/www.limadiscover.com\/es\/tour\/paracas-y-dunas-de-huacachina\/#primaryimage"},"image":{"@id":"https:\/\/www.limadiscover.com\/es\/tour\/paracas-y-dunas-de-huacachina\/#primaryimage"},"thumbnailUrl":"https:\/\/www.limadiscover.com\/wp-content\/uploads\/2022\/05\/20250611_1618561-scaled.jpg","datePublished":"2022-05-18T15:55:38+00:00","dateModified":"2025-07-26T15:36:16+00:00","breadcrumb":{"@id":"https:\/\/www.limadiscover.com\/es\/tour\/paracas-y-dunas-de-huacachina\/#breadcrumb"},"inLanguage":"es","potentialAction":[{"@type":"ReadAction","target":["https:\/\/www.limadiscover.com\/es\/tour\/paracas-y-dunas-de-huacachina\/"]}]},{"@type":"ImageObject","inLanguage":"es","@id":"https:\/\/www.limadiscover.com\/es\/tour\/paracas-y-dunas-de-huacachina\/#primaryimage","url":"https:\/\/www.limadiscover.com\/wp-content\/uploads\/2022\/05\/20250611_1618561-scaled.jpg","contentUrl":"https:\/\/www.limadiscover.com\/wp-content\/uploads\/2022\/05\/20250611_1618561-scaled.jpg","width":2560,"height":1196,"caption":"huacachina,icamparacas,nasca,ballestas"},{"@type":"BreadcrumbList","@id":"https:\/\/www.limadiscover.com\/es\/tour\/paracas-y-dunas-de-huacachina\/#breadcrumb","itemListElement":[{"@type":"ListItem","position":1,"name":"Home","item":"https:\/\/www.limadiscover.com\/es\/"},{"@type":"ListItem","position":2,"name":"Tours","item":"https:\/\/www.limadiscover.com\/tours\/"},{"@type":"ListItem","position":3,"name":"Paracas Islas Ballestas y Dunas de Huacachina Full Day"}]},{"@type":"WebSite","@id":"https:\/\/www.limadiscover.com\/#website","url":"https:\/\/www.limadiscover.com\/","name":"LIMA DISCOVER - Tours en Lima - Huacachina - Tours Aeropuerto - City Tour","description":"","publisher":{"@id":"https:\/\/www.limadiscover.com\/#organization"},"potentialAction":[{"@type":"SearchAction","target":{"@type":"EntryPoint","urlTemplate":"https:\/\/www.limadiscover.com\/?s={search_term_string}"},"query-input":{"@type":"PropertyValueSpecification","valueRequired":true,"valueName":"search_term_string"}}],"inLanguage":"es"},{"@type":"Organization","@id":"https:\/\/www.limadiscover.com\/#organization","name":"LIMA DISCOVER - Tours en Lima - Huacachina - Tours Aeropuerto - City Tour","url":"https:\/\/www.limadiscover.com\/","logo":{"@type":"ImageObject","inLanguage":"es","@id":"https:\/\/www.limadiscover.com\/#\/schema\/logo\/image\/","url":"https:\/\/www.limadiscover.com\/wp-content\/uploads\/2022\/05\/Logo-moderno-de-Tours-Lima-Discover.png","contentUrl":"https:\/\/www.limadiscover.com\/wp-content\/uploads\/2022\/05\/Logo-moderno-de-Tours-Lima-Discover.png","width":1536,"height":1024,"caption":"LIMA DISCOVER - Tours en Lima - Huacachina - Tours Aeropuerto - City Tour"},"image":{"@id":"https:\/\/www.limadiscover.com\/#\/schema\/logo\/image\/"}}]}},"tiered_pricing_type":"fixed","tiered_pricing_fixed_rules":{"2":170,"5":160,"8":150,"9":140},"tiered_pricing_product_settings":{"layout":"default","base_unit_name":{"singular":null,"plural":null},"default_variation":null},"tiered_pricing_minimum_quantity":null,"tiered_pricing_roles_data":[],"tiered_pricing_percentage_rules":[],"_links":{"self":[{"href":"https:\/\/www.limadiscover.com\/es\/wp-json\/wp\/v2\/product\/1035","targetHints":{"allow":["GET"]}}],"collection":[{"href":"https:\/\/www.limadiscover.com\/es\/wp-json\/wp\/v2\/product"}],"about":[{"href":"https:\/\/www.limadiscover.com\/es\/wp-json\/wp\/v2\/types\/product"}],"version-history":[{"count":17,"href":"https:\/\/www.limadiscover.com\/es\/wp-json\/wp\/v2\/product\/1035\/revisions"}],"predecessor-version":[{"id":4045,"href":"https:\/\/www.limadiscover.com\/es\/wp-json\/wp\/v2\/product\/1035\/revisions\/4045"}],"wp:featuredmedia":[{"embeddable":true,"href":"https:\/\/www.limadiscover.com\/es\/wp-json\/wp\/v2\/media\/3914"}],"wp:attachment":[{"href":"https:\/\/www.limadiscover.com\/es\/wp-json\/wp\/v2\/media?parent=1035"}],"wp:term":[{"taxonomy":"product_brand","embeddable":true,"href":"https:\/\/www.limadiscover.com\/es\/wp-json\/wp\/v2\/product_brand?post=1035"},{"taxonomy":"product_cat","embeddable":true,"href":"https:\/\/www.limadiscover.com\/es\/wp-json\/wp\/v2\/product_cat?post=1035"},{"taxonomy":"product_tag","embeddable":true,"href":"https:\/\/www.limadiscover.com\/es\/wp-json\/wp\/v2\/product_tag?post=1035"}],"curies":[{"name":"wp","href":"https:\/\/api.w.org\/{rel}","templated":true}]}}