{"id":1029,"date":"2022-05-18T10:52:52","date_gmt":"2022-06-30T13:26:46","guid":{"rendered":"https:\/\/www.limadiscover.com\/?post_type=product&#038;p=1029"},"modified":"2022-07-11T11:08:13","modified_gmt":"2022-07-11T16:08:13","slug":"atardecer-sobre-las-dunas-de-huacachina","status":"publish","type":"product","link":"https:\/\/www.limadiscover.com\/es\/tour\/atardecer-sobre-las-dunas-de-huacachina\/","title":{"rendered":"Atardecer Sobre las Dunas de Huacachina"},"content":{"rendered":"<h5>NOTA IMPORTANTE<\/h5>\n<p>Descubra Lima para configurar un recorrido para sus vacaciones inolvidables y agradables. Este tour est\u00e1 dise\u00f1ado para aquellos que quieren experimentar una sensaci\u00f3n de paz, emoci\u00f3n y relajaci\u00f3n total. El recorrido comienza con una parada en los vi\u00f1edos de Ica, donde podr\u00e1 probar el famoso Pisco, as\u00ed como una extensa degustaci\u00f3n de vinos; luego nos dirigimos al Oasis de Huacachina, donde podr\u00e1 tomar lindas fotograf\u00edas frente a la majestuosa creaci\u00f3n de la naturaleza; finalmente nos adentraremos en las dunas, donde practicaremos sandboard y veremos el atardecer m\u00e1s hermoso, que se sentir\u00e1 \u00fanico e inigualable. Aunque muchas agencias ofrecen este tour, solo nosotros te daremos un servicio personalizado, \u00fanico y c\u00f3modo.<\/p>\n<h5>Atardecer sobre las dunas de Huacachina<\/h5>\n<p>Este hermoso libro con su hermoso oasis natural de aguas color esmeralda y dunas de arena blanca, el m\u00e1s grande de Am\u00e9rica, te har\u00e1 sentir la adrenalina al m\u00e1ximo. Este es el mejor lugar donde puedes ver la puesta de sol y sentir la ca\u00edda del sol, una sensaci\u00f3n maravillosa donde te sientes \u00fanico en la tierra. Sabemos que ser\u00e1 el momento m\u00e1s importante de sus vidas, la belleza del lugar est\u00e1 rodeada de naturaleza que te dejar\u00e1 boquiabierto. En las dunas de Huacachina Sandboarding practicaremos un deporte que va acompa\u00f1ado de tablas especiales, que descienden de las dunas a toda velocidad; Adem\u00e1s llevaremos unos Buggies, que te permitir\u00e1n vivir un viaje lleno de emoci\u00f3n y momentos inolvidables. una monta\u00f1a rusa de emociones y momentos \u00fanicos e inolvidables.<\/p>\n<h5>Tiempo de Comer o Probar Vinos y Pisco<\/h5>\n<p>Antes de llegar a las dunas podemos detenernos para comer algo t\u00edpico o hacer alguna degustaci\u00f3n de vinos y piscos en un vi\u00f1edo cercano.<\/p>\n<div class=\"ast-oembed-container \" style=\"height: 100%;\"><iframe loading=\"lazy\" title=\"Tour Del Sur Lima - Peru\" width=\"500\" height=\"281\" src=\"https:\/\/www.youtube.com\/embed\/u2_1mfdSy-4?feature=oembed\" frameborder=\"0\" allow=\"accelerometer; autoplay; clipboard-write; encrypted-media; gyroscope; picture-in-picture; web-share\" referrerpolicy=\"strict-origin-when-cross-origin\" allowfullscreen><\/iframe><\/div>\n","protected":false},"excerpt":{"rendered":"<p>NOTA IMPORTANTE Descubra Lima para configurar un recorrido para sus vacaciones inolvidables y agradables. Este tour est\u00e1 dise\u00f1ado para aquellos [&hellip;]<\/p>\n","protected":false},"featured_media":3953,"template":"","meta":{"site-sidebar-layout":"default","site-content-layout":"default","ast-site-content-layout":"default","site-content-style":"default","site-sidebar-style":"default","ast-global-header-display":"","ast-banner-title-visibility":"","ast-main-header-display":"","ast-hfb-above-header-display":"","ast-hfb-below-header-display":"","ast-hfb-mobile-header-display":"","site-post-title":"","ast-breadcrumbs-content":"","ast-featured-img":"","footer-sml-layout":"","ast-disable-related-posts":"","theme-transparent-header-meta":"default","adv-header-id-meta":"","stick-header-meta":"default","header-above-stick-meta":"","header-main-stick-meta":"","header-below-stick-meta":"","astra-migrate-meta-layouts":"default","ast-page-background-enabled":"default","ast-page-background-meta":{"desktop":{"background-color":"var(--ast-global-color-5)","background-image":"","background-repeat":"repeat","background-position":"center center","background-size":"auto","background-attachment":"scroll","background-type":"","background-media":"","overlay-type":"","overlay-color":"","overlay-opacity":"","overlay-gradient":""},"tablet":{"background-color":"","background-image":"","background-repeat":"repeat","background-position":"center center","background-size":"auto","background-attachment":"scroll","background-type":"","background-media":"","overlay-type":"","overlay-color":"","overlay-opacity":"","overlay-gradient":""},"mobile":{"background-color":"","background-image":"","background-repeat":"repeat","background-position":"center center","background-size":"auto","background-attachment":"scroll","background-type":"","background-media":"","overlay-type":"","overlay-color":"","overlay-opacity":"","overlay-gradient":""}},"ast-content-background-meta":{"desktop":{"background-color":"var(--ast-global-color-4)","background-image":"","background-repeat":"repeat","background-position":"center center","background-size":"auto","background-attachment":"scroll","background-type":"","background-media":"","overlay-type":"","overlay-color":"","overlay-opacity":"","overlay-gradient":""},"tablet":{"background-color":"var(--ast-global-color-4)","background-image":"","background-repeat":"repeat","background-position":"center center","background-size":"auto","background-attachment":"scroll","background-type":"","background-media":"","overlay-type":"","overlay-color":"","overlay-opacity":"","overlay-gradient":""},"mobile":{"background-color":"var(--ast-global-color-4)","background-image":"","background-repeat":"repeat","background-position":"center center","background-size":"auto","background-attachment":"scroll","background-type":"","background-media":"","overlay-type":"","overlay-color":"","overlay-opacity":"","overlay-gradient":""}},"_joinchat":[]},"product_brand":[],"product_cat":[52],"product_tag":[],"class_list":{"0":"post-1029","1":"product","2":"type-product","3":"status-publish","4":"has-post-thumbnail","6":"product_cat-paracas-es","7":"desktop-align-left","8":"tablet-align-left","9":"mobile-align-left","11":"first","12":"instock","13":"shipping-taxable","14":"purchasable","15":"product-type-simple"},"yoast_head":"<!-- This site is optimized with the Yoast SEO plugin v27.1.1 - https:\/\/yoast.com\/product\/yoast-seo-wordpress\/ -->\n<title>Atardecer Sobre las Dunas de Huacachina - LIMA DISCOVER - Tours en Lima - Huacachina - Tours Aeropuerto - City Tour<\/title>\n<meta name=\"robots\" content=\"index, follow, max-snippet:-1, max-image-preview:large, max-video-preview:-1\" \/>\n<link rel=\"canonical\" href=\"https:\/\/www.limadiscover.com\/tour\/sunset-over-the-dunes-of-huacachina\/\" \/>\n<meta property=\"og:locale\" content=\"es_ES\" \/>\n<meta property=\"og:type\" content=\"article\" \/>\n<meta property=\"og:title\" content=\"Atardecer Sobre las Dunas de Huacachina - LIMA DISCOVER - Tours en Lima - Huacachina - Tours Aeropuerto - City Tour\" \/>\n<meta property=\"og:description\" content=\"NOTA IMPORTANTE Descubra Lima para configurar un recorrido para sus vacaciones inolvidables y agradables. Este tour est\u00e1 dise\u00f1ado para aquellos [&hellip;]\" \/>\n<meta property=\"og:url\" content=\"https:\/\/www.limadiscover.com\/tour\/sunset-over-the-dunes-of-huacachina\/\" \/>\n<meta property=\"og:site_name\" content=\"LIMA DISCOVER - Tours en Lima - Huacachina - Tours Aeropuerto - City Tour\" \/>\n<meta property=\"article:modified_time\" content=\"2022-07-11T16:08:13+00:00\" \/>\n<meta property=\"og:image\" content=\"https:\/\/www.limadiscover.com\/wp-content\/uploads\/2022\/05\/IMG-20190907-WA0013.jpg\" \/>\n\t<meta property=\"og:image:width\" content=\"1280\" \/>\n\t<meta property=\"og:image:height\" content=\"720\" \/>\n\t<meta property=\"og:image:type\" content=\"image\/jpeg\" \/>\n<meta name=\"twitter:card\" content=\"summary_large_image\" \/>\n<meta name=\"twitter:label1\" content=\"Tiempo de lectura\" \/>\n\t<meta name=\"twitter:data1\" content=\"2 minutos\" \/>\n<script type=\"application\/ld+json\" class=\"yoast-schema-graph\">{\"@context\":\"https:\/\/schema.org\",\"@graph\":[{\"@type\":\"WebPage\",\"@id\":\"https:\/\/www.limadiscover.com\/tour\/sunset-over-the-dunes-of-huacachina\/\",\"url\":\"https:\/\/www.limadiscover.com\/tour\/sunset-over-the-dunes-of-huacachina\/\",\"name\":\"Atardecer Sobre las Dunas de Huacachina - LIMA DISCOVER - Tours en Lima - Huacachina - Tours Aeropuerto - City Tour\",\"isPartOf\":{\"@id\":\"https:\/\/www.limadiscover.com\/#website\"},\"primaryImageOfPage\":{\"@id\":\"https:\/\/www.limadiscover.com\/tour\/sunset-over-the-dunes-of-huacachina\/#primaryimage\"},\"image\":{\"@id\":\"https:\/\/www.limadiscover.com\/tour\/sunset-over-the-dunes-of-huacachina\/#primaryimage\"},\"thumbnailUrl\":\"https:\/\/www.limadiscover.com\/wp-content\/uploads\/2022\/05\/20250517_1738561-scaled.jpg\",\"datePublished\":\"2022-06-30T13:26:46+00:00\",\"dateModified\":\"2022-07-11T16:08:13+00:00\",\"breadcrumb\":{\"@id\":\"https:\/\/www.limadiscover.com\/tour\/sunset-over-the-dunes-of-huacachina\/#breadcrumb\"},\"inLanguage\":\"es\",\"potentialAction\":[{\"@type\":\"ReadAction\",\"target\":[\"https:\/\/www.limadiscover.com\/tour\/sunset-over-the-dunes-of-huacachina\/\"]}]},{\"@type\":\"ImageObject\",\"inLanguage\":\"es\",\"@id\":\"https:\/\/www.limadiscover.com\/tour\/sunset-over-the-dunes-of-huacachina\/#primaryimage\",\"url\":\"https:\/\/www.limadiscover.com\/wp-content\/uploads\/2022\/05\/20250517_1738561-scaled.jpg\",\"contentUrl\":\"https:\/\/www.limadiscover.com\/wp-content\/uploads\/2022\/05\/20250517_1738561-scaled.jpg\",\"width\":2560,\"height\":1196,\"caption\":\"sunset huacachina\"},{\"@type\":\"BreadcrumbList\",\"@id\":\"https:\/\/www.limadiscover.com\/tour\/sunset-over-the-dunes-of-huacachina\/#breadcrumb\",\"itemListElement\":[{\"@type\":\"ListItem\",\"position\":1,\"name\":\"Home\",\"item\":\"https:\/\/www.limadiscover.com\/\"},{\"@type\":\"ListItem\",\"position\":2,\"name\":\"Tours\",\"item\":\"https:\/\/www.limadiscover.com\/tours\/\"},{\"@type\":\"ListItem\",\"position\":3,\"name\":\"Atardecer Sobre las Dunas de Huacachina\"}]},{\"@type\":\"WebSite\",\"@id\":\"https:\/\/www.limadiscover.com\/#website\",\"url\":\"https:\/\/www.limadiscover.com\/\",\"name\":\"LIMA DISCOVER - Tours en Lima - Huacachina - Tours Aeropuerto - City Tour\",\"description\":\"\",\"publisher\":{\"@id\":\"https:\/\/www.limadiscover.com\/#organization\"},\"potentialAction\":[{\"@type\":\"SearchAction\",\"target\":{\"@type\":\"EntryPoint\",\"urlTemplate\":\"https:\/\/www.limadiscover.com\/?s={search_term_string}\"},\"query-input\":{\"@type\":\"PropertyValueSpecification\",\"valueRequired\":true,\"valueName\":\"search_term_string\"}}],\"inLanguage\":\"es\"},{\"@type\":\"Organization\",\"@id\":\"https:\/\/www.limadiscover.com\/#organization\",\"name\":\"LIMA DISCOVER - Tours en Lima - Huacachina - Tours Aeropuerto - City Tour\",\"url\":\"https:\/\/www.limadiscover.com\/\",\"logo\":{\"@type\":\"ImageObject\",\"inLanguage\":\"es\",\"@id\":\"https:\/\/www.limadiscover.com\/#\/schema\/logo\/image\/\",\"url\":\"https:\/\/www.limadiscover.com\/wp-content\/uploads\/2022\/05\/Logo-moderno-de-Tours-Lima-Discover.png\",\"contentUrl\":\"https:\/\/www.limadiscover.com\/wp-content\/uploads\/2022\/05\/Logo-moderno-de-Tours-Lima-Discover.png\",\"width\":1536,\"height\":1024,\"caption\":\"LIMA DISCOVER - Tours en Lima - Huacachina - Tours Aeropuerto - City Tour\"},\"image\":{\"@id\":\"https:\/\/www.limadiscover.com\/#\/schema\/logo\/image\/\"}}]}<\/script>\n<!-- \/ Yoast SEO plugin. -->","yoast_head_json":{"title":"Atardecer Sobre las Dunas de Huacachina - LIMA DISCOVER - Tours en Lima - Huacachina - Tours Aeropuerto - City Tour","robots":{"index":"index","follow":"follow","max-snippet":"max-snippet:-1","max-image-preview":"max-image-preview:large","max-video-preview":"max-video-preview:-1"},"canonical":"https:\/\/www.limadiscover.com\/tour\/sunset-over-the-dunes-of-huacachina\/","og_locale":"es_ES","og_type":"article","og_title":"Atardecer Sobre las Dunas de Huacachina - LIMA DISCOVER - Tours en Lima - Huacachina - Tours Aeropuerto - City Tour","og_description":"NOTA IMPORTANTE Descubra Lima para configurar un recorrido para sus vacaciones inolvidables y agradables. Este tour est\u00e1 dise\u00f1ado para aquellos [&hellip;]","og_url":"https:\/\/www.limadiscover.com\/tour\/sunset-over-the-dunes-of-huacachina\/","og_site_name":"LIMA DISCOVER - Tours en Lima - Huacachina - Tours Aeropuerto - City Tour","article_modified_time":"2022-07-11T16:08:13+00:00","og_image":[{"width":1280,"height":720,"url":"https:\/\/www.limadiscover.com\/wp-content\/uploads\/2022\/05\/IMG-20190907-WA0013.jpg","type":"image\/jpeg"}],"twitter_card":"summary_large_image","twitter_misc":{"Tiempo de lectura":"2 minutos"},"schema":{"@context":"https:\/\/schema.org","@graph":[{"@type":"WebPage","@id":"https:\/\/www.limadiscover.com\/tour\/sunset-over-the-dunes-of-huacachina\/","url":"https:\/\/www.limadiscover.com\/tour\/sunset-over-the-dunes-of-huacachina\/","name":"Atardecer Sobre las Dunas de Huacachina - LIMA DISCOVER - Tours en Lima - Huacachina - Tours Aeropuerto - City Tour","isPartOf":{"@id":"https:\/\/www.limadiscover.com\/#website"},"primaryImageOfPage":{"@id":"https:\/\/www.limadiscover.com\/tour\/sunset-over-the-dunes-of-huacachina\/#primaryimage"},"image":{"@id":"https:\/\/www.limadiscover.com\/tour\/sunset-over-the-dunes-of-huacachina\/#primaryimage"},"thumbnailUrl":"https:\/\/www.limadiscover.com\/wp-content\/uploads\/2022\/05\/20250517_1738561-scaled.jpg","datePublished":"2022-06-30T13:26:46+00:00","dateModified":"2022-07-11T16:08:13+00:00","breadcrumb":{"@id":"https:\/\/www.limadiscover.com\/tour\/sunset-over-the-dunes-of-huacachina\/#breadcrumb"},"inLanguage":"es","potentialAction":[{"@type":"ReadAction","target":["https:\/\/www.limadiscover.com\/tour\/sunset-over-the-dunes-of-huacachina\/"]}]},{"@type":"ImageObject","inLanguage":"es","@id":"https:\/\/www.limadiscover.com\/tour\/sunset-over-the-dunes-of-huacachina\/#primaryimage","url":"https:\/\/www.limadiscover.com\/wp-content\/uploads\/2022\/05\/20250517_1738561-scaled.jpg","contentUrl":"https:\/\/www.limadiscover.com\/wp-content\/uploads\/2022\/05\/20250517_1738561-scaled.jpg","width":2560,"height":1196,"caption":"sunset huacachina"},{"@type":"BreadcrumbList","@id":"https:\/\/www.limadiscover.com\/tour\/sunset-over-the-dunes-of-huacachina\/#breadcrumb","itemListElement":[{"@type":"ListItem","position":1,"name":"Home","item":"https:\/\/www.limadiscover.com\/"},{"@type":"ListItem","position":2,"name":"Tours","item":"https:\/\/www.limadiscover.com\/tours\/"},{"@type":"ListItem","position":3,"name":"Atardecer Sobre las Dunas de Huacachina"}]},{"@type":"WebSite","@id":"https:\/\/www.limadiscover.com\/#website","url":"https:\/\/www.limadiscover.com\/","name":"LIMA DISCOVER - Tours en Lima - Huacachina - Tours Aeropuerto - City Tour","description":"","publisher":{"@id":"https:\/\/www.limadiscover.com\/#organization"},"potentialAction":[{"@type":"SearchAction","target":{"@type":"EntryPoint","urlTemplate":"https:\/\/www.limadiscover.com\/?s={search_term_string}"},"query-input":{"@type":"PropertyValueSpecification","valueRequired":true,"valueName":"search_term_string"}}],"inLanguage":"es"},{"@type":"Organization","@id":"https:\/\/www.limadiscover.com\/#organization","name":"LIMA DISCOVER - Tours en Lima - Huacachina - Tours Aeropuerto - City Tour","url":"https:\/\/www.limadiscover.com\/","logo":{"@type":"ImageObject","inLanguage":"es","@id":"https:\/\/www.limadiscover.com\/#\/schema\/logo\/image\/","url":"https:\/\/www.limadiscover.com\/wp-content\/uploads\/2022\/05\/Logo-moderno-de-Tours-Lima-Discover.png","contentUrl":"https:\/\/www.limadiscover.com\/wp-content\/uploads\/2022\/05\/Logo-moderno-de-Tours-Lima-Discover.png","width":1536,"height":1024,"caption":"LIMA DISCOVER - Tours en Lima - Huacachina - Tours Aeropuerto - City Tour"},"image":{"@id":"https:\/\/www.limadiscover.com\/#\/schema\/logo\/image\/"}}]}},"tiered_pricing_type":"fixed","tiered_pricing_fixed_rules":{"2":155,"5":130,"6":120,"8":100},"tiered_pricing_product_settings":{"layout":"default","base_unit_name":{"singular":null,"plural":null},"default_variation":null},"tiered_pricing_minimum_quantity":null,"tiered_pricing_roles_data":[],"tiered_pricing_percentage_rules":[],"_links":{"self":[{"href":"https:\/\/www.limadiscover.com\/es\/wp-json\/wp\/v2\/product\/1029","targetHints":{"allow":["GET"]}}],"collection":[{"href":"https:\/\/www.limadiscover.com\/es\/wp-json\/wp\/v2\/product"}],"about":[{"href":"https:\/\/www.limadiscover.com\/es\/wp-json\/wp\/v2\/types\/product"}],"version-history":[{"count":6,"href":"https:\/\/www.limadiscover.com\/es\/wp-json\/wp\/v2\/product\/1029\/revisions"}],"predecessor-version":[{"id":1309,"href":"https:\/\/www.limadiscover.com\/es\/wp-json\/wp\/v2\/product\/1029\/revisions\/1309"}],"wp:featuredmedia":[{"embeddable":true,"href":"https:\/\/www.limadiscover.com\/es\/wp-json\/wp\/v2\/media\/3953"}],"wp:attachment":[{"href":"https:\/\/www.limadiscover.com\/es\/wp-json\/wp\/v2\/media?parent=1029"}],"wp:term":[{"taxonomy":"product_brand","embeddable":true,"href":"https:\/\/www.limadiscover.com\/es\/wp-json\/wp\/v2\/product_brand?post=1029"},{"taxonomy":"product_cat","embeddable":true,"href":"https:\/\/www.limadiscover.com\/es\/wp-json\/wp\/v2\/product_cat?post=1029"},{"taxonomy":"product_tag","embeddable":true,"href":"https:\/\/www.limadiscover.com\/es\/wp-json\/wp\/v2\/product_tag?post=1029"}],"curies":[{"name":"wp","href":"https:\/\/api.w.org\/{rel}","templated":true}]}}